{"id":67103,"date":"2023-03-22T09:52:39","date_gmt":"2023-03-22T08:52:39","guid":{"rendered":"https:\/\/www.customeeple.com\/?post_type=product&#038;p=67103"},"modified":"2023-09-25T09:45:44","modified_gmt":"2023-09-25T08:45:44","slug":"grecia-base-tops","status":"publish","type":"product","link":"https:\/\/www.customeeple.com\/es\/producto\/grecia-base-tops\/","title":{"rendered":"Grecia clasica Base tops"},"content":{"rendered":"<div class=\"infopreorder\">Por lo general, el tama\u00f1o de la base de una miniatura es diferente al tama\u00f1o de la parte superior de la base, por ejemplo, una base de 30 mm de M2E Malifaux tiene 25 mm dentro del hueco, por lo que si no est\u00e1 seguro de lo que necesita, puedes verificar el tama\u00f1o de correlaci\u00f3n de base con la parte superior de la base<a href=\"http:\/\/www.customeeple.com\/base-top-size-guide\/\">\u00a0aqu\u00ed.<\/a><\/div>\n<p>Estas nuevas bases tem\u00e1ticas griegas cl\u00e1sicas son una adici\u00f3n perfecta para tu colecci\u00f3n de miniaturas, a\u00f1adiendo un toque de elegancia y autenticidad a tus miniaturas inspiradas en la antigua Grecia. Los dise\u00f1os intrincados y realistas con apariencia de m\u00e1rmol te transportar\u00e1n directamente a la era cl\u00e1sica, dando vida a tus miniaturas como nunca antes.<\/p>\n<p>Fabricadas con l\u00e1minas de HDF de alta calidad, estas bases son duraderas y visualmente impresionantes. El uso de MDF para hacer escalones tambi\u00e9n a\u00f1ade una capa extra de dinamismo a tus poses de miniaturas, haciendo que se vean m\u00e1s realistas y cautivadoras.<\/p>\n<p>Es importante tener en cuenta que las variaciones de tama\u00f1o que se indican para estas bases se refieren al tama\u00f1o de la parte superior de la base, en lugar del tama\u00f1o de la base en general. Por ejemplo, una base de 32mm de Warhammer 40K\/Blood Bowl utiliza una parte superior de 29mm, por lo que es importante elegir la parte superior de la base que se ajuste a tu base adecuadamente.<\/p>\n<p>Estas bases pueden utilizarse en una amplia variedad de juegos, y ser\u00edan perfectas para un equipo de Kill-team de Ultramarines, un ej\u00e9rcito de Myrmidones de Infinity, o incluso un equipo de Amazonas tem\u00e1ticas griegas de Blood Bowl. Su dise\u00f1o vers\u00e1til las hace ideales para una variedad de juegos de mesa, a\u00f1adiendo una capa extra de detalle y autenticidad a tu experiencia de juego.<\/p>\n<p>En definitiva, estas bases tem\u00e1ticas griegas cl\u00e1sicas son un imprescindible para cualquier coleccionista de miniaturas o jugador de juegos de mesa que busque a\u00f1adir una capa extra de detalle y autenticidad a su experiencia de juego.<\/p>\n<div class=\"moreinfo\">\n<p><strong>Material:<\/strong> Cart\u00f3n de alta densidad y MDF<\/p>\n<p><strong>Espesor:\u00a0<\/strong>0,32 mm y 2,5mm<strong><br \/>\n<\/strong><\/p>\n<p><strong>Tama\u00f1o:\u00a0<\/strong>Varia<\/p>\n<p><strong>Cantidad:\u00a0<\/strong>2 0 5 cubiertas circulares decorativas<\/p>\n<\/div>\n<p><strong>Nota:\u00a0<\/strong>Este producto se vende sin pintar ni montar. El pintado de la foto es s\u00f3lo una sugerencia de pintado.<\/p>\n","protected":false},"excerpt":{"rendered":"<p>Decoraci\u00f3n para crear bases personalizadas<\/p>\n","protected":false},"featured_media":67107,"template":"","meta":{"_acf_changed":false},"product_brand":[],"product_cat":[304,350,1370,291,1394,2360,1372,1410,1229],"product_tag":[948,2083,1351,2082],"class_list":{"0":"post-67103","1":"product","2":"type-product","3":"status-publish","4":"has-post-thumbnail","6":"product_cat-bases-es","7":"product_cat-bases-es-infinity-es-2","8":"product_cat-customeeple-es","9":"product_cat-infinity-es-2","10":"product_cat-infinity-es","11":"product_cat-productos-oficiales","12":"product_cat-sci-fi-es","13":"product_cat-star-wars-legion-es","14":"product_cat-warhammer-40k-es","15":"product_tag-imperial-assault-es","16":"product_tag-legion-es","17":"product_tag-star-wars-es","18":"product_tag-star-wars-legion-es","19":"pa_bsize-23mm-5-uds","20":"pa_bsize-24mm","21":"pa_bsize-25mm","22":"pa_bsize-26mm-5-units","23":"pa_bsize-31mm-bases-32mm-5-units","24":"pa_bsize-40s","25":"pa_bsize-1082","26":"pa_bsize-50s","27":"pa_bsize-50mm-2-units-swlegion-shape","28":"pa_bsize-567","29":"pa_bsize-s59","30":"pa_bsize-70mm-1-units-swlegion-shape","32":"first","33":"instock","34":"taxable","35":"shipping-taxable","36":"purchasable","37":"product-type-variable"},"exclude_global_add_ons":[],"addons":[],"acf":[],"_links":{"self":[{"href":"https:\/\/www.customeeple.com\/es\/wp-json\/wp\/v2\/product\/67103","targetHints":{"allow":["GET"]}}],"collection":[{"href":"https:\/\/www.customeeple.com\/es\/wp-json\/wp\/v2\/product"}],"about":[{"href":"https:\/\/www.customeeple.com\/es\/wp-json\/wp\/v2\/types\/product"}],"wp:featuredmedia":[{"embeddable":true,"href":"https:\/\/www.customeeple.com\/es\/wp-json\/wp\/v2\/media\/67107"}],"wp:attachment":[{"href":"https:\/\/www.customeeple.com\/es\/wp-json\/wp\/v2\/media?parent=67103"}],"wp:term":[{"taxonomy":"product_brand","embeddable":true,"href":"https:\/\/www.customeeple.com\/es\/wp-json\/wp\/v2\/product_brand?post=67103"},{"taxonomy":"product_cat","embeddable":true,"href":"https:\/\/www.customeeple.com\/es\/wp-json\/wp\/v2\/product_cat?post=67103"},{"taxonomy":"product_tag","embeddable":true,"href":"https:\/\/www.customeeple.com\/es\/wp-json\/wp\/v2\/product_tag?post=67103"}],"curies":[{"name":"wp","href":"https:\/\/api.w.org\/{rel}","templated":true}]}}