{"id":66839,"date":"2023-02-17T17:37:37","date_gmt":"2023-02-17T16:37:37","guid":{"rendered":"https:\/\/www.customeeple.com\/product\/mindbug-spa\/"},"modified":"2023-02-17T17:37:37","modified_gmt":"2023-02-17T16:37:37","slug":"mindbug-spa","status":"publish","type":"product","link":"https:\/\/www.customeeple.com\/es\/producto\/mindbug-spa\/","title":{"rendered":"Mindbug (SPA)"},"content":{"rendered":"<p>Convoca criaturas \u00fanicas y \u00fasalas para combatir y vencer a tu oponente en un duelo de alta intensidad estrat\u00e9gica. Pero ten cuidado, pues en cualquier momento tu rival puede usar uno de sus Mindbug para tomar el control de tus monstruos. Obra del legendario Richard Garfield, creador entre otros muchos juegos del c\u00e9lebre\u00a0<i>Magic: The Gathering<\/i>\u00a0o\u00a0<i>King<\/i>\u00a0<i>of Tokyo<\/i>, Mindbug es un juego de cartas para dos jugadores, a partir de 8 a\u00f1os, que permite partidas de entre 15 y 25 minutos.<\/p>\n<p>Dentro de la caja encontrar\u00e9is 52 cartas con las criaturas m\u00e1s extravagantes que os pod\u00e1is imaginar. \u00bfQuer\u00e9is un oso fusionado con una abeja? \u00bfO un orangut\u00e1n con cabeza de le\u00f3n? Aqu\u00ed los ten\u00e9is. Para empezar a jugar, solo hace falta barajar y repartir. Cada jugador recibe 5 cartas, listas para jugar en la mano, y 5 m\u00e1s que se reservan boca abajo. Este conjunto de 10 cartas forma el plantel de criaturas que enviar\u00e1s a la batalla con el objetivo de derrotar a tu rival. A continuaci\u00f3n, cada jugador toma tres cartas m\u00e1s boca abajo que servir\u00e1n como marcadores de puntos de vida. Finalmente, cada jugador toma dos cartas de Mindbug.<\/p>\n<p>En su turno, los jugadores podr\u00e1n hacer una de las siguientes acciones: jugar una carta o bien atacar con una criatura. Si optan por la primera opci\u00f3n, deber\u00e1n bajar una de las cartas de la mano a la zona de juego. A continuaci\u00f3n, el rival deber\u00e1 decidir si usa uno de sus Mindbug. En el caso de que decida hacerlo, tomar\u00e1 el control de la criatura y resolver\u00e1 sus efectos como si la acabase de jugar desde su mano. A cambio, el jugador activo que ha perdido el control de su carta puede volver a jugar un turno. Por otro lado, si el jugador decide atacar, deber\u00e1 elegir una de las cartas de la zona de juego para luchar. El oponente deber\u00e1 seleccionar una de sus criaturas para bloquear el golpe o perder una vida. Si se enfrentan dos monstruos, ganar\u00e1 el que tenga el valor de poder m\u00e1s alto. Y si uno de los jugadores pierde sus 3 puntos de vida\u2026 \u00a1La partida termina!<\/p>\n<p>Las cartas que forman el juego tienen habilidades distintas que se adaptan a infinitas estrategias. El frenes\u00ed permite a un monstruo atacar dos veces, el sigilo hace que solo otras criaturas sigilosas le puedan bloquear, los cazadores pueden atacar a cartas del oponente\u2026 En una sola partida ambos jugadores solo usan 20 cartas (10 cada uno), con lo que siempre quedar\u00e1n criaturas fuera y, por tanto, las combinaciones de monstruos ser\u00e1n \u00fanicas y aleatorias en cada duelo.<\/p>\n<p>Mindbug combina la accesibilidad y el equilibrio de todo juego de naipes con la profundidad de un juego estrat\u00e9gico de cartas. El resultado es un duelo de habilidad con un punto bizarro que no se parece a ning\u00fan otro juego de cartas que hayas probado.<\/p>\n<p>Aunque sea muy f\u00e1cil aprender y empezar a jugar, Mindbug har\u00e1 volar tu mente con la cantidad de combos que ofrece. Una de las mec\u00e1nicas m\u00e1s especiales del juego te permite controlar las cartas de tu rival, con lo que incluso los m\u00e1s veteranos deber\u00e1n adaptarse a cada situaci\u00f3n si quieren ganar. No solo juegas con tus 10 cartas, tambi\u00e9n lo haces con las del rival. Y no basta con tener las mejores cartas\u2026 \u00a1Si no saber cu\u00e1ndo hay que jugarlas!<\/p>\n","protected":false},"excerpt":{"rendered":"<p>Convoca criaturas \u00fanicas y \u00fasalas para combatir y vencer a tu oponente en un duelo de alta intensidad estrat\u00e9gica. Pero ten cuidado, pues en cualquier momento tu rival puede usar uno de sus Mindbug para tomar el control de tus monstruos. Obra del legendario Richard Garfield, creador entre otros muchos juegos del c\u00e9lebre\u00a0Magic: The Gathering\u00a0o\u00a0King\u00a0of [&hellip;]<\/p>\n","protected":false},"featured_media":66835,"template":"","meta":{"_acf_changed":false},"product_brand":[],"product_cat":[2344,1561,1557,1653,1180],"product_tag":[],"class_list":{"0":"post-66839","1":"product","2":"type-product","3":"status-publish","4":"has-post-thumbnail","6":"product_cat-devir-es","7":"product_cat-familiar-es","8":"product_cat-card-game-es","9":"product_cat-boardgames","10":"product_cat-retail-products-es","12":"first","13":"onbackorder","14":"sale","15":"taxable","16":"shipping-taxable","17":"purchasable","18":"product-type-simple"},"exclude_global_add_ons":[],"addons":[],"acf":[],"_links":{"self":[{"href":"https:\/\/www.customeeple.com\/es\/wp-json\/wp\/v2\/product\/66839","targetHints":{"allow":["GET"]}}],"collection":[{"href":"https:\/\/www.customeeple.com\/es\/wp-json\/wp\/v2\/product"}],"about":[{"href":"https:\/\/www.customeeple.com\/es\/wp-json\/wp\/v2\/types\/product"}],"wp:featuredmedia":[{"embeddable":true,"href":"https:\/\/www.customeeple.com\/es\/wp-json\/wp\/v2\/media\/66835"}],"wp:attachment":[{"href":"https:\/\/www.customeeple.com\/es\/wp-json\/wp\/v2\/media?parent=66839"}],"wp:term":[{"taxonomy":"product_brand","embeddable":true,"href":"https:\/\/www.customeeple.com\/es\/wp-json\/wp\/v2\/product_brand?post=66839"},{"taxonomy":"product_cat","embeddable":true,"href":"https:\/\/www.customeeple.com\/es\/wp-json\/wp\/v2\/product_cat?post=66839"},{"taxonomy":"product_tag","embeddable":true,"href":"https:\/\/www.customeeple.com\/es\/wp-json\/wp\/v2\/product_tag?post=66839"}],"curies":[{"name":"wp","href":"https:\/\/api.w.org\/{rel}","templated":true}]}}