{"id":66838,"date":"2023-02-17T17:37:25","date_gmt":"2023-02-17T16:37:25","guid":{"rendered":"https:\/\/www.customeeple.com\/product\/exit-sombras-sobre-la-tierra-media\/"},"modified":"2023-02-17T17:37:25","modified_gmt":"2023-02-17T16:37:25","slug":"exit-sombras-sobre-la-tierra-media","status":"publish","type":"product","link":"https:\/\/www.customeeple.com\/es\/producto\/exit-sombras-sobre-la-tierra-media\/","title":{"rendered":"Exit: Sombras sobre la Tierra Media (SPA)"},"content":{"rendered":"<p>\u00a1La Tierra Media corre un grave peligro! Frodo y la Comunidad se dirigen hacia Mordor para destruir el Anillo \u00danico. \u00a1Pero necesitan vuestra ayuda! Poneos en marcha y cumplid las misiones que Gandalf os encomendar\u00e1. \u00bfConseguir\u00e9is ganar tiempo suficiente para que Frodo pueda llegar al Monte del Destino?<\/p>\n<p>Exit: El Se\u00f1or de los Anillos, sombras sobre la Tierra Media es un juego de escape cooperativo dise\u00f1ado por Inka y Markus Brand, inspirado en el universo de fantas\u00eda \u00e9pica creado por J.R.R. Tolkien. Se puede disfrutar en solitario o en un grupo de hasta 4 personas, a partir 10 a\u00f1os, en partidas que pueden durar entre 60 y 90 minutos. A trav\u00e9s de 90 cartas, un cuaderno y algunos objetos especiales, los jugadores podr\u00e1n explorar e interactuar con el entorno y todo lo que vayan encontrando en su camino para tener \u00e9xito en la aventura.<\/p>\n<p>La saga de juegos Exit nos trae en cada caja todo lo necesario para vivir la emoci\u00f3n de las mejores Escape room o salas de escape desde el sal\u00f3n de casa. Cada t\u00edtulo tiene una tem\u00e1tica y una historia completamente diferente en la que los jugadores son los protagonistas. Una aventura ideal para pasar una divertida tarde en solitario, en familia o entre amigos que pondr\u00e1 a prueba la capacidad de observaci\u00f3n, el ingenio y la creatividad de todos los participantes. El formato compacto y port\u00e1til de la caja convierten este juego en un compa\u00f1ero ideal para cualquier viaje.<\/p>\n<p>Con una dificultad de nivel principiante, Exit: El se\u00f1or de los Anillos, sombras sobre la Tierra Media es un t\u00edtulo ideal para iniciarse en los juegos de aventuras de escape. Prestar atenci\u00f3n a los detalles, la buena comunicaci\u00f3n entre los miembros del equipo y afilar la capacidad de deducci\u00f3n ser\u00e1n las claves que os permitir\u00e1n tener \u00e9xito y conquistar la victoria. Explora los rincones m\u00e1s ic\u00f3nicos de la Tierra Media, revela sus misterios ancestrales, resuelve sus enigmas y evita el peligro para ayudar a Frodo a completar su misi\u00f3n.<\/p>\n","protected":false},"excerpt":{"rendered":"<p>\u00a1La Tierra Media corre un grave peligro! Frodo y la Comunidad se dirigen hacia Mordor para destruir el Anillo \u00danico. \u00a1Pero necesitan vuestra ayuda! Poneos en marcha y cumplid las misiones que Gandalf os encomendar\u00e1. \u00bfConseguir\u00e9is ganar tiempo suficiente para que Frodo pueda llegar al Monte del Destino? Exit: El Se\u00f1or de los Anillos, sombras [&hellip;]<\/p>\n","protected":false},"featured_media":66837,"template":"","meta":{"_acf_changed":false},"product_brand":[],"product_cat":[2003,2344,1653,1180],"product_tag":[],"class_list":{"0":"post-66838","1":"product","2":"type-product","3":"status-publish","4":"has-post-thumbnail","6":"product_cat-cooperative-es","7":"product_cat-devir-es","8":"product_cat-boardgames","9":"product_cat-retail-products-es","11":"first","12":"onbackorder","13":"sale","14":"taxable","15":"shipping-taxable","16":"purchasable","17":"product-type-simple"},"exclude_global_add_ons":[],"addons":[],"acf":[],"_links":{"self":[{"href":"https:\/\/www.customeeple.com\/es\/wp-json\/wp\/v2\/product\/66838","targetHints":{"allow":["GET"]}}],"collection":[{"href":"https:\/\/www.customeeple.com\/es\/wp-json\/wp\/v2\/product"}],"about":[{"href":"https:\/\/www.customeeple.com\/es\/wp-json\/wp\/v2\/types\/product"}],"wp:featuredmedia":[{"embeddable":true,"href":"https:\/\/www.customeeple.com\/es\/wp-json\/wp\/v2\/media\/66837"}],"wp:attachment":[{"href":"https:\/\/www.customeeple.com\/es\/wp-json\/wp\/v2\/media?parent=66838"}],"wp:term":[{"taxonomy":"product_brand","embeddable":true,"href":"https:\/\/www.customeeple.com\/es\/wp-json\/wp\/v2\/product_brand?post=66838"},{"taxonomy":"product_cat","embeddable":true,"href":"https:\/\/www.customeeple.com\/es\/wp-json\/wp\/v2\/product_cat?post=66838"},{"taxonomy":"product_tag","embeddable":true,"href":"https:\/\/www.customeeple.com\/es\/wp-json\/wp\/v2\/product_tag?post=66838"}],"curies":[{"name":"wp","href":"https:\/\/api.w.org\/{rel}","templated":true}]}}