{"id":66822,"date":"2023-02-15T17:39:20","date_gmt":"2023-02-15T16:39:20","guid":{"rendered":"https:\/\/www.customeeple.com\/product\/codex-astra-miilitarumn-spa\/"},"modified":"2026-03-26T11:55:07","modified_gmt":"2026-03-26T10:55:07","slug":"codex-astra-miilitarumn-spa","status":"publish","type":"product","link":"https:\/\/www.customeeple.com\/es\/producto\/codex-astra-miilitarumn-spa\/","title":{"rendered":"Codex: Astra Miilitarum (SPA)"},"content":{"rendered":"<p>El Astra Militarum es la mayor fuerza de combate organizada de la galaxia. Alimentados por un diezmo constante de soldados procedentes de cientos de miles de mundos, sus regimientos forman el grueso del poder marcial de la Humanidad. En incontables mundos, los soldados mortales del Astra Militarum marchan en miles de millones a la guerra, con rifles l\u00e1ser y bayonetas preparadas para enfrentarse a cualquier enemigo.<\/p>\n<p>Bater\u00edas de artiller\u00eda pesada lanzan innumerables toneladas de proyectiles contra el enemigo, puntas de lanza de tanques fuertemente blindados avanzan imparables, con sus ca\u00f1ones rugiendo, escuadras de caballer\u00eda montan r\u00e1pidas contracargas en los flancos, mientras escuadras de agentes de \u00e9lite descienden de ca\u00f1oneras en misiones de vital importancia. Mientras tanto, los oficiales a\u00f1aden sus \u00f3rdenes a gritos a la gran cacofon\u00eda de la guerra, exhortando a sus tropas a luchar con m\u00e1s ah\u00ednco. Empu\u00f1ado con la voluntad adecuada, el Astra Militarum pulveriza todo lo que se interponga entre ellos y la victoria.<\/p>\n<p>Este libro es una gu\u00eda esencial para los aspirantes a general del Astra Militarum. En estas p\u00e1ginas, encontrar\u00e1s todas las reglas que necesitas para jugar con un ej\u00e9rcito de la Guardia Imperial (incluyendo sus muchas subdivisiones y legendarios regimientos) junto con una larga lista de honor e historia de deber y sacrificio, arte \u00e9pico que transmite la incre\u00edble escala de estos ej\u00e9rcitos, y mucho m\u00e1s.<\/p>\n<p><strong>En el interior de este libro de tapa dura de 152 p\u00e1ginas, en edici\u00f3n para coleccionistas, encontrar\u00e1s:<\/strong><br \/>\n&#8211; Informaci\u00f3n detallada sobre la historia, las pr\u00e1cticas militares y los regimientos m\u00e1s famosos del Astra Militarum.<br \/>\n&#8211; Impresionantes ilustraciones que destacan la desconcertante variedad y el vasto alcance de los interminables ej\u00e9rcitos de la Guardia Imperial<br \/>\n&#8211; Todas las reglas que necesitas para jugar con un ej\u00e9rcito del Astra Militarum, incluyendo 51 hojas de datos que cubren desde las Tropas de Choque Cadianas hasta el poderoso Tanque de Batalla Rogal Dorn, as\u00ed como 18 \u00d3rdenes diferentes, Doctrinas de Regimiento personalizables, mejoras de As de Tanque, estratagemas y mucho m\u00e1s.<br \/>\n&#8211; Reglas para campa\u00f1as de Cruzada y partidas narrativas que te permitir\u00e1n embarcarte en misiones y ganar condecoraciones oficiales.<br \/>\n&#8211; Una galer\u00eda del Studio de &#8216;Eavy Metal con miniaturas Citadel magn\u00edficamente pintadas, que muestran los muchos regimientos famosos de la Guardia Imperial<\/p>\n<p>Con este libro, tambi\u00e9n recibir\u00e1s un c\u00f3digo para desbloquear el contenido del\u00a0<em>Codex: Astra Militarum<\/em>\u00a0en Warhammer 40,000: The App.<\/p>\n","protected":false},"excerpt":{"rendered":"<p>El Astra Militarum es la mayor fuerza de combate organizada de la galaxia. Alimentados por un diezmo constante de soldados procedentes de cientos de miles de mundos, sus regimientos forman el grueso del poder marcial de la Humanidad. En incontables mundos, los soldados mortales del Astra Militarum marchan en miles de millones a la guerra, [&hellip;]<\/p>\n","protected":false},"featured_media":66800,"template":"","meta":{"_acf_changed":false},"product_brand":[],"product_cat":[1177,1180,1623,1229],"product_tag":[],"class_list":{"0":"post-66822","1":"product","2":"type-product","3":"status-publish","4":"has-post-thumbnail","6":"product_cat-games-workshop-es","7":"product_cat-retail-products-es","8":"product_cat-wargames-es-2","9":"product_cat-warhammer-40k-es","11":"first","12":"onbackorder","13":"sale","14":"taxable","15":"shipping-taxable","16":"purchasable","17":"product-type-simple"},"exclude_global_add_ons":[],"addons":[],"acf":[],"_links":{"self":[{"href":"https:\/\/www.customeeple.com\/es\/wp-json\/wp\/v2\/product\/66822","targetHints":{"allow":["GET"]}}],"collection":[{"href":"https:\/\/www.customeeple.com\/es\/wp-json\/wp\/v2\/product"}],"about":[{"href":"https:\/\/www.customeeple.com\/es\/wp-json\/wp\/v2\/types\/product"}],"wp:featuredmedia":[{"embeddable":true,"href":"https:\/\/www.customeeple.com\/es\/wp-json\/wp\/v2\/media\/66800"}],"wp:attachment":[{"href":"https:\/\/www.customeeple.com\/es\/wp-json\/wp\/v2\/media?parent=66822"}],"wp:term":[{"taxonomy":"product_brand","embeddable":true,"href":"https:\/\/www.customeeple.com\/es\/wp-json\/wp\/v2\/product_brand?post=66822"},{"taxonomy":"product_cat","embeddable":true,"href":"https:\/\/www.customeeple.com\/es\/wp-json\/wp\/v2\/product_cat?post=66822"},{"taxonomy":"product_tag","embeddable":true,"href":"https:\/\/www.customeeple.com\/es\/wp-json\/wp\/v2\/product_tag?post=66822"}],"curies":[{"name":"wp","href":"https:\/\/api.w.org\/{rel}","templated":true}]}}