{"id":66819,"date":"2023-02-11T21:00:44","date_gmt":"2023-02-11T20:00:44","guid":{"rendered":"https:\/\/www.customeeple.com\/product\/formula\/"},"modified":"2023-02-11T21:00:44","modified_gmt":"2023-02-11T20:00:44","slug":"formula","status":"publish","type":"product","link":"https:\/\/www.customeeple.com\/es\/producto\/formula\/","title":{"rendered":"F\u00f3rmula (SPA)"},"content":{"rendered":"<h2><strong>\u00a1Un juego familiar muy matem\u00e1tico y divertido!<\/strong><\/h2>\n<p>Juega hasta 3 n\u00fameros de tu mano y cambia el signo de operaci\u00f3n para crear una nueva igualdad correcta. Quien antes se deshaga de las cartas de su mano, \u00a1habr\u00e1 ganado!<\/p>\n<p><strong>F\u00f3rmula<\/strong>\u00a0es un\u00a0<strong>juego educativo<\/strong>\u00a0en el que tendr\u00e1s que utilizar los\u00a0<strong>n\u00fameros<\/strong>\u00a0de tu mano junto con los\u00a0<strong>signos de operaciones<\/strong>\u00a0para crear una nueva\u00a0<strong>igualdad<\/strong>\u00a0correcta. El juego base est\u00e1 indicado para un\u00a0<strong>nivel de primaria<\/strong>\u00a0(7 a 12 a\u00f1os) y permite formar las igualdades con suma, resta, multiplicaci\u00f3n y divisi\u00f3n.<\/p>\n<p>Se incluye tambi\u00e9n la\u00a0<strong>expansi\u00f3n<\/strong>\u00a0\u201cM\u00e1s F\u00f3rmula\u201d, pensada para un\u00a0<strong>nivel de secundaria<\/strong>\u00a0(12 a 16 a\u00f1os), y que a\u00f1ade n\u00fameros negativos, fracciones, ra\u00edces cuadradas y cuadrados.<\/p>\n<ul>\n<li><strong>Juega hasta 3 n\u00fameros<\/strong>\u00a0de tu mano.<\/li>\n<li>Cambia el\u00a0<strong>signo de operaci\u00f3n<\/strong>\u00a0para crear una nueva\u00a0<strong>igualdad<\/strong>.<\/li>\n<li>Mejora tu<strong>\u00a0habilidad matem\u00e1tica<\/strong>.<\/li>\n<\/ul>\n<p>\u00a1Quien dijo que las matem\u00e1ticas eran aburridas no conoc\u00eda F\u00f3rmula!<\/p>\n","protected":false},"excerpt":{"rendered":"<p>\u00a1Un juego familiar muy matem\u00e1tico y divertido! Juega hasta 3 n\u00fameros de tu mano y cambia el signo de operaci\u00f3n para crear una nueva igualdad correcta. Quien antes se deshaga de las cartas de su mano, \u00a1habr\u00e1 ganado! F\u00f3rmula\u00a0es un\u00a0juego educativo\u00a0en el que tendr\u00e1s que utilizar los\u00a0n\u00fameros\u00a0de tu mano junto con los\u00a0signos de operaciones\u00a0para crear [&hellip;]<\/p>\n","protected":false},"featured_media":66816,"template":"","meta":{"_acf_changed":false},"product_brand":[],"product_cat":[1557,1653,1180,2346],"product_tag":[],"class_list":{"0":"post-66819","1":"product","2":"type-product","3":"status-publish","4":"has-post-thumbnail","6":"product_cat-card-game-es","7":"product_cat-boardgames","8":"product_cat-retail-products-es","9":"product_cat-tranjis-es","11":"first","12":"instock","13":"sale","14":"taxable","15":"shipping-taxable","16":"purchasable","17":"product-type-simple"},"exclude_global_add_ons":[],"addons":[],"acf":[],"_links":{"self":[{"href":"https:\/\/www.customeeple.com\/es\/wp-json\/wp\/v2\/product\/66819","targetHints":{"allow":["GET"]}}],"collection":[{"href":"https:\/\/www.customeeple.com\/es\/wp-json\/wp\/v2\/product"}],"about":[{"href":"https:\/\/www.customeeple.com\/es\/wp-json\/wp\/v2\/types\/product"}],"wp:featuredmedia":[{"embeddable":true,"href":"https:\/\/www.customeeple.com\/es\/wp-json\/wp\/v2\/media\/66816"}],"wp:attachment":[{"href":"https:\/\/www.customeeple.com\/es\/wp-json\/wp\/v2\/media?parent=66819"}],"wp:term":[{"taxonomy":"product_brand","embeddable":true,"href":"https:\/\/www.customeeple.com\/es\/wp-json\/wp\/v2\/product_brand?post=66819"},{"taxonomy":"product_cat","embeddable":true,"href":"https:\/\/www.customeeple.com\/es\/wp-json\/wp\/v2\/product_cat?post=66819"},{"taxonomy":"product_tag","embeddable":true,"href":"https:\/\/www.customeeple.com\/es\/wp-json\/wp\/v2\/product_tag?post=66819"}],"curies":[{"name":"wp","href":"https:\/\/api.w.org\/{rel}","templated":true}]}}