{"id":66810,"date":"2023-02-08T20:44:17","date_gmt":"2023-02-08T19:44:17","guid":{"rendered":"https:\/\/www.customeeple.com\/product\/world-eaters-khorne-berzerkers\/"},"modified":"2023-11-23T00:00:24","modified_gmt":"2023-11-22T23:00:24","slug":"world-eaters-khorne-berzerkers","status":"publish","type":"product","link":"https:\/\/www.customeeple.com\/es\/producto\/world-eaters-khorne-berzerkers\/","title":{"rendered":"World Eaters: Khorne Berzerkers"},"content":{"rendered":"<p>Los Bers\u00e9rkeres de Khorne se deleitan en su rol de sagrados destructores del Dios de la Sangre, y su fanatismo es temido en toda la galaxia. La ira disforme de estos guerreros superlativos les lleva a un frenes\u00ed asesino en movimiento. Aquellos que les hacen frente en batalla son masacrados bajo una lluvia de furiosos golpes de armas sierra, cada uno de ellos lo bastante poderoso como para cercenar extremidades, decapitar cabezas y atravesar las placas de armadura pesada.<\/p>\n<p>Este kit de pl\u00e1stico multicomponente permite montar 10 Bers\u00e9rkeres de Khorne, arietes transhumanos implantados con clavos de Carnicero inductores de furia. Cada uno de estos guerreros est\u00e1 armado con una arma sierra de Bers\u00e9rker (diversos modelos de hachas sierra y espadas sierra), adem\u00e1s de una pistola b\u00f3lter. Este kit incluye componentes para equipar hasta a dos Bers\u00e9rkeres con evisceradores a dos manos, a otro con dos pistolas de plasma, y a\u00f1adir a tu escuadra un icono Bers\u00e9rker rematado por un cr\u00e1neo. Tambi\u00e9n puedes montar un Campe\u00f3n Bers\u00e9rker, que incluye opciones adicionales de cabezas y hombreras, y puede armarse con una pistola de plasma propia.<\/p>\n<p>En esta caja encontrar\u00e1s un mont\u00f3n de opciones de montaje intercambiables, incluyendo mochilas de energ\u00eda, hombreras con dise\u00f1os grabados y 26 cabezas \u00fanicas, divididas entre yelmos con cresta y caras descubiertas, a fin de asegurar que no haya dos Bers\u00e9rkeres iguales en tu banda de Devoradores de Mundos.<\/p>\n<p>Este kit consta de 141 componentes de pl\u00e1stico, e incluye 10 peanas redondas Citadel de 32mm. Tambi\u00e9n se incluye una hoja de calcoman\u00edas de los Devoradores de Mundos con 200 transferibles de simbolog\u00eda de Khorne, tatuajes r\u00fanicos, estrellas de ocho puntas, cr\u00e1neos y variaciones del icono de la Legi\u00f3n de los Devoradores de Mundos. Estas miniaturas se suministran sin pintar y requieren montaje. Recomendamos usar pegamento para pl\u00e1stico Citadel y pinturas Citadel Colour.<\/p>\n","protected":false},"excerpt":{"rendered":"<p>Los Bers\u00e9rkeres de Khorne se deleitan en su rol de sagrados destructores del Dios de la Sangre, y su fanatismo es temido en toda la galaxia. La ira disforme de estos guerreros superlativos les lleva a un frenes\u00ed asesino en movimiento. Aquellos que les hacen frente en batalla son masacrados bajo una lluvia de furiosos [&hellip;]<\/p>\n","protected":false},"featured_media":66808,"template":"","meta":{"_acf_changed":false},"product_brand":[],"product_cat":[1177,1180,1623,1229],"product_tag":[],"class_list":{"0":"post-66810","1":"product","2":"type-product","3":"status-publish","4":"has-post-thumbnail","6":"product_cat-games-workshop-es","7":"product_cat-retail-products-es","8":"product_cat-wargames-es-2","9":"product_cat-warhammer-40k-es","11":"first","12":"instock","13":"sale","14":"taxable","15":"shipping-taxable","16":"purchasable","17":"product-type-simple"},"exclude_global_add_ons":[],"addons":[],"acf":[],"_links":{"self":[{"href":"https:\/\/www.customeeple.com\/es\/wp-json\/wp\/v2\/product\/66810","targetHints":{"allow":["GET"]}}],"collection":[{"href":"https:\/\/www.customeeple.com\/es\/wp-json\/wp\/v2\/product"}],"about":[{"href":"https:\/\/www.customeeple.com\/es\/wp-json\/wp\/v2\/types\/product"}],"wp:featuredmedia":[{"embeddable":true,"href":"https:\/\/www.customeeple.com\/es\/wp-json\/wp\/v2\/media\/66808"}],"wp:attachment":[{"href":"https:\/\/www.customeeple.com\/es\/wp-json\/wp\/v2\/media?parent=66810"}],"wp:term":[{"taxonomy":"product_brand","embeddable":true,"href":"https:\/\/www.customeeple.com\/es\/wp-json\/wp\/v2\/product_brand?post=66810"},{"taxonomy":"product_cat","embeddable":true,"href":"https:\/\/www.customeeple.com\/es\/wp-json\/wp\/v2\/product_cat?post=66810"},{"taxonomy":"product_tag","embeddable":true,"href":"https:\/\/www.customeeple.com\/es\/wp-json\/wp\/v2\/product_tag?post=66810"}],"curies":[{"name":"wp","href":"https:\/\/api.w.org\/{rel}","templated":true}]}}