{"id":66809,"date":"2023-02-08T20:44:27","date_gmt":"2023-02-08T19:44:27","guid":{"rendered":"https:\/\/www.customeeple.com\/product\/codex-world-eaters-spa\/"},"modified":"2026-03-26T11:55:07","modified_gmt":"2026-03-26T10:55:07","slug":"codex-world-eaters-spa","status":"publish","type":"product","link":"https:\/\/www.customeeple.com\/es\/producto\/codex-world-eaters-spa\/","title":{"rendered":"Codex: World Eaters (SPA)"},"content":{"rendered":"<p>Fan\u00e1tica absoluta del credo de Khorne, la Legi\u00f3n Traidora de los Devoradores de Mundos est\u00e1 formada por innumerables bandas de guerra que que se abren una senda de masacre por la galaxia en nombre del Dios de la Sangre. Han recolectado un n\u00famero de cr\u00e1neos imposible de contar y han dejado centenares de mundos desprovistos de vida para honrar a su sangriento patr\u00f3n. Los Devoradores de Mundos son la progenie del Primarca Daemon Angron. Pocas fuerzas de la galaxia comparten el odio y la ira sin fondo que la Legi\u00f3n Traidora de los Devoradores de Mundos lleva al campo de batalla, una ferocidad sin parang\u00f3n que se ve multiplicada por los Clavos de Carnicero implantados en sus cerebros. Estos dispositivos palpitan constantemente demandando sangre y matanza, y los Devoradores de Mundos se muestran encantados de complacerlos.<\/p>\n<p>Los Bers\u00e9rkeres de Khorne cargan frontalmente contra el enemigo, lanzando gritos de guerra y juramentos al Dios de la Sangre y su Trono de Cr\u00e1neos mientras sus armas sierra rugen con un prop\u00f3sito homicida. Junto a ellos avanzan los monstruosos y pose\u00eddos Octojurados, With them come the monstrous, daemon-possessed Eightbound, Ingenios Daem\u00f3nicos ansisoso de carne y huestes de enloquecidos Chakales. Obsesionados con masacrar, los Devoradores de Mundos matan y mutilan como ofrendas a Khorne a cualquiera que se pone en su camino. Estas bestias de guerra son una fuerza veloz que siempre intenta enfrentarse a sus enemigos a distancia corta y personal, para poder darles el golpe de gracia mir\u00e1ndoles a los ojos.<\/p>\n<p>Este sanguinario tomo es una gu\u00eda indispensable para aquellos interesados en los siervos del Trono de Cr\u00e1neos. Contiene todas las reglas necesarias para jugar con un ej\u00e9rcito de Devoradores de Mundos as\u00ed como toda una biblioteca prohibida de conocimiento sobre ellos. Descubre cu\u00e1les fueron las semillas iniciales de la traici\u00f3n de Angron, las devastadoras batallas de Kh\u00e2rn el Traidor (el devoto campe\u00f3n de Khorne de los Astartes Herejes) y las enardecidas hordas que componen las m\u00e1s temidas Legiones Traidoras.<\/p>\n<p><strong>En este libro de 88 p\u00e1ginas y en tapa dura, encontrar\u00e1s:<\/strong><br \/>\n\u2013 Informaci\u00f3n de trasfondo en profundidad de los Devoradores de Mundos, desde los oscuros d\u00edas de la Herej\u00eda de Horus hasta los milenios que pasaron exiliados en la disformidad.<br \/>\n\u2013 Ilustraciones tremendamente sangrientas de los Devoradores de Mundos extendiendo su furia por toda la galaxia.<br \/>\n\u2013 Todas las reglas que necesitas para jugar con un ej\u00e9rcito de Devoradores de Mundos, incluyendo 22 hojas de datos, reglas de Diezmo de sangre, rasgos de Se\u00f1or de la guerra, reliquias, reglas para desplegar a los Disc\u00edpulos del \u00c1mgel Rojo, estratagemas y mucho m\u00e1s.<br \/>\n\u2013 Reglas para campa\u00f1as de cruzada y partidas narrativas que te permitir\u00e1n reclamar los cr\u00e1neos de los enemigos que lo merezcan y ganarte el favor de Khorne.<br \/>\n\u2013 Una galer\u00eda &#8216;Eavy Metal con una aut\u00e9ntica legi\u00f3n de miniaturas de los Devoradores de Mundos espectacularmente pintadas.<\/p>\n<p>Con este libro, tambi\u00e9n recibir\u00e1s un c\u00f3digo para desbloquear contenido del\u00a0<em>Codex: Devoradores de Mundos<\/em>\u00a0en la app de Warhammer 40,000.<\/p>\n","protected":false},"excerpt":{"rendered":"<p>Fan\u00e1tica absoluta del credo de Khorne, la Legi\u00f3n Traidora de los Devoradores de Mundos est\u00e1 formada por innumerables bandas de guerra que que se abren una senda de masacre por la galaxia en nombre del Dios de la Sangre. Han recolectado un n\u00famero de cr\u00e1neos imposible de contar y han dejado centenares de mundos desprovistos [&hellip;]<\/p>\n","protected":false},"featured_media":66806,"template":"","meta":{"_acf_changed":false},"product_brand":[],"product_cat":[1177,1180,1623,1229],"product_tag":[],"class_list":{"0":"post-66809","1":"product","2":"type-product","3":"status-publish","4":"has-post-thumbnail","6":"product_cat-games-workshop-es","7":"product_cat-retail-products-es","8":"product_cat-wargames-es-2","9":"product_cat-warhammer-40k-es","11":"first","12":"onbackorder","13":"sale","14":"taxable","15":"shipping-taxable","16":"purchasable","17":"product-type-simple"},"exclude_global_add_ons":[],"addons":[],"acf":[],"_links":{"self":[{"href":"https:\/\/www.customeeple.com\/es\/wp-json\/wp\/v2\/product\/66809","targetHints":{"allow":["GET"]}}],"collection":[{"href":"https:\/\/www.customeeple.com\/es\/wp-json\/wp\/v2\/product"}],"about":[{"href":"https:\/\/www.customeeple.com\/es\/wp-json\/wp\/v2\/types\/product"}],"wp:featuredmedia":[{"embeddable":true,"href":"https:\/\/www.customeeple.com\/es\/wp-json\/wp\/v2\/media\/66806"}],"wp:attachment":[{"href":"https:\/\/www.customeeple.com\/es\/wp-json\/wp\/v2\/media?parent=66809"}],"wp:term":[{"taxonomy":"product_brand","embeddable":true,"href":"https:\/\/www.customeeple.com\/es\/wp-json\/wp\/v2\/product_brand?post=66809"},{"taxonomy":"product_cat","embeddable":true,"href":"https:\/\/www.customeeple.com\/es\/wp-json\/wp\/v2\/product_cat?post=66809"},{"taxonomy":"product_tag","embeddable":true,"href":"https:\/\/www.customeeple.com\/es\/wp-json\/wp\/v2\/product_tag?post=66809"}],"curies":[{"name":"wp","href":"https:\/\/api.w.org\/{rel}","templated":true}]}}