{"id":66766,"date":"2023-02-15T16:32:06","date_gmt":"2023-02-15T15:32:06","guid":{"rendered":"https:\/\/www.customeeple.com\/?post_type=product&#038;p=66766"},"modified":"2023-02-15T16:55:00","modified_gmt":"2023-02-15T15:55:00","slug":"kill-team-scoreboard-roble","status":"publish","type":"product","link":"https:\/\/www.customeeple.com\/es\/producto\/kill-team-scoreboard-roble\/","title":{"rendered":"Kill Team Scoreboard Roble"},"content":{"rendered":"<p>Un tablero de puntuaci\u00f3n para el juego Kill Team 2020, donde puedes llevar control de los puntos de comando, anotar puntos de misi\u00f3n y Tac ops con un lugar especial adicional para contar cosas espec\u00edficas del equipo, como la fe. Los dados de la foto no est\u00e1n incluidos y son de 14&#215;14 mm. En los agujeros pueden caber dados de hasta 16&#215;16 mm.<\/p>\n<p>Mejora la calidad de tus partidas con nuestra l\u00ednea de productos Kill Team.<\/p>\n<p>El conjunto incluye:<\/p>\n<ul>\n<li>1 marcador de Kill Team<\/li>\n<\/ul>\n<p>si necesitas un nuevo dise\u00f1o, no dudes en contactar con nosotros.<a href=\"mailto:hello@customeeple.com\">contactarnos<\/a>.<\/p>\n<p><strong>Material:<\/strong> Cobntrachapado de Roble Aceitado<\/p>\n<div class=\"moreinfo\">\n<p><strong>Espesor: <\/strong>8 mm<\/p>\n<p><strong>Tama\u00f1o:<\/strong> 91 x 66 mm<\/p>\n<p><strong>Cantidad:\u00a0<\/strong>1 unidad<\/p>\n<p><strong>Uso:<\/strong> Perfecto Para cualquier partido de Blood bowl<\/p>\n<\/div>\n<div class=\"infopreorder\"><strong>Nota:<\/strong> Kill Team es un juego publicado por GAMESWORKSHOP. Customeeple no est\u00e1 afiliado a esta empresa y este producto no est\u00e1 respaldado por ellos.<\/div>\n<p>&nbsp;<\/p>\n","protected":false},"excerpt":{"rendered":"<p>Marcador para kill team<\/p>\n","protected":false},"featured_media":66758,"template":"","meta":{"_acf_changed":false},"product_brand":[],"product_cat":[191,1122,1370,1177,1427,1229],"product_tag":[1787,1979],"class_list":{"0":"post-66766","1":"product","2":"type-product","3":"status-publish","4":"has-post-thumbnail","6":"product_cat-accesorios","7":"product_cat-sw-es","8":"product_cat-customeeple-es","9":"product_cat-games-workshop-es","10":"product_cat-kill-team-es","11":"product_cat-warhammer-40k-es","12":"product_tag-40k-es","13":"product_tag-kill-team-es","15":"first","16":"instock","17":"taxable","18":"shipping-taxable","19":"purchasable","20":"product-type-variable"},"exclude_global_add_ons":[],"addons":[],"acf":[],"_links":{"self":[{"href":"https:\/\/www.customeeple.com\/es\/wp-json\/wp\/v2\/product\/66766","targetHints":{"allow":["GET"]}}],"collection":[{"href":"https:\/\/www.customeeple.com\/es\/wp-json\/wp\/v2\/product"}],"about":[{"href":"https:\/\/www.customeeple.com\/es\/wp-json\/wp\/v2\/types\/product"}],"wp:featuredmedia":[{"embeddable":true,"href":"https:\/\/www.customeeple.com\/es\/wp-json\/wp\/v2\/media\/66758"}],"wp:attachment":[{"href":"https:\/\/www.customeeple.com\/es\/wp-json\/wp\/v2\/media?parent=66766"}],"wp:term":[{"taxonomy":"product_brand","embeddable":true,"href":"https:\/\/www.customeeple.com\/es\/wp-json\/wp\/v2\/product_brand?post=66766"},{"taxonomy":"product_cat","embeddable":true,"href":"https:\/\/www.customeeple.com\/es\/wp-json\/wp\/v2\/product_cat?post=66766"},{"taxonomy":"product_tag","embeddable":true,"href":"https:\/\/www.customeeple.com\/es\/wp-json\/wp\/v2\/product_tag?post=66766"}],"curies":[{"name":"wp","href":"https:\/\/api.w.org\/{rel}","templated":true}]}}