{"id":66729,"date":"2023-02-02T12:50:04","date_gmt":"2023-02-02T11:50:04","guid":{"rendered":"https:\/\/www.customeeple.com\/product\/astra-militarum-sentinel-2\/"},"modified":"2023-02-02T12:50:04","modified_gmt":"2023-02-02T11:50:04","slug":"astra-militarum-sentinel-2","status":"publish","type":"product","link":"https:\/\/www.customeeple.com\/es\/producto\/astra-militarum-sentinel-2\/","title":{"rendered":"Astra militarum Sentinel"},"content":{"rendered":"<p>Los Sentinels son veh\u00edculos b\u00edpedos todoterreno empleados por el Astra Militarum para proporcionar reconocimiento r\u00e1pido o para desplegar potencia de fuego de respuesta r\u00e1pida. Las cabinas abiertas y los dispositivos augur permiten a los pilotos de los Sentinel Explorador vigilar al enemigo con facilidad, mientras que su armadura m\u00e1s ligera y sus giroestabilizadores mejorados les permiten atravesar con rapidez el terreno m\u00e1s accidentado y utilizar sus armas pesadas desde \u00e1ngulos inesperados.<\/p>\n<p>Con este kit de pl\u00e1stico multicomponente puedes montar un Sentinel Explorador: un b\u00edpode ligero con una gran potencia de fuego en un chasis \u00e1gil. El kit tiene muchas opciones de montaje, lo que te permite montar tu Sentinel para cualquier rol en el campo de batalla con un ca\u00f1\u00f3n autom\u00e1tico, un lanzallamas pesado, un lanzamisiles, un multil\u00e1ser o un ca\u00f1\u00f3n de plasma. Adem\u00e1s, puedes equipar a tu b\u00edpode con una motosierra Sentinel posable para obtener m\u00e1s impactos en combate y un misil cazador-asesino para una potencia de fuego adicional. Tambi\u00e9n encontrar\u00e1s muchas opciones est\u00e9ticas, que incluyen un reflector y lanzadores de humo, soportes de almacenamiento y equipo de repuesto, botes de combustible adicionales y cuatro cabezas diferentes para el piloto.<\/p>\n<p>Este kit puede montarse alternativamente como un Sentinel Acorazado con una cabina cerrada, que en lugar de la velocidad da m\u00e1s importancia a una mayor durabilidad en las zonas de guerra m\u00e1s duras.<\/p>\n<p>Este kit consta de 91 piezas de pl\u00e1stico y se suministra con 1 peana redonda Citadel de 80 mm. Tambi\u00e9n se incluye una hoja de calcoman\u00edas de veh\u00edculos del Astra Militarum, con 475 calcoman\u00edas con n\u00fameros, sellos y una buena variedad de her\u00e1ldica de regimiento. Esta miniatura se suministra sin pintar y requiere montaje. Recomendamos usar pegamento para pl\u00e1stico Citadel y pinturas Citadel Colour.<\/p>\n","protected":false},"excerpt":{"rendered":"<p>Los Sentinels son veh\u00edculos b\u00edpedos todoterreno empleados por el Astra Militarum para proporcionar reconocimiento r\u00e1pido o para desplegar potencia de fuego de respuesta r\u00e1pida. Las cabinas abiertas y los dispositivos augur permiten a los pilotos de los Sentinel Explorador vigilar al enemigo con facilidad, mientras que su armadura m\u00e1s ligera y sus giroestabilizadores mejorados les [&hellip;]<\/p>\n","protected":false},"featured_media":66725,"template":"","meta":{"_acf_changed":false},"product_brand":[],"product_cat":[1177,1180,1623,1229],"product_tag":[],"class_list":{"0":"post-66729","1":"product","2":"type-product","3":"status-publish","4":"has-post-thumbnail","6":"product_cat-games-workshop-es","7":"product_cat-retail-products-es","8":"product_cat-wargames-es-2","9":"product_cat-warhammer-40k-es","11":"first","12":"onbackorder","13":"sale","14":"taxable","15":"shipping-taxable","16":"purchasable","17":"product-type-simple"},"exclude_global_add_ons":[],"addons":[],"acf":[],"_links":{"self":[{"href":"https:\/\/www.customeeple.com\/es\/wp-json\/wp\/v2\/product\/66729","targetHints":{"allow":["GET"]}}],"collection":[{"href":"https:\/\/www.customeeple.com\/es\/wp-json\/wp\/v2\/product"}],"about":[{"href":"https:\/\/www.customeeple.com\/es\/wp-json\/wp\/v2\/types\/product"}],"wp:featuredmedia":[{"embeddable":true,"href":"https:\/\/www.customeeple.com\/es\/wp-json\/wp\/v2\/media\/66725"}],"wp:attachment":[{"href":"https:\/\/www.customeeple.com\/es\/wp-json\/wp\/v2\/media?parent=66729"}],"wp:term":[{"taxonomy":"product_brand","embeddable":true,"href":"https:\/\/www.customeeple.com\/es\/wp-json\/wp\/v2\/product_brand?post=66729"},{"taxonomy":"product_cat","embeddable":true,"href":"https:\/\/www.customeeple.com\/es\/wp-json\/wp\/v2\/product_cat?post=66729"},{"taxonomy":"product_tag","embeddable":true,"href":"https:\/\/www.customeeple.com\/es\/wp-json\/wp\/v2\/product_tag?post=66729"}],"curies":[{"name":"wp","href":"https:\/\/api.w.org\/{rel}","templated":true}]}}