{"id":66728,"date":"2023-02-02T12:50:26","date_gmt":"2023-02-02T11:50:26","guid":{"rendered":"https:\/\/www.customeeple.com\/product\/lord-solar-leontus\/"},"modified":"2026-03-26T11:55:07","modified_gmt":"2026-03-26T10:55:07","slug":"lord-solar-leontus","status":"publish","type":"product","link":"https:\/\/www.customeeple.com\/es\/producto\/lord-solar-leontus\/","title":{"rendered":"Lord Solar Leontus"},"content":{"rendered":"<p>Arcadian Leontus es el Lord Comandante Solar del Astra Militarum y dirige grandes ej\u00e9rcitos contra invasiones apocal\u00edpticas, insurgencias en todo el sector e incluso campa\u00f1as distantes m\u00e1s all\u00e1 del Segmentum Solar. Maestro t\u00e1ctico y erudito sin igual de la historia militar, es guiado en sus decisiones estrat\u00e9gicas por un s\u00e9quito de videntes, asesores y sacerdotes. En el campo de batalla, Lord Solar es una figura similar a los h\u00e9roes de anta\u00f1o montado a lomos de su semental cibern\u00e9tico, Konstantin. Levantando su espada hacia el enemigo, Leontus grita \u00f3rdenes para que los soldados leales de la Guardia Imperial logren victoria tras victoria.<\/p>\n<p>Con este kit de pl\u00e1stico multicomponente puedes montar a Lord Solar Leontus, un comandante supremo del Astra Militarum, montando su corcel Konstantin fuertemente mejorado. De pie sobre los restos de un Tit\u00e1n ca\u00eddo, Lord Solar blande con orgullo su espada de energ\u00eda reliquia, Conquista, con su pistola arcana, Justa Mirada del Sol, enfundada en su costado. Su pose dominante se ve acentuada a\u00fan m\u00e1s por su capa flotante y su exquisita armadura. El kit incluye una selecci\u00f3n de dos cabezas: una con una expresi\u00f3n estoica y la boca cerrada, la otra gritando \u00f3rdenes a sus tropas, ambas llevan un impresionante casco con un halo solar. Si est\u00e1s buscando una pieza central verdaderamente impresionante para tu colecci\u00f3n del Astra Militarum, no busques m\u00e1s: el Lord Solar Leontus es el oficial de mayor rango que encontrar\u00e1s.<\/p>\n<p>Este kit incluye 36 piezas de pl\u00e1stico y se suministra con 1 peana redonda Citadel de 80 mm. Esta miniatura se suministra sin pintar y requiere montaje. Recomendamos usar pegamento para pl\u00e1stico Citadel y pinturas Citadel Colour.<\/p>\n","protected":false},"excerpt":{"rendered":"<p>Arcadian Leontus es el Lord Comandante Solar del Astra Militarum y dirige grandes ej\u00e9rcitos contra invasiones apocal\u00edpticas, insurgencias en todo el sector e incluso campa\u00f1as distantes m\u00e1s all\u00e1 del Segmentum Solar. Maestro t\u00e1ctico y erudito sin igual de la historia militar, es guiado en sus decisiones estrat\u00e9gicas por un s\u00e9quito de videntes, asesores y sacerdotes. [&hellip;]<\/p>\n","protected":false},"featured_media":66719,"template":"","meta":{"_acf_changed":false},"product_brand":[],"product_cat":[1177,1180,1623,1229],"product_tag":[],"class_list":{"0":"post-66728","1":"product","2":"type-product","3":"status-publish","4":"has-post-thumbnail","6":"product_cat-games-workshop-es","7":"product_cat-retail-products-es","8":"product_cat-wargames-es-2","9":"product_cat-warhammer-40k-es","11":"first","12":"onbackorder","13":"sale","14":"taxable","15":"shipping-taxable","16":"purchasable","17":"product-type-simple"},"exclude_global_add_ons":[],"addons":[],"acf":[],"_links":{"self":[{"href":"https:\/\/www.customeeple.com\/es\/wp-json\/wp\/v2\/product\/66728","targetHints":{"allow":["GET"]}}],"collection":[{"href":"https:\/\/www.customeeple.com\/es\/wp-json\/wp\/v2\/product"}],"about":[{"href":"https:\/\/www.customeeple.com\/es\/wp-json\/wp\/v2\/types\/product"}],"wp:featuredmedia":[{"embeddable":true,"href":"https:\/\/www.customeeple.com\/es\/wp-json\/wp\/v2\/media\/66719"}],"wp:attachment":[{"href":"https:\/\/www.customeeple.com\/es\/wp-json\/wp\/v2\/media?parent=66728"}],"wp:term":[{"taxonomy":"product_brand","embeddable":true,"href":"https:\/\/www.customeeple.com\/es\/wp-json\/wp\/v2\/product_brand?post=66728"},{"taxonomy":"product_cat","embeddable":true,"href":"https:\/\/www.customeeple.com\/es\/wp-json\/wp\/v2\/product_cat?post=66728"},{"taxonomy":"product_tag","embeddable":true,"href":"https:\/\/www.customeeple.com\/es\/wp-json\/wp\/v2\/product_tag?post=66728"}],"curies":[{"name":"wp","href":"https:\/\/api.w.org\/{rel}","templated":true}]}}