{"id":66727,"date":"2023-02-02T12:50:43","date_gmt":"2023-02-02T11:50:43","guid":{"rendered":"https:\/\/www.customeeple.com\/product\/rogal-dorn-battle-tank\/"},"modified":"2023-11-23T00:00:24","modified_gmt":"2023-11-22T23:00:24","slug":"rogal-dorn-battle-tank","status":"publish","type":"product","link":"https:\/\/www.customeeple.com\/es\/producto\/rogal-dorn-battle-tank\/","title":{"rendered":"Rogal Dorn Battle Tank"},"content":{"rendered":"<p>El tanque de batalla Rogal Dorn es un gigante pesado, que igual sirve para anclar una l\u00ednea de batalla como para avanzar en apoyo de un asalto. Repletos de ca\u00f1ones estruendosos, estos enormes veh\u00edculos blindados de combate abren brechas en las defensas enemigas con enormes proyectiles y destrozan a la infanter\u00eda con sus tormentas de fuego.<\/p>\n<p>Con este kit de pl\u00e1stico multicomponente puedes montar un tanque de batalla Rogal Dorn, una plataforma de armas m\u00f3vil incluso m\u00e1s grande que el potente tanque de batalla Leman Russ. El arma principal del Rogal Dorn va montada en su torreta: puedes elegir entre el fuego de alto volumen de un ca\u00f1\u00f3n de batalla doble o el poder intimidante de un ca\u00f1\u00f3n Opressor con un ca\u00f1\u00f3n autom\u00e1tico coaxial montado en su lateral. En un punto secundario del casco lleva montado un ca\u00f1\u00f3n gatling castigador para arrasar a las hordas de infanter\u00eda o un ca\u00f1\u00f3n Pulveriser para enfrentarse a la armadura enemiga.<\/p>\n<p>El kit incluye un arsenal de armamento opcional: puedes a\u00f1adir armas opcionales en las barquillas laterales con un par de b\u00f3lteres pesados o ca\u00f1ones de fusi\u00f3n, y la cubierta delantera puede albergar ametralladoras pesadas o rifles de fusi\u00f3n. Las orugas del tanque se pueden mejorar con armadura adicional, y tambi\u00e9n encontrar\u00e1s amplias opciones est\u00e9ticas como ganchos de remolque, rendijas de visualizaci\u00f3n, combustible adicional, reflectores y equipo guardado. Tiene tres miembros de la tripulaci\u00f3n, incluido un observador, un oficial de tanque y un artillero para la ametralladora pesada en afuste exterior, que se puede montar con cinco opciones de cabeza o reemplazarse por escotillas cerradas.<\/p>\n<p>Este kit consta de 171 piezas de pl\u00e1stico e incluye una hoja de calcoman\u00edas de veh\u00edculos del Astra Militarum, con 475 calcoman\u00edas con n\u00fameros, sellos y una variedad de her\u00e1ldica de regimiento. Esta miniatura se suministra sin pintar y requiere montaje. Recomendamos usar pegamento para pl\u00e1stico Citadel y pinturas Citadel Colour.<\/p>\n","protected":false},"excerpt":{"rendered":"<p>El tanque de batalla Rogal Dorn es un gigante pesado, que igual sirve para anclar una l\u00ednea de batalla como para avanzar en apoyo de un asalto. Repletos de ca\u00f1ones estruendosos, estos enormes veh\u00edculos blindados de combate abren brechas en las defensas enemigas con enormes proyectiles y destrozan a la infanter\u00eda con sus tormentas de [&hellip;]<\/p>\n","protected":false},"featured_media":66723,"template":"","meta":{"_acf_changed":false},"product_brand":[],"product_cat":[1177,1180,1623,1229],"product_tag":[],"class_list":{"0":"post-66727","1":"product","2":"type-product","3":"status-publish","4":"has-post-thumbnail","6":"product_cat-games-workshop-es","7":"product_cat-retail-products-es","8":"product_cat-wargames-es-2","9":"product_cat-warhammer-40k-es","11":"first","12":"instock","13":"sale","14":"taxable","15":"shipping-taxable","16":"purchasable","17":"product-type-simple"},"exclude_global_add_ons":[],"addons":[],"acf":[],"_links":{"self":[{"href":"https:\/\/www.customeeple.com\/es\/wp-json\/wp\/v2\/product\/66727","targetHints":{"allow":["GET"]}}],"collection":[{"href":"https:\/\/www.customeeple.com\/es\/wp-json\/wp\/v2\/product"}],"about":[{"href":"https:\/\/www.customeeple.com\/es\/wp-json\/wp\/v2\/types\/product"}],"wp:featuredmedia":[{"embeddable":true,"href":"https:\/\/www.customeeple.com\/es\/wp-json\/wp\/v2\/media\/66723"}],"wp:attachment":[{"href":"https:\/\/www.customeeple.com\/es\/wp-json\/wp\/v2\/media?parent=66727"}],"wp:term":[{"taxonomy":"product_brand","embeddable":true,"href":"https:\/\/www.customeeple.com\/es\/wp-json\/wp\/v2\/product_brand?post=66727"},{"taxonomy":"product_cat","embeddable":true,"href":"https:\/\/www.customeeple.com\/es\/wp-json\/wp\/v2\/product_cat?post=66727"},{"taxonomy":"product_tag","embeddable":true,"href":"https:\/\/www.customeeple.com\/es\/wp-json\/wp\/v2\/product_tag?post=66727"}],"curies":[{"name":"wp","href":"https:\/\/api.w.org\/{rel}","templated":true}]}}