{"id":66717,"date":"2023-01-26T20:39:31","date_gmt":"2023-01-26T19:39:31","guid":{"rendered":"https:\/\/www.customeeple.com\/product\/marvel-united-xmen-equipo-azul\/"},"modified":"2023-01-26T20:39:31","modified_gmt":"2023-01-26T19:39:31","slug":"marvel-united-xmen-equipo-azul","status":"publish","type":"product","link":"https:\/\/www.customeeple.com\/es\/producto\/marvel-united-xmen-equipo-azul\/","title":{"rendered":"Marvel United Xmen: Equipo Azul (SPA)"},"content":{"rendered":"<p><em>X-Men: Equipo Azul<\/em>\u00a0es una expansi\u00f3n para\u00a0<em>Marvel United<\/em>\u00a0que no solo incluye cuatro c\u00e9lebres H\u00e9roes nuevos, un siniestro Villano y nuevos Lugares, sino que tambi\u00e9n presenta el nuevo modo Equipo contra equipo, \u00a1que hace que las partidas cambien por completo! Divididos en dos equipos, hasta 6 jugadores compiten para ver cu\u00e1l de ellos completa sus Misiones e inflige la mayor cantidad de Da\u00f1o al Villano, quien incluso puede ser controlado por un 7\u00ba jugador en el modo Supervillano. \u00a1Que gane el mejor equipo!<\/p>\n<p><strong>CONTENIDO<\/strong><br \/>\n4 miniaturas de H\u00e9roe, 1 miniatura de Villano, 4 Lugares, 48 cartas de H\u00e9roe, 1 tablero de Villano, 12 cartas de Plan maestro, 6 cartas de Amenaza, 1 tablero de Da\u00f1o, 6 cartas de Misi\u00f3n de equipo, 1 carta de Desaf\u00edo, 22 fichas, 6 peanas de pl\u00e1stico, Vi\u00f1eta, 1 hoja de reglas.\u200b\u200b\u200b\u200b<\/p>\n","protected":false},"excerpt":{"rendered":"<p>X-Men: Equipo Azul\u00a0es una expansi\u00f3n para\u00a0Marvel United\u00a0que no solo incluye cuatro c\u00e9lebres H\u00e9roes nuevos, un siniestro Villano y nuevos Lugares, sino que tambi\u00e9n presenta el nuevo modo Equipo contra equipo, \u00a1que hace que las partidas cambien por completo! Divididos en dos equipos, hasta 6 jugadores compiten para ver cu\u00e1l de ellos completa sus Misiones e [&hellip;]<\/p>\n","protected":false},"featured_media":66708,"template":"","meta":{"_acf_changed":false},"product_brand":[],"product_cat":[1561,1653,1555,1180],"product_tag":[],"class_list":{"0":"post-66717","1":"product","2":"type-product","3":"status-publish","4":"has-post-thumbnail","6":"product_cat-familiar-es","7":"product_cat-boardgames","8":"product_cat-miniature-games-es","9":"product_cat-retail-products-es","11":"first","12":"onbackorder","13":"sale","14":"taxable","15":"shipping-taxable","16":"purchasable","17":"product-type-simple"},"exclude_global_add_ons":[],"addons":[],"acf":[],"_links":{"self":[{"href":"https:\/\/www.customeeple.com\/es\/wp-json\/wp\/v2\/product\/66717","targetHints":{"allow":["GET"]}}],"collection":[{"href":"https:\/\/www.customeeple.com\/es\/wp-json\/wp\/v2\/product"}],"about":[{"href":"https:\/\/www.customeeple.com\/es\/wp-json\/wp\/v2\/types\/product"}],"wp:featuredmedia":[{"embeddable":true,"href":"https:\/\/www.customeeple.com\/es\/wp-json\/wp\/v2\/media\/66708"}],"wp:attachment":[{"href":"https:\/\/www.customeeple.com\/es\/wp-json\/wp\/v2\/media?parent=66717"}],"wp:term":[{"taxonomy":"product_brand","embeddable":true,"href":"https:\/\/www.customeeple.com\/es\/wp-json\/wp\/v2\/product_brand?post=66717"},{"taxonomy":"product_cat","embeddable":true,"href":"https:\/\/www.customeeple.com\/es\/wp-json\/wp\/v2\/product_cat?post=66717"},{"taxonomy":"product_tag","embeddable":true,"href":"https:\/\/www.customeeple.com\/es\/wp-json\/wp\/v2\/product_tag?post=66717"}],"curies":[{"name":"wp","href":"https:\/\/api.w.org\/{rel}","templated":true}]}}