{"id":66716,"date":"2023-01-26T20:39:51","date_gmt":"2023-01-26T19:39:51","guid":{"rendered":"https:\/\/www.customeeple.com\/product\/marvel-united-deadpool\/"},"modified":"2023-01-26T20:39:51","modified_gmt":"2023-01-26T19:39:51","slug":"marvel-united-deadpool","status":"publish","type":"product","link":"https:\/\/www.customeeple.com\/es\/producto\/marvel-united-deadpool\/","title":{"rendered":"Marvel United: Deadpool (SPA)"},"content":{"rendered":"<p>Lo que tienes en las manos es, sin duda alguna, la m\u00e1s fenomenal expansi\u00f3n que se haya hecho nunca. En serio, \u00bfte has fijado en la ilustraci\u00f3n de la caja? \u00a1Ch\u00fapate esa, Kukuxumusu! Adem\u00e1s, en un raro ejemplo de rectitud publicitaria, su t\u00edtulo no puede ser m\u00e1s claro: esta expansi\u00f3n va toda sobre m\u00ed, Deadpool, el mercenario bocazas (los machacas no cuentan, como siempre). \u00a1Va, expr\u00edmeme hasta la \u00faltima gota! \u00bfQue quieres jugar como Deadpool? Est\u00e1 claro que tienes un gusto exquisito. \u00bfQue quieres enfrentarte a Deadpool? Muy mala idea, pero ole tus huevos toreros. \u00bfQue solo quieres a\u00f1adir una buena dosis de caos a tu vida haciendo que Deadpool te reviente las partidas? Pues vale, m\u00e1s se perdi\u00f3 en Cuba, \u00bfno?<br \/>\n<em>\u00a1Prep\u00e1rate para el bueno, el malo y el ca\u00f3tico neutral!<\/em><br \/>\n<strong><br \/>\nCONTENIDO<\/strong><br \/>\n1 miniatura de H\u00e9roe, 1 miniatura de Antih\u00e9roe, 1 miniatura de Villano, 1 miniatura de Desaf\u00edo, 1 Lugar, 24 cartas de H\u00e9roe, 2 tableros de Villano, 24 cartas de Plan maestro, 12 cartas de Amenaza, 25 cartas de Desaf\u00edo, 1 hoja de reglas\u200b\u200b\u200b\u200b<\/p>\n","protected":false},"excerpt":{"rendered":"<p>Lo que tienes en las manos es, sin duda alguna, la m\u00e1s fenomenal expansi\u00f3n que se haya hecho nunca. En serio, \u00bfte has fijado en la ilustraci\u00f3n de la caja? \u00a1Ch\u00fapate esa, Kukuxumusu! Adem\u00e1s, en un raro ejemplo de rectitud publicitaria, su t\u00edtulo no puede ser m\u00e1s claro: esta expansi\u00f3n va toda sobre m\u00ed, Deadpool, [&hellip;]<\/p>\n","protected":false},"featured_media":66710,"template":"","meta":{"_acf_changed":false},"product_brand":[],"product_cat":[1561,1653,1555,1180],"product_tag":[],"class_list":{"0":"post-66716","1":"product","2":"type-product","3":"status-publish","4":"has-post-thumbnail","6":"product_cat-familiar-es","7":"product_cat-boardgames","8":"product_cat-miniature-games-es","9":"product_cat-retail-products-es","11":"first","12":"onbackorder","13":"sale","14":"taxable","15":"shipping-taxable","16":"purchasable","17":"product-type-simple"},"exclude_global_add_ons":[],"addons":[],"acf":[],"_links":{"self":[{"href":"https:\/\/www.customeeple.com\/es\/wp-json\/wp\/v2\/product\/66716","targetHints":{"allow":["GET"]}}],"collection":[{"href":"https:\/\/www.customeeple.com\/es\/wp-json\/wp\/v2\/product"}],"about":[{"href":"https:\/\/www.customeeple.com\/es\/wp-json\/wp\/v2\/types\/product"}],"wp:featuredmedia":[{"embeddable":true,"href":"https:\/\/www.customeeple.com\/es\/wp-json\/wp\/v2\/media\/66710"}],"wp:attachment":[{"href":"https:\/\/www.customeeple.com\/es\/wp-json\/wp\/v2\/media?parent=66716"}],"wp:term":[{"taxonomy":"product_brand","embeddable":true,"href":"https:\/\/www.customeeple.com\/es\/wp-json\/wp\/v2\/product_brand?post=66716"},{"taxonomy":"product_cat","embeddable":true,"href":"https:\/\/www.customeeple.com\/es\/wp-json\/wp\/v2\/product_cat?post=66716"},{"taxonomy":"product_tag","embeddable":true,"href":"https:\/\/www.customeeple.com\/es\/wp-json\/wp\/v2\/product_tag?post=66716"}],"curies":[{"name":"wp","href":"https:\/\/api.w.org\/{rel}","templated":true}]}}