{"id":66714,"date":"2023-01-26T20:39:22","date_gmt":"2023-01-26T19:39:22","guid":{"rendered":"https:\/\/www.customeeple.com\/product\/eh-vestigios-extranos\/"},"modified":"2023-01-26T20:39:22","modified_gmt":"2023-01-26T19:39:22","slug":"eh-vestigios-extranos","status":"publish","type":"product","link":"https:\/\/www.customeeple.com\/es\/producto\/eh-vestigios-extranos\/","title":{"rendered":"EH: Vestigios Extra\u00f1os (SPA)"},"content":{"rendered":"<p>\u00a1Un alineamiento c\u00f3smico trae la perdici\u00f3n! El alineamiento planetario que se avecina amenaza con acabar con toda la vida en la Tierra. Los antiguos profetas sab\u00edan que este d\u00eda llegar\u00eda, y construyeron enormes monumentos de piedra que guardan las claves de la supervivencia. \u00bfPodr\u00e1s descubrir los secretos de estas antiguas ruinas y sobrevivir a los horrores que acechan en su interior? Esta expansi\u00f3n incluye un nuevo Primigenio y nuevos Encuentros, cartas de Aventura y cartas de Preludio. Cuatro nuevos investigadores se unen al juego, adem\u00e1s de los Artefactos, Apoyos, Hechizos y Apoyos \u00fanicos que los ayudar\u00e1n en su lucha por salvar el mundo.<br \/>\n<strong><br \/>\nCONTENIDO<\/strong><br \/>\n1 reglamento, 4 hojas de Investigador, 1 hoja de Primigenio, 86 cartas de Encuentro, 6 cartas de Misterio, 6 cartas de Aventura, 20 cartas de Mitos, 4 cartas de Preludio, 4 cartas de Resumen de ronda, 4 cartas de Artefacto, 16 cartas de Apoyo, 16 cartas de Estado, 16 cartas de Hechizo, 24 cartas de Apoyo \u00fanico, 4 fichas de Investigador, 4 soportes de pl\u00e1stico, 6 fichas de Monstruo, 10 fichas de Salud y Cordura 12 fichas de Concentraci\u00f3n, 1 ficha de Aventura, 1 ficha de Ruinas m\u00edsticas.<\/p>\n","protected":false},"excerpt":{"rendered":"<p>\u00a1Un alineamiento c\u00f3smico trae la perdici\u00f3n! El alineamiento planetario que se avecina amenaza con acabar con toda la vida en la Tierra. Los antiguos profetas sab\u00edan que este d\u00eda llegar\u00eda, y construyeron enormes monumentos de piedra que guardan las claves de la supervivencia. \u00bfPodr\u00e1s descubrir los secretos de estas antiguas ruinas y sobrevivir a los [&hellip;]<\/p>\n","protected":false},"featured_media":66712,"template":"","meta":{"_acf_changed":false},"product_brand":[],"product_cat":[2003,1653,1180],"product_tag":[],"class_list":{"0":"post-66714","1":"product","2":"type-product","3":"status-publish","4":"has-post-thumbnail","6":"product_cat-cooperative-es","7":"product_cat-boardgames","8":"product_cat-retail-products-es","10":"first","11":"outofstock","12":"sale","13":"taxable","14":"shipping-taxable","15":"purchasable","16":"product-type-simple"},"exclude_global_add_ons":[],"addons":[],"acf":[],"_links":{"self":[{"href":"https:\/\/www.customeeple.com\/es\/wp-json\/wp\/v2\/product\/66714","targetHints":{"allow":["GET"]}}],"collection":[{"href":"https:\/\/www.customeeple.com\/es\/wp-json\/wp\/v2\/product"}],"about":[{"href":"https:\/\/www.customeeple.com\/es\/wp-json\/wp\/v2\/types\/product"}],"wp:featuredmedia":[{"embeddable":true,"href":"https:\/\/www.customeeple.com\/es\/wp-json\/wp\/v2\/media\/66712"}],"wp:attachment":[{"href":"https:\/\/www.customeeple.com\/es\/wp-json\/wp\/v2\/media?parent=66714"}],"wp:term":[{"taxonomy":"product_brand","embeddable":true,"href":"https:\/\/www.customeeple.com\/es\/wp-json\/wp\/v2\/product_brand?post=66714"},{"taxonomy":"product_cat","embeddable":true,"href":"https:\/\/www.customeeple.com\/es\/wp-json\/wp\/v2\/product_cat?post=66714"},{"taxonomy":"product_tag","embeddable":true,"href":"https:\/\/www.customeeple.com\/es\/wp-json\/wp\/v2\/product_tag?post=66714"}],"curies":[{"name":"wp","href":"https:\/\/api.w.org\/{rel}","templated":true}]}}