{"id":66703,"date":"2023-01-26T20:39:03","date_gmt":"2023-01-26T19:39:03","guid":{"rendered":"https:\/\/www.customeeple.com\/product\/que-no-se-te-caiga-el-jabon\/"},"modified":"2023-01-26T20:39:03","modified_gmt":"2023-01-26T19:39:03","slug":"que-no-se-te-caiga-el-jabon","status":"publish","type":"product","link":"https:\/\/www.customeeple.com\/es\/producto\/que-no-se-te-caiga-el-jabon\/","title":{"rendered":"Que no se te caiga el jab\u00f3n (SPA)"},"content":{"rendered":"<p>Que no se caiga el jab\u00f3n es un juego de ritmo r\u00e1pido de tipo pasa la patata caliente emplazado en la ducha de una prisi\u00f3n. El objetivo del juego es evitar ser el jugador que juegue una carta de jab\u00f3n. Que no se te caiga el jab\u00f3n es un juego de cartas con humor negro, faroleo, pu\u00f1aladas por la espalda y suerte absurda de tres a seis jugadores y a partir de 18 a\u00f1os.<\/p>\n","protected":false},"excerpt":{"rendered":"<p>Que no se caiga el jab\u00f3n es un juego de ritmo r\u00e1pido de tipo pasa la patata caliente emplazado en la ducha de una prisi\u00f3n. El objetivo del juego es evitar ser el jugador que juegue una carta de jab\u00f3n. Que no se te caiga el jab\u00f3n es un juego de cartas con humor negro, [&hellip;]<\/p>\n","protected":false},"featured_media":66702,"template":"","meta":{"_acf_changed":false},"product_brand":[],"product_cat":[2004,1557,1653,1180],"product_tag":[],"class_list":{"0":"post-66703","1":"product","2":"type-product","3":"status-publish","4":"has-post-thumbnail","6":"product_cat-party-game-es","7":"product_cat-card-game-es","8":"product_cat-boardgames","9":"product_cat-retail-products-es","11":"first","12":"outofstock","13":"sale","14":"taxable","15":"shipping-taxable","16":"purchasable","17":"product-type-simple"},"exclude_global_add_ons":[],"addons":[],"acf":[],"_links":{"self":[{"href":"https:\/\/www.customeeple.com\/es\/wp-json\/wp\/v2\/product\/66703","targetHints":{"allow":["GET"]}}],"collection":[{"href":"https:\/\/www.customeeple.com\/es\/wp-json\/wp\/v2\/product"}],"about":[{"href":"https:\/\/www.customeeple.com\/es\/wp-json\/wp\/v2\/types\/product"}],"wp:featuredmedia":[{"embeddable":true,"href":"https:\/\/www.customeeple.com\/es\/wp-json\/wp\/v2\/media\/66702"}],"wp:attachment":[{"href":"https:\/\/www.customeeple.com\/es\/wp-json\/wp\/v2\/media?parent=66703"}],"wp:term":[{"taxonomy":"product_brand","embeddable":true,"href":"https:\/\/www.customeeple.com\/es\/wp-json\/wp\/v2\/product_brand?post=66703"},{"taxonomy":"product_cat","embeddable":true,"href":"https:\/\/www.customeeple.com\/es\/wp-json\/wp\/v2\/product_cat?post=66703"},{"taxonomy":"product_tag","embeddable":true,"href":"https:\/\/www.customeeple.com\/es\/wp-json\/wp\/v2\/product_tag?post=66703"}],"curies":[{"name":"wp","href":"https:\/\/api.w.org\/{rel}","templated":true}]}}