{"id":66697,"date":"2023-01-25T20:43:46","date_gmt":"2023-01-25T19:43:46","guid":{"rendered":"https:\/\/www.customeeple.com\/product\/guia-de-la-zona-de-puentechatarra\/"},"modified":"2023-01-25T20:43:46","modified_gmt":"2023-01-25T19:43:46","slug":"guia-de-la-zona-de-puentechatarra","status":"publish","type":"product","link":"https:\/\/www.customeeple.com\/es\/producto\/guia-de-la-zona-de-puentechatarra\/","title":{"rendered":"Gu\u00eda de la zona de Puentechatarra (SPA)"},"content":{"rendered":"<p>Toda banda mercenaria necesita un lugar al que llamar hogar, un sitio al que retirarse, trincarse un par de birras y engullir unos espetos de galligarto sin tener que preocuparse por alg\u00fan capullo que intente carg\u00e1rselos. Puentechatarra sirve como un territorio neutral para las diferentes facciones locales. A su alrededor se encuentran una buena cantidad de asentamientos y localizaciones llenas de historias y peligros.<\/p>\n<p>En este suplemento te describimos tanto el asentamiento de Puentechatarra, como todas las principales localizaciones que lo rodean. Tambi\u00e9n te traemos nuevas sendas y trasfondos para que tus personajes se sientan m\u00e1s propios de este lugar, as\u00ed como nuevo equipo, manduca o bebercio local. Y por supuesto te contamos toda la historia reciente de esta regi\u00f3n, adem\u00e1s de introducir la gran amenaza que se cierne actualmente sobre ella: los Idos.<\/p>\n<p>\u00a1INCLUYE MAPA DESPLEGABLE A TODO COLOR!<\/p>\n<p>Interior en: A4 color.<br \/>\nN\u00ba de p\u00e1ginas: 80.<br \/>\nEncuadernaci\u00f3n: r\u00fastica color.<\/p>\n","protected":false},"excerpt":{"rendered":"<p>Toda banda mercenaria necesita un lugar al que llamar hogar, un sitio al que retirarse, trincarse un par de birras y engullir unos espetos de galligarto sin tener que preocuparse por alg\u00fan capullo que intente carg\u00e1rselos. Puentechatarra sirve como un territorio neutral para las diferentes facciones locales. A su alrededor se encuentran una buena cantidad [&hellip;]<\/p>\n","protected":false},"featured_media":66651,"template":"","meta":{"_acf_changed":false},"product_brand":[],"product_cat":[1180,2103],"product_tag":[],"class_list":{"0":"post-66697","1":"product","2":"type-product","3":"status-publish","4":"has-post-thumbnail","6":"product_cat-retail-products-es","7":"product_cat-rol-es","9":"first","10":"onbackorder","11":"sale","12":"taxable","13":"shipping-taxable","14":"purchasable","15":"product-type-simple"},"exclude_global_add_ons":[],"addons":[],"acf":[],"_links":{"self":[{"href":"https:\/\/www.customeeple.com\/es\/wp-json\/wp\/v2\/product\/66697","targetHints":{"allow":["GET"]}}],"collection":[{"href":"https:\/\/www.customeeple.com\/es\/wp-json\/wp\/v2\/product"}],"about":[{"href":"https:\/\/www.customeeple.com\/es\/wp-json\/wp\/v2\/types\/product"}],"wp:featuredmedia":[{"embeddable":true,"href":"https:\/\/www.customeeple.com\/es\/wp-json\/wp\/v2\/media\/66651"}],"wp:attachment":[{"href":"https:\/\/www.customeeple.com\/es\/wp-json\/wp\/v2\/media?parent=66697"}],"wp:term":[{"taxonomy":"product_brand","embeddable":true,"href":"https:\/\/www.customeeple.com\/es\/wp-json\/wp\/v2\/product_brand?post=66697"},{"taxonomy":"product_cat","embeddable":true,"href":"https:\/\/www.customeeple.com\/es\/wp-json\/wp\/v2\/product_cat?post=66697"},{"taxonomy":"product_tag","embeddable":true,"href":"https:\/\/www.customeeple.com\/es\/wp-json\/wp\/v2\/product_tag?post=66697"}],"curies":[{"name":"wp","href":"https:\/\/api.w.org\/{rel}","templated":true}]}}