{"id":66690,"date":"2023-01-25T20:43:36","date_gmt":"2023-01-25T19:43:36","guid":{"rendered":"https:\/\/www.customeeple.com\/product\/punkapocalyptic-el-juego-de-rol\/"},"modified":"2023-01-25T20:43:36","modified_gmt":"2023-01-25T19:43:36","slug":"punkapocalyptic-el-juego-de-rol","status":"publish","type":"product","link":"https:\/\/www.customeeple.com\/es\/producto\/punkapocalyptic-el-juego-de-rol\/","title":{"rendered":"Punkapocalyptic el juego de Rol (SPA)"},"content":{"rendered":"<p>En tus partidas podr\u00e1s explorar ruinas antiguas, descubrir lugares extra\u00f1os y a gente a\u00fan m\u00e1s extra\u00f1a, regatear o trocar objetos por balas o bot\u00edn, interrogar prisioneros y luchar por tu culo. \u00a1Si tienes suerte, todo en el mismo d\u00eda! Cada misi\u00f3n que emprenda tu grupo os llevar\u00e1 a nuevos peligros, desaf\u00edos y oportunidades para labraros un nombre en el P\u00e1ramo. S\u00ed, vale, algunos vais a palmar, pero oye, nadie vive eternamente y adem\u00e1s siempre hay alg\u00fan pringao dispuesto a cubrir las bajas.<\/p>\n<p>En\u00a0<b>Punkapocalyptic: el Juego de Rol<\/b>, os meter\u00e9is en el papel de mercenarios, soldados de fortuna que recorren el P\u00e1ramo ofreciendo sus talentos y habilidades \u00fanicos al mejor postor. \u00bfQu\u00e9 sac\u00e1reis a cambio de jugaros el pellejo? Balas, manduca, agua, pastis, gasofa y recursos, todo lo cual forma lo m\u00e1s parecido a un sistema econ\u00f3mico en este mundo salvaje. Puede que incluso un trago de licor casero en el abrevadero local o un polvete r\u00e1pido en alg\u00fan asentamiento especialmente agradecido por vuestra labor. \u00a1Eh, a veces no es tan malo ser un mercenario!<\/p>\n<p>En\u00a0<b>Punkapocalyptic: el Juego de Rol<\/b>\u00a0el mundo se ha ido a a la mierda y nadie sabe exactamente por qu\u00e9. En esta tierra sombr\u00eda y radiactiva se lucha por sobrevivir, se exploran ruinas del Mundo de Anta\u00f1o y se cambiar\u00e1n sangre, sudor y l\u00e1grimas por las preciosas balas que se han convertido en la moneda con la que comerciar en los asentamientos.<\/p>\n<p><b>Punkapocalyptic: el juego de rol<\/b>\u00a0utiliza una variante del Demon Lord Engine, introducido primero en el juego de rol de horror y fantas\u00eda Shadow of the Demon Lord (La Sombra del Rey Demonio). Dise\u00f1ado para que los personajes crezcan a trav\u00e9s de una campa\u00f1a de once misiones, que los llevar\u00e1 desde lo m\u00e1s bajo hasta ser retirados con la suficiente riqueza para pasar de arriesgar el pellejo m\u00e1s. Con un desarrollo de personajes flexible, donde podr\u00e1s personalizar a tu PJ enormemente gracias a las sendas, y reglas racionalizadas y sin tonter\u00edas, puedes crearte un personaje en un abrir y cerrar de ojos para centrarte en lo importante (que es patear culos). \u00bfQuieres jugar con un constructor y pasarte el d\u00eda creando todo tipo de tecnolog\u00eda eggstra\u00f1a (rara de huevos), un mutante armado con poderes ps\u00edquicos o un psic\u00f3pata desatado al que le encanta matar? Este es tu libro.<\/p>\n<p>Interior en: A4 color.<br \/>\nN\u00ba de p\u00e1ginas: 192.<br \/>\nEncuadernaci\u00f3n: carton\u00e9 color.<\/p>\n","protected":false},"excerpt":{"rendered":"<p>En tus partidas podr\u00e1s explorar ruinas antiguas, descubrir lugares extra\u00f1os y a gente a\u00fan m\u00e1s extra\u00f1a, regatear o trocar objetos por balas o bot\u00edn, interrogar prisioneros y luchar por tu culo. \u00a1Si tienes suerte, todo en el mismo d\u00eda! Cada misi\u00f3n que emprenda tu grupo os llevar\u00e1 a nuevos peligros, desaf\u00edos y oportunidades para labraros [&hellip;]<\/p>\n","protected":false},"featured_media":66683,"template":"","meta":{"_acf_changed":false},"product_brand":[],"product_cat":[1180,2350,2103,1623],"product_tag":[],"class_list":{"0":"post-66690","1":"product","2":"type-product","3":"status-publish","4":"has-post-thumbnail","6":"product_cat-retail-products-es","7":"product_cat-punkapocalyptic-es","8":"product_cat-rol-es","9":"product_cat-wargames-es-2","11":"first","12":"onbackorder","13":"sale","14":"taxable","15":"shipping-taxable","16":"purchasable","17":"product-type-simple"},"exclude_global_add_ons":[],"addons":[],"acf":[],"_links":{"self":[{"href":"https:\/\/www.customeeple.com\/es\/wp-json\/wp\/v2\/product\/66690","targetHints":{"allow":["GET"]}}],"collection":[{"href":"https:\/\/www.customeeple.com\/es\/wp-json\/wp\/v2\/product"}],"about":[{"href":"https:\/\/www.customeeple.com\/es\/wp-json\/wp\/v2\/types\/product"}],"wp:featuredmedia":[{"embeddable":true,"href":"https:\/\/www.customeeple.com\/es\/wp-json\/wp\/v2\/media\/66683"}],"wp:attachment":[{"href":"https:\/\/www.customeeple.com\/es\/wp-json\/wp\/v2\/media?parent=66690"}],"wp:term":[{"taxonomy":"product_brand","embeddable":true,"href":"https:\/\/www.customeeple.com\/es\/wp-json\/wp\/v2\/product_brand?post=66690"},{"taxonomy":"product_cat","embeddable":true,"href":"https:\/\/www.customeeple.com\/es\/wp-json\/wp\/v2\/product_cat?post=66690"},{"taxonomy":"product_tag","embeddable":true,"href":"https:\/\/www.customeeple.com\/es\/wp-json\/wp\/v2\/product_tag?post=66690"}],"curies":[{"name":"wp","href":"https:\/\/api.w.org\/{rel}","templated":true}]}}