{"id":66689,"date":"2023-01-25T20:43:28","date_gmt":"2023-01-25T19:43:28","guid":{"rendered":"https:\/\/www.customeeple.com\/product\/starter-set-puncapocalyptic\/"},"modified":"2023-01-25T20:43:28","modified_gmt":"2023-01-25T19:43:28","slug":"starter-set-puncapocalyptic","status":"publish","type":"product","link":"https:\/\/www.customeeple.com\/es\/producto\/starter-set-puncapocalyptic\/","title":{"rendered":"Starter Set Puncapocalyptic (SPA)"},"content":{"rendered":"<p><b>Caja de inicio<\/b>\u00a0para dos jugadores. Con nuestras dos primeras facciones y posiblemente las m\u00e1s emblem\u00e1ticas: los\u00a0<b>Pandilleros\u00a0<\/b>y los\u00a0<b>Mutardos<\/b>. Esta caja sirve tanto para nuevos jugadores para que se inicien, como para que los m\u00e1s veteranos puedan a\u00f1adir nuevas miniaturas a sus bandas.<\/p>\n<p>Contiene 5 miniaturas de resina de Pandilleros, 5\u00a0miniaturas de resina de Mutardos, la miniatura de resina exclusiva de la caja del Viejo Sajarratas,11 bases de pl\u00e1stico, un reglamento de batalla (tama\u00f1o A5, 64 p\u00e1ginas en ByN, reglas generales, escenarios y reglas de Pandilleros y Mutardos), 45 marcadores de gran calidad y\u00a02 dados d10.<\/p>\n<div id=\"short_description_block\">\n<div id=\"short_description_content\" class=\"rte align_justify\">\n<p>Requiere de montaje y pintado.<\/p>\n<\/div>\n<\/div>\n","protected":false},"excerpt":{"rendered":"<p>Caja de inicio\u00a0para dos jugadores. Con nuestras dos primeras facciones y posiblemente las m\u00e1s emblem\u00e1ticas: los\u00a0Pandilleros\u00a0y los\u00a0Mutardos. Esta caja sirve tanto para nuevos jugadores para que se inicien, como para que los m\u00e1s veteranos puedan a\u00f1adir nuevas miniaturas a sus bandas. Contiene 5 miniaturas de resina de Pandilleros, 5\u00a0miniaturas de resina de Mutardos, la miniatura [&hellip;]<\/p>\n","protected":false},"featured_media":66673,"template":"","meta":{"_acf_changed":false},"product_brand":[],"product_cat":[1180,1372,1623],"product_tag":[],"class_list":{"0":"post-66689","1":"product","2":"type-product","3":"status-publish","4":"has-post-thumbnail","6":"product_cat-retail-products-es","7":"product_cat-sci-fi-es","8":"product_cat-wargames-es-2","10":"first","11":"onbackorder","12":"sale","13":"taxable","14":"shipping-taxable","15":"purchasable","16":"product-type-simple"},"exclude_global_add_ons":[],"addons":[],"acf":[],"_links":{"self":[{"href":"https:\/\/www.customeeple.com\/es\/wp-json\/wp\/v2\/product\/66689","targetHints":{"allow":["GET"]}}],"collection":[{"href":"https:\/\/www.customeeple.com\/es\/wp-json\/wp\/v2\/product"}],"about":[{"href":"https:\/\/www.customeeple.com\/es\/wp-json\/wp\/v2\/types\/product"}],"wp:featuredmedia":[{"embeddable":true,"href":"https:\/\/www.customeeple.com\/es\/wp-json\/wp\/v2\/media\/66673"}],"wp:attachment":[{"href":"https:\/\/www.customeeple.com\/es\/wp-json\/wp\/v2\/media?parent=66689"}],"wp:term":[{"taxonomy":"product_brand","embeddable":true,"href":"https:\/\/www.customeeple.com\/es\/wp-json\/wp\/v2\/product_brand?post=66689"},{"taxonomy":"product_cat","embeddable":true,"href":"https:\/\/www.customeeple.com\/es\/wp-json\/wp\/v2\/product_cat?post=66689"},{"taxonomy":"product_tag","embeddable":true,"href":"https:\/\/www.customeeple.com\/es\/wp-json\/wp\/v2\/product_tag?post=66689"}],"curies":[{"name":"wp","href":"https:\/\/api.w.org\/{rel}","templated":true}]}}