{"id":66687,"date":"2023-01-25T20:43:10","date_gmt":"2023-01-25T19:43:10","guid":{"rendered":"https:\/\/www.customeeple.com\/product\/starter-v-reich\/"},"modified":"2023-01-25T20:43:10","modified_gmt":"2023-01-25T19:43:10","slug":"starter-v-reich","status":"publish","type":"product","link":"https:\/\/www.customeeple.com\/es\/producto\/starter-v-reich\/","title":{"rendered":"Starter V Reich"},"content":{"rendered":"<p>Pack compuesto por cinco miniaturas del V Reich. Incluye Mariscal (pistola y armadura met\u00e1lica), Sanitaria (filo peque\u00f1o \/ pistola), Soldat (rifle y protecci\u00f3n contra la contaminaci\u00f3n), \u00dcbersoldat (escopeta, armadura met\u00e1lica y protecci\u00f3n contra la contaminaci\u00f3n) y Subhumano.<\/p>\n<div id=\"short_description_block\">\n<div id=\"short_description_content\" class=\"rte align_justify\">\n<p>Contiene cinco miniaturas de resina y cinco bases.<\/p>\n<p>Requiere de montaje y pintado.<\/p>\n<\/div>\n<\/div>\n","protected":false},"excerpt":{"rendered":"<p>Pack compuesto por cinco miniaturas del V Reich. Incluye Mariscal (pistola y armadura met\u00e1lica), Sanitaria (filo peque\u00f1o \/ pistola), Soldat (rifle y protecci\u00f3n contra la contaminaci\u00f3n), \u00dcbersoldat (escopeta, armadura met\u00e1lica y protecci\u00f3n contra la contaminaci\u00f3n) y Subhumano. Contiene cinco miniaturas de resina y cinco bases. Requiere de montaje y pintado.<\/p>\n","protected":false},"featured_media":66667,"template":"","meta":{"_acf_changed":false},"product_brand":[],"product_cat":[1180,1372,1623],"product_tag":[],"class_list":{"0":"post-66687","1":"product","2":"type-product","3":"status-publish","4":"has-post-thumbnail","6":"product_cat-retail-products-es","7":"product_cat-sci-fi-es","8":"product_cat-wargames-es-2","10":"first","11":"onbackorder","12":"sale","13":"taxable","14":"shipping-taxable","15":"purchasable","16":"product-type-simple"},"exclude_global_add_ons":[],"addons":[],"acf":[],"_links":{"self":[{"href":"https:\/\/www.customeeple.com\/es\/wp-json\/wp\/v2\/product\/66687","targetHints":{"allow":["GET"]}}],"collection":[{"href":"https:\/\/www.customeeple.com\/es\/wp-json\/wp\/v2\/product"}],"about":[{"href":"https:\/\/www.customeeple.com\/es\/wp-json\/wp\/v2\/types\/product"}],"wp:featuredmedia":[{"embeddable":true,"href":"https:\/\/www.customeeple.com\/es\/wp-json\/wp\/v2\/media\/66667"}],"wp:attachment":[{"href":"https:\/\/www.customeeple.com\/es\/wp-json\/wp\/v2\/media?parent=66687"}],"wp:term":[{"taxonomy":"product_brand","embeddable":true,"href":"https:\/\/www.customeeple.com\/es\/wp-json\/wp\/v2\/product_brand?post=66687"},{"taxonomy":"product_cat","embeddable":true,"href":"https:\/\/www.customeeple.com\/es\/wp-json\/wp\/v2\/product_cat?post=66687"},{"taxonomy":"product_tag","embeddable":true,"href":"https:\/\/www.customeeple.com\/es\/wp-json\/wp\/v2\/product_tag?post=66687"}],"curies":[{"name":"wp","href":"https:\/\/api.w.org\/{rel}","templated":true}]}}