{"id":66686,"date":"2023-01-25T20:42:22","date_gmt":"2023-01-25T19:42:22","guid":{"rendered":"https:\/\/www.customeeple.com\/product\/heroquest-el-retorno-del-senor-de-los-brujos\/"},"modified":"2023-01-25T20:42:22","modified_gmt":"2023-01-25T19:42:22","slug":"heroquest-el-retorno-del-senor-de-los-brujos","status":"publish","type":"product","link":"https:\/\/www.customeeple.com\/es\/producto\/heroquest-el-retorno-del-senor-de-los-brujos\/","title":{"rendered":"Heroquest: El retorno del se\u00f1or de los brujos (SPA)"},"content":{"rendered":"<p>El cruel Se\u00f1or de los Brujos sobrevivi\u00f3 a la gran batalla y se refugi\u00f3 en su fortaleza subterr\u00e1nea. Pronto habr\u00e1 recuperado las fuerzas suficientes para dirigir su ej\u00e9rcito mutante en su venganza contra el Reino. Deb\u00e9is viajar a trav\u00e9s de las tierras inh\u00f3spitas y enfrentaros al Se\u00f1or de los Brujos.<br \/>\n\u00a1Tened cuidado! Su fortaleza est\u00e1 plagada de legiones de monstruos y trampas mortales.<br \/>\n<strong>CONTENIDO<\/strong><br \/>\n1 libro de diez misiones, 16 Miniaturas: 8 Esqueletos, 4 momias y 4 zombies, 1 Hoja de Ficha de cart\u00f3n, 2 Puertas de Mazmorra, 14 cartas de Juego.<br \/>\n<strong>NOTA<\/strong><br \/>\nSe necesita el Juego B\u00e1sico de HeroQuest para jugar (se vende por separado)<\/p>\n","protected":false},"excerpt":{"rendered":"<p>El cruel Se\u00f1or de los Brujos sobrevivi\u00f3 a la gran batalla y se refugi\u00f3 en su fortaleza subterr\u00e1nea. Pronto habr\u00e1 recuperado las fuerzas suficientes para dirigir su ej\u00e9rcito mutante en su venganza contra el Reino. Deb\u00e9is viajar a trav\u00e9s de las tierras inh\u00f3spitas y enfrentaros al Se\u00f1or de los Brujos. \u00a1Tened cuidado! Su fortaleza est\u00e1 [&hellip;]<\/p>\n","protected":false},"featured_media":66675,"template":"","meta":{"_acf_changed":false},"product_brand":[],"product_cat":[1653,1555,1180],"product_tag":[],"class_list":{"0":"post-66686","1":"product","2":"type-product","3":"status-publish","4":"has-post-thumbnail","6":"product_cat-boardgames","7":"product_cat-miniature-games-es","8":"product_cat-retail-products-es","10":"first","11":"outofstock","12":"sale","13":"taxable","14":"shipping-taxable","15":"purchasable","16":"product-type-simple"},"exclude_global_add_ons":[],"addons":[],"acf":[],"_links":{"self":[{"href":"https:\/\/www.customeeple.com\/es\/wp-json\/wp\/v2\/product\/66686","targetHints":{"allow":["GET"]}}],"collection":[{"href":"https:\/\/www.customeeple.com\/es\/wp-json\/wp\/v2\/product"}],"about":[{"href":"https:\/\/www.customeeple.com\/es\/wp-json\/wp\/v2\/types\/product"}],"wp:featuredmedia":[{"embeddable":true,"href":"https:\/\/www.customeeple.com\/es\/wp-json\/wp\/v2\/media\/66675"}],"wp:attachment":[{"href":"https:\/\/www.customeeple.com\/es\/wp-json\/wp\/v2\/media?parent=66686"}],"wp:term":[{"taxonomy":"product_brand","embeddable":true,"href":"https:\/\/www.customeeple.com\/es\/wp-json\/wp\/v2\/product_brand?post=66686"},{"taxonomy":"product_cat","embeddable":true,"href":"https:\/\/www.customeeple.com\/es\/wp-json\/wp\/v2\/product_cat?post=66686"},{"taxonomy":"product_tag","embeddable":true,"href":"https:\/\/www.customeeple.com\/es\/wp-json\/wp\/v2\/product_tag?post=66686"}],"curies":[{"name":"wp","href":"https:\/\/api.w.org\/{rel}","templated":true}]}}