{"id":66684,"date":"2023-01-25T20:41:05","date_gmt":"2023-01-25T19:41:05","guid":{"rendered":"https:\/\/www.customeeple.com\/product\/times-up-family-naranja\/"},"modified":"2023-01-25T20:41:05","modified_gmt":"2023-01-25T19:41:05","slug":"times-up-family-naranja","status":"publish","type":"product","link":"https:\/\/www.customeeple.com\/es\/producto\/times-up-family-naranja\/","title":{"rendered":"Time&#8217;s Up!: Family (NARANJA) (SPA)"},"content":{"rendered":"<p>Time\u2019s Up es el juego de adivinar personajes que cada d\u00eda gana m\u00e1s adeptos. Tu objetivo es sencillo: tendr\u00e1s que hacer adivinar personajes famosos, reales o ficticios, a tus compa\u00f1eros de equipo.<\/p>\n<p>En esta edici\u00f3n de Time\u2019s Up! Family podr\u00e1s pasar un rato muy divertido con toda la familia, grandes o peque\u00f1os. Se juega en tres rondas, con 2 o m\u00e1s equipos. El objetivo es adivinar objetos, animales, acciones, oficios\u2026 El equipo con m\u00e1s puntos al final de la partida, gana.<\/p>\n<p><strong>CONTENIDO<\/strong><br \/>\n220 cartas, 1 libreta de puntuaci\u00f3n, 1 reloj de arena, Bolsa de transporte y Reglas.<\/p>\n","protected":false},"excerpt":{"rendered":"<p>Time\u2019s Up es el juego de adivinar personajes que cada d\u00eda gana m\u00e1s adeptos. Tu objetivo es sencillo: tendr\u00e1s que hacer adivinar personajes famosos, reales o ficticios, a tus compa\u00f1eros de equipo. En esta edici\u00f3n de Time\u2019s Up! Family podr\u00e1s pasar un rato muy divertido con toda la familia, grandes o peque\u00f1os. Se juega en [&hellip;]<\/p>\n","protected":false},"featured_media":66681,"template":"","meta":{"_acf_changed":false},"product_brand":[],"product_cat":[1561,2004,1653,1180],"product_tag":[],"class_list":{"0":"post-66684","1":"product","2":"type-product","3":"status-publish","4":"has-post-thumbnail","6":"product_cat-familiar-es","7":"product_cat-party-game-es","8":"product_cat-boardgames","9":"product_cat-retail-products-es","11":"first","12":"onbackorder","13":"sale","14":"taxable","15":"shipping-taxable","16":"purchasable","17":"product-type-simple"},"exclude_global_add_ons":[],"addons":[],"acf":[],"_links":{"self":[{"href":"https:\/\/www.customeeple.com\/es\/wp-json\/wp\/v2\/product\/66684","targetHints":{"allow":["GET"]}}],"collection":[{"href":"https:\/\/www.customeeple.com\/es\/wp-json\/wp\/v2\/product"}],"about":[{"href":"https:\/\/www.customeeple.com\/es\/wp-json\/wp\/v2\/types\/product"}],"wp:featuredmedia":[{"embeddable":true,"href":"https:\/\/www.customeeple.com\/es\/wp-json\/wp\/v2\/media\/66681"}],"wp:attachment":[{"href":"https:\/\/www.customeeple.com\/es\/wp-json\/wp\/v2\/media?parent=66684"}],"wp:term":[{"taxonomy":"product_brand","embeddable":true,"href":"https:\/\/www.customeeple.com\/es\/wp-json\/wp\/v2\/product_brand?post=66684"},{"taxonomy":"product_cat","embeddable":true,"href":"https:\/\/www.customeeple.com\/es\/wp-json\/wp\/v2\/product_cat?post=66684"},{"taxonomy":"product_tag","embeddable":true,"href":"https:\/\/www.customeeple.com\/es\/wp-json\/wp\/v2\/product_tag?post=66684"}],"curies":[{"name":"wp","href":"https:\/\/api.w.org\/{rel}","templated":true}]}}