{"id":66647,"date":"2023-01-19T20:42:12","date_gmt":"2023-01-19T19:42:12","guid":{"rendered":"https:\/\/www.customeeple.com\/product\/after-the-virus-la-gran-helada\/"},"modified":"2023-01-19T20:42:12","modified_gmt":"2023-01-19T19:42:12","slug":"after-the-virus-la-gran-helada","status":"publish","type":"product","link":"https:\/\/www.customeeple.com\/es\/producto\/after-the-virus-la-gran-helada\/","title":{"rendered":"After the Virus: La gran Helada (SPA)"},"content":{"rendered":"<p>El verano est\u00e1 tocando a su fin y ha llegado la hora de prepararse para un largo y fr\u00edo invierno, repleto de nuevos peligros\u2026<\/p>\n<p>La Helada lleva el apocalipsis de After the Virus a un nivel completamente diferente con nuevos personajes, zombis especiales y montones de armas, trampas y equipo nuevo. La nueva campa\u00f1a permite a los jugadores guardar su progreso entre misiones y desarrollar su mazo con el tiempo.<\/p>\n<p>\u00bfDecidir\u00e1s especializarte en armaduras y armas contundentes? \u00bfO ampliar\u00e1s tu colecci\u00f3n de compa\u00f1eros y animales?<\/p>\n<p>La gran helada es una expansi\u00f3n para After the Virus. Requiere la caja base para jugar.<\/p>\n<p><strong><a class=\"btn btn-default\" href=\"https:\/\/boardgamegeek.com\/boardgame\/371562\/after-virus-long-cold\" target=\"_blank\" rel=\"noreferrer noopener\">ENLACE A LA BGG<\/a><\/strong><\/p>\n","protected":false},"excerpt":{"rendered":"<p>El verano est\u00e1 tocando a su fin y ha llegado la hora de prepararse para un largo y fr\u00edo invierno, repleto de nuevos peligros\u2026 La Helada lleva el apocalipsis de After the Virus a un nivel completamente diferente con nuevos personajes, zombis especiales y montones de armas, trampas y equipo nuevo. La nueva campa\u00f1a permite [&hellip;]<\/p>\n","protected":false},"featured_media":66640,"template":"","meta":{"_acf_changed":false},"product_brand":[],"product_cat":[1653,1180],"product_tag":[],"class_list":{"0":"post-66647","1":"product","2":"type-product","3":"status-publish","4":"has-post-thumbnail","6":"product_cat-boardgames","7":"product_cat-retail-products-es","9":"first","10":"onbackorder","11":"sale","12":"taxable","13":"shipping-taxable","14":"purchasable","15":"product-type-simple"},"exclude_global_add_ons":[],"addons":[],"acf":[],"_links":{"self":[{"href":"https:\/\/www.customeeple.com\/es\/wp-json\/wp\/v2\/product\/66647","targetHints":{"allow":["GET"]}}],"collection":[{"href":"https:\/\/www.customeeple.com\/es\/wp-json\/wp\/v2\/product"}],"about":[{"href":"https:\/\/www.customeeple.com\/es\/wp-json\/wp\/v2\/types\/product"}],"wp:featuredmedia":[{"embeddable":true,"href":"https:\/\/www.customeeple.com\/es\/wp-json\/wp\/v2\/media\/66640"}],"wp:attachment":[{"href":"https:\/\/www.customeeple.com\/es\/wp-json\/wp\/v2\/media?parent=66647"}],"wp:term":[{"taxonomy":"product_brand","embeddable":true,"href":"https:\/\/www.customeeple.com\/es\/wp-json\/wp\/v2\/product_brand?post=66647"},{"taxonomy":"product_cat","embeddable":true,"href":"https:\/\/www.customeeple.com\/es\/wp-json\/wp\/v2\/product_cat?post=66647"},{"taxonomy":"product_tag","embeddable":true,"href":"https:\/\/www.customeeple.com\/es\/wp-json\/wp\/v2\/product_tag?post=66647"}],"curies":[{"name":"wp","href":"https:\/\/api.w.org\/{rel}","templated":true}]}}