{"id":66631,"date":"2023-01-18T20:38:43","date_gmt":"2023-01-18T19:38:43","guid":{"rendered":"https:\/\/www.customeeple.com\/product\/serberys-raiders\/"},"modified":"2023-11-23T00:00:24","modified_gmt":"2023-11-22T23:00:24","slug":"serberys-raiders","status":"publish","type":"product","link":"https:\/\/www.customeeple.com\/es\/producto\/serberys-raiders\/","title":{"rendered":"Serberys Raiders"},"content":{"rendered":"<p>Ser promovido de los man\u00edpulos de Skitarii al cuerpo de Serberys es un gran honor. Montan construcciones cuadr\u00fapedas r\u00e1pidas cuyas extremidades con garras de afeitar les permiten maniobrar f\u00e1cilmente sobre el terreno m\u00e1s destrozado, mientras que sus jinetes est\u00e1n encerrados en posiciones de giro estabilizado. Los Serberys Raiders son exploradores y escoltas de largo alcance. Sobresalen en flanquear a las fuerzas enemigas y eliminar activos desprotegidos. Las matrices oculares avanzadas implantadas en los cr\u00e1neos de los jinetes est\u00e1n unidas noosf\u00e9ricamente con sus monturas, lo que garantiza la m\u00e1xima precisi\u00f3n, mientras que los sensores olfativos finamente calibrados y un equipo de augurio sensibles los convierten en rastreadores perseguidos y temidos.<\/p>\n<p>Los Serberys Raiders est\u00e1n bien equipados para el combate a cualquier distancia, con carabinas galv\u00e1nicas que les ofrecen alcance a distancia y sables de caballer\u00eda finamente dise\u00f1ados para el combate cuerpo a cuerpo. El Alfa de la escuadra tambi\u00e9n est\u00e1 armado con un potente arqueorrev\u00f3lver. Se convierten en una unidad de vanguardia vers\u00e1til, capaz de cabalgar delante de sus compa\u00f1eros Skitarii e incluso atacar a los activos del mando enemigo.<\/p>\n<p>Este kit se puede usar alternativamente para montar una unidad de Serberys Sulphurhounds, lo que significa que, independientemente de la unidad que montes, terminar\u00e1s con muchas piezas de repuesto para personalizar tu colecci\u00f3n.<\/p>\n<p>Este kit se suministra en 103 piezas de pl\u00e1stico con los que se pueden montar tres miniaturas, cada una con una peana ovalada Citadel de 60 x 35 mm. Tambi\u00e9n se incluye una hoja de calcoman\u00edas del Adeptus Mechanicus.<\/p>\n","protected":false},"excerpt":{"rendered":"<p>Ser promovido de los man\u00edpulos de Skitarii al cuerpo de Serberys es un gran honor. Montan construcciones cuadr\u00fapedas r\u00e1pidas cuyas extremidades con garras de afeitar les permiten maniobrar f\u00e1cilmente sobre el terreno m\u00e1s destrozado, mientras que sus jinetes est\u00e1n encerrados en posiciones de giro estabilizado. Los Serberys Raiders son exploradores y escoltas de largo alcance. [&hellip;]<\/p>\n","protected":false},"featured_media":66623,"template":"","meta":{"_acf_changed":false},"product_brand":[],"product_cat":[1177,1180,1623,1229],"product_tag":[],"class_list":{"0":"post-66631","1":"product","2":"type-product","3":"status-publish","4":"has-post-thumbnail","6":"product_cat-games-workshop-es","7":"product_cat-retail-products-es","8":"product_cat-wargames-es-2","9":"product_cat-warhammer-40k-es","11":"first","12":"onbackorder","13":"sale","14":"taxable","15":"shipping-taxable","16":"purchasable","17":"product-type-simple"},"exclude_global_add_ons":[],"addons":[],"acf":[],"_links":{"self":[{"href":"https:\/\/www.customeeple.com\/es\/wp-json\/wp\/v2\/product\/66631","targetHints":{"allow":["GET"]}}],"collection":[{"href":"https:\/\/www.customeeple.com\/es\/wp-json\/wp\/v2\/product"}],"about":[{"href":"https:\/\/www.customeeple.com\/es\/wp-json\/wp\/v2\/types\/product"}],"wp:featuredmedia":[{"embeddable":true,"href":"https:\/\/www.customeeple.com\/es\/wp-json\/wp\/v2\/media\/66623"}],"wp:attachment":[{"href":"https:\/\/www.customeeple.com\/es\/wp-json\/wp\/v2\/media?parent=66631"}],"wp:term":[{"taxonomy":"product_brand","embeddable":true,"href":"https:\/\/www.customeeple.com\/es\/wp-json\/wp\/v2\/product_brand?post=66631"},{"taxonomy":"product_cat","embeddable":true,"href":"https:\/\/www.customeeple.com\/es\/wp-json\/wp\/v2\/product_cat?post=66631"},{"taxonomy":"product_tag","embeddable":true,"href":"https:\/\/www.customeeple.com\/es\/wp-json\/wp\/v2\/product_tag?post=66631"}],"curies":[{"name":"wp","href":"https:\/\/api.w.org\/{rel}","templated":true}]}}