{"id":66629,"date":"2023-01-11T20:48:02","date_gmt":"2023-01-11T19:48:02","guid":{"rendered":"https:\/\/www.customeeple.com\/product\/throw-throw-avocado\/"},"modified":"2023-01-11T20:48:02","modified_gmt":"2023-01-11T19:48:02","slug":"throw-throw-avocado","status":"publish","type":"product","link":"https:\/\/www.customeeple.com\/es\/producto\/throw-throw-avocado\/","title":{"rendered":"Throw Throw Avocado (SPA)"},"content":{"rendered":"<p><span dir=\"ltr\">Throw Throw Avocado no se parece a ning\u00fan otro juego que hayas jugado jam\u00e1s&#8230; \u00a1A no ser que hayas jugado a Throw Throw Burrito, claro! Lo que no sabes es que la versi\u00f3n aguacatera del juego incluye nuevas cartas, nuevas formas de enfrentarte a tus amigos y, atenci\u00f3n, la posibilidad de combinar ambos t\u00edtulos para formar el gran juego de batallas de comida tex mex. \u00a1Y por supuesto los dos aguacates m\u00e1s blanditos y adorables que has visto en tu vida listos para que intentes asesinar a tus amigos con ellos!<\/span><\/p>\n<p><strong>CONTENIDO<\/strong><br \/>\n20 cartas, 2 aguacates, 6 fichas de morat\u00f3n de aguacate, 1 insignia T\u00e9meme.<\/p>\n","protected":false},"excerpt":{"rendered":"<p>Throw Throw Avocado no se parece a ning\u00fan otro juego que hayas jugado jam\u00e1s&#8230; \u00a1A no ser que hayas jugado a Throw Throw Burrito, claro! Lo que no sabes es que la versi\u00f3n aguacatera del juego incluye nuevas cartas, nuevas formas de enfrentarte a tus amigos y, atenci\u00f3n, la posibilidad de combinar ambos t\u00edtulos para [&hellip;]<\/p>\n","protected":false},"featured_media":66619,"template":"","meta":{"_acf_changed":false},"product_brand":[],"product_cat":[2004,1653,1180],"product_tag":[],"class_list":{"0":"post-66629","1":"product","2":"type-product","3":"status-publish","4":"has-post-thumbnail","6":"product_cat-party-game-es","7":"product_cat-boardgames","8":"product_cat-retail-products-es","10":"first","11":"onbackorder","12":"sale","13":"taxable","14":"shipping-taxable","15":"purchasable","16":"product-type-simple"},"exclude_global_add_ons":[],"addons":[],"acf":[],"_links":{"self":[{"href":"https:\/\/www.customeeple.com\/es\/wp-json\/wp\/v2\/product\/66629","targetHints":{"allow":["GET"]}}],"collection":[{"href":"https:\/\/www.customeeple.com\/es\/wp-json\/wp\/v2\/product"}],"about":[{"href":"https:\/\/www.customeeple.com\/es\/wp-json\/wp\/v2\/types\/product"}],"wp:featuredmedia":[{"embeddable":true,"href":"https:\/\/www.customeeple.com\/es\/wp-json\/wp\/v2\/media\/66619"}],"wp:attachment":[{"href":"https:\/\/www.customeeple.com\/es\/wp-json\/wp\/v2\/media?parent=66629"}],"wp:term":[{"taxonomy":"product_brand","embeddable":true,"href":"https:\/\/www.customeeple.com\/es\/wp-json\/wp\/v2\/product_brand?post=66629"},{"taxonomy":"product_cat","embeddable":true,"href":"https:\/\/www.customeeple.com\/es\/wp-json\/wp\/v2\/product_cat?post=66629"},{"taxonomy":"product_tag","embeddable":true,"href":"https:\/\/www.customeeple.com\/es\/wp-json\/wp\/v2\/product_tag?post=66629"}],"curies":[{"name":"wp","href":"https:\/\/api.w.org\/{rel}","templated":true}]}}