{"id":66628,"date":"2023-01-04T21:00:00","date_gmt":"2023-01-04T20:00:00","guid":{"rendered":"https:\/\/www.customeeple.com\/product\/daughters-of-khaine-blood-sisters\/"},"modified":"2023-01-04T21:00:00","modified_gmt":"2023-01-04T20:00:00","slug":"daughters-of-khaine-blood-sisters","status":"publish","type":"product","link":"https:\/\/www.customeeple.com\/es\/producto\/daughters-of-khaine-blood-sisters\/","title":{"rendered":"Daughters Of Khaine: Blood Sisters"},"content":{"rendered":"<p>Las Blood Sisters son poderosas guerreras que sirven como escolta a High Priestesses o a Bloodwrack Medusae, o hacen las veces de vanguardia de choque de los aquelarres de guerra. Cada Blood Sister va armada con un espad\u00f3n corazonada, una pesada arma de asta id\u00f3nea para hender armaduras y cajas tor\u00e1cicas hasta partir en dos el coraz\u00f3n de un enemigo. Las Blood Sisters tambi\u00e9n pueden canalizar la oscuridad de sus almas corruptas con el golpe llamado \u201ctoque sc\u00e1th\u201d que convierte a su v\u00edctima en una estatua de cristal, inm\u00f3vil pero perfectamente consciente. El ataque m\u00e1s cruel de una Blood Sister consiste en asestar un golpe de espad\u00f3n tan r\u00e1pido que arranque el coraz\u00f3n a\u00fan palpitante del enemigo al mismo tiempo que el toque sc\u00e1th lo cristaliza, dej\u00e1ndolo atrapado eternamente en una agon\u00eda horrible.<\/p>\n<p>Este kit multicomponente de pl\u00e1stico incluye todas las piezas necesarias para montar 5 Blood Sisters. Lo primero que te llamar\u00e1 la atenci\u00f3n de estas miniaturas son sus piernas, o su falta de ellas mejor dicho. Transfiguradas a imagen y semejanza de su creadora, Morathi, la mitad inferior de sus cuerpos adopta la forma de una siniestra serpiente. Sus torsos lucen cintos de metal sujetos con fajas, as\u00ed como petos de armadura. Las Blood Sisters cubren completamente sus rostros con m\u00e1scaras intimidatorias que presentan expresiones de furia y serpientes que recogen sus abundantes melenas. Tienes la opci\u00f3n de montar 1 miniatura como Gorgai, la l\u00edder de la unidad, que se diferencia por su m\u00e1scara enjoyada, un espad\u00f3n corazonada \u00fanico y un desagradable trofeo: el coraz\u00f3n de una desafortunada v\u00edctima, que aferra con orgullo en su mano izquierda.<\/p>\n<p>Las Melusai Blood Sisters constan de 100 piezas e incluyen 5 peanas redondas Citadel de 40 mm. Como alternativa, este kit permite montar 5 Melusai Blood Stalkers.<\/p>\n","protected":false},"excerpt":{"rendered":"<p>Las Blood Sisters son poderosas guerreras que sirven como escolta a High Priestesses o a Bloodwrack Medusae, o hacen las veces de vanguardia de choque de los aquelarres de guerra. Cada Blood Sister va armada con un espad\u00f3n corazonada, una pesada arma de asta id\u00f3nea para hender armaduras y cajas tor\u00e1cicas hasta partir en dos [&hellip;]<\/p>\n","protected":false},"featured_media":66625,"template":"","meta":{"_acf_changed":false},"product_brand":[],"product_cat":[1177,1180,1623,1654],"product_tag":[],"class_list":{"0":"post-66628","1":"product","2":"type-product","3":"status-publish","4":"has-post-thumbnail","6":"product_cat-games-workshop-es","7":"product_cat-retail-products-es","8":"product_cat-wargames-es-2","9":"product_cat-warhammer-age-of-sigmar-es-2","11":"first","12":"onbackorder","13":"taxable","14":"shipping-taxable","15":"purchasable","16":"product-type-simple"},"exclude_global_add_ons":[],"addons":[],"acf":[],"_links":{"self":[{"href":"https:\/\/www.customeeple.com\/es\/wp-json\/wp\/v2\/product\/66628","targetHints":{"allow":["GET"]}}],"collection":[{"href":"https:\/\/www.customeeple.com\/es\/wp-json\/wp\/v2\/product"}],"about":[{"href":"https:\/\/www.customeeple.com\/es\/wp-json\/wp\/v2\/types\/product"}],"wp:featuredmedia":[{"embeddable":true,"href":"https:\/\/www.customeeple.com\/es\/wp-json\/wp\/v2\/media\/66625"}],"wp:attachment":[{"href":"https:\/\/www.customeeple.com\/es\/wp-json\/wp\/v2\/media?parent=66628"}],"wp:term":[{"taxonomy":"product_brand","embeddable":true,"href":"https:\/\/www.customeeple.com\/es\/wp-json\/wp\/v2\/product_brand?post=66628"},{"taxonomy":"product_cat","embeddable":true,"href":"https:\/\/www.customeeple.com\/es\/wp-json\/wp\/v2\/product_cat?post=66628"},{"taxonomy":"product_tag","embeddable":true,"href":"https:\/\/www.customeeple.com\/es\/wp-json\/wp\/v2\/product_tag?post=66628"}],"curies":[{"name":"wp","href":"https:\/\/api.w.org\/{rel}","templated":true}]}}