{"id":66613,"date":"2023-01-04T20:59:47","date_gmt":"2023-01-04T19:59:47","guid":{"rendered":"https:\/\/www.customeeple.com\/product\/azul-master-chocolatier\/"},"modified":"2023-01-04T20:59:47","modified_gmt":"2023-01-04T19:59:47","slug":"azul-master-chocolatier","status":"publish","type":"product","link":"https:\/\/www.customeeple.com\/es\/producto\/azul-master-chocolatier\/","title":{"rendered":"Azul: Master Chocolatier (SPA)"},"content":{"rendered":"<p>La edici\u00f3n\u00a0<em>Azul Maestros chocolateros<\/em>\u00a0conmemora el fant\u00e1stico trabajo de los artistas especializados en azulejos que se dedican a decorar las paredes del Palacio Real. Esta edici\u00f3n especial es ideal para regalar a quienes disfrutan con los juegos de colocaci\u00f3n de losetas.<br \/>\nLas losetas son ahora r\u00e9plicas de onzas de chocolate inspiradas en el trabajo de los mejores chocolateros del mundo. \u00a1Cuidado! Ninguno de los componentes de este juego est\u00e1 hecho de chocolate de verdad. No te los vayas a comer.<\/p>\n<p><strong>CONTENIDO<\/strong><br \/>\n100 Onzas de chocolate de resina, 4 tableros individuales, 9 Expositores de f\u00e1brica de doble cara, 4 marcadores de punto, 1 marcador de Participante inicial, 1 bolsa de lino, 1 reglamento.<\/p>\n","protected":false},"excerpt":{"rendered":"<p>La edici\u00f3n\u00a0Azul Maestros chocolateros\u00a0conmemora el fant\u00e1stico trabajo de los artistas especializados en azulejos que se dedican a decorar las paredes del Palacio Real. Esta edici\u00f3n especial es ideal para regalar a quienes disfrutan con los juegos de colocaci\u00f3n de losetas. Las losetas son ahora r\u00e9plicas de onzas de chocolate inspiradas en el trabajo de los [&hellip;]<\/p>\n","protected":false},"featured_media":66604,"template":"","meta":{"_acf_changed":false},"product_brand":[],"product_cat":[1561,1653,1180],"product_tag":[],"class_list":{"0":"post-66613","1":"product","2":"type-product","3":"status-publish","4":"has-post-thumbnail","6":"product_cat-familiar-es","7":"product_cat-boardgames","8":"product_cat-retail-products-es","10":"first","11":"onbackorder","12":"sale","13":"taxable","14":"shipping-taxable","15":"purchasable","16":"product-type-simple"},"exclude_global_add_ons":[],"addons":[],"acf":[],"_links":{"self":[{"href":"https:\/\/www.customeeple.com\/es\/wp-json\/wp\/v2\/product\/66613","targetHints":{"allow":["GET"]}}],"collection":[{"href":"https:\/\/www.customeeple.com\/es\/wp-json\/wp\/v2\/product"}],"about":[{"href":"https:\/\/www.customeeple.com\/es\/wp-json\/wp\/v2\/types\/product"}],"wp:featuredmedia":[{"embeddable":true,"href":"https:\/\/www.customeeple.com\/es\/wp-json\/wp\/v2\/media\/66604"}],"wp:attachment":[{"href":"https:\/\/www.customeeple.com\/es\/wp-json\/wp\/v2\/media?parent=66613"}],"wp:term":[{"taxonomy":"product_brand","embeddable":true,"href":"https:\/\/www.customeeple.com\/es\/wp-json\/wp\/v2\/product_brand?post=66613"},{"taxonomy":"product_cat","embeddable":true,"href":"https:\/\/www.customeeple.com\/es\/wp-json\/wp\/v2\/product_cat?post=66613"},{"taxonomy":"product_tag","embeddable":true,"href":"https:\/\/www.customeeple.com\/es\/wp-json\/wp\/v2\/product_tag?post=66613"}],"curies":[{"name":"wp","href":"https:\/\/api.w.org\/{rel}","templated":true}]}}