{"id":66612,"date":"2023-01-04T20:55:14","date_gmt":"2023-01-04T19:55:14","guid":{"rendered":"https:\/\/www.customeeple.com\/product\/aos-paints-tools-set-2\/"},"modified":"2023-01-04T20:55:14","modified_gmt":"2023-01-04T19:55:14","slug":"aos-paints-tools-set-2","status":"publish","type":"product","link":"https:\/\/www.customeeple.com\/es\/producto\/aos-paints-tools-set-2\/","title":{"rendered":"AoS Paints + Tools set"},"content":{"rendered":"<p>Montar y pintar miniaturas es una forma divertida y emocionante de dedicarse a este hobby, y se vuelve m\u00e1s gratificante con el tiempo. Necesitar\u00e1s unas cuantas herramientas y unas cuantas pinturas para empezar, y esta caja incluye los elementos b\u00e1sicos que formar\u00e1n el n\u00facleo de tu caja de herramientas para el hobby.<\/p>\n<p>Este set contiene unas c\u00f3modas tenacillas para sacar tus miniaturas de la matriz, una herramienta de limpieza de l\u00edneas de molde para ayudar a prepararlos para la pintura y un pincel Starter del tama\u00f1o justo para pintar lo m\u00e1s b\u00e1sico.<\/p>\n<p>En el interior encontrar\u00e1s 13 pinturas en botes de 12 ml, incluyendo los colores esenciales necesarios para pintar tus Forjados en la Tormenta de la Huestormenta de los Martillos de Sigmar y tus Kruleboyz de los Orruk, adem\u00e1s de una pintura Technical para tus bases.<\/p>\n<p><strong>1 Corax White<br \/>\n1 Abaddon Black<br \/>\n1 Averland Sunset<br \/>\n1 Leadbelcher<br \/>\n1 Kantor Blue<br \/>\n1 Mephiston Red<br \/>\n1 Rhinox Hide<br \/>\n1 Retributor Armour<br \/>\n1 Orruk Flesh<br \/>\n1 Bugman\u2019s Glow<br \/>\n1 Steel Legion Drab<br \/>\n1 Stirland Mud<br \/>\n1 Agrax Earthshade<\/strong><\/p>\n<p>Esta caja tambi\u00e9n incluye las siguientes herramientas:<\/p>\n<p><strong>1 Pincel Starter de Citadel<br \/>\n1 Tenacillas<br \/>\n1 herramienta de limpieza de l\u00edneas de molde<\/strong><\/p>\n","protected":false},"excerpt":{"rendered":"<p>Montar y pintar miniaturas es una forma divertida y emocionante de dedicarse a este hobby, y se vuelve m\u00e1s gratificante con el tiempo. Necesitar\u00e1s unas cuantas herramientas y unas cuantas pinturas para empezar, y esta caja incluye los elementos b\u00e1sicos que formar\u00e1n el n\u00facleo de tu caja de herramientas para el hobby. Este set contiene [&hellip;]<\/p>\n","protected":false},"featured_media":66608,"template":"","meta":{"_acf_changed":false},"product_brand":[],"product_cat":[1401,1180],"product_tag":[],"class_list":{"0":"post-66612","1":"product","2":"type-product","3":"status-publish","4":"has-post-thumbnail","6":"product_cat-pintura-y-modelismo","7":"product_cat-retail-products-es","9":"first","10":"onbackorder","11":"sale","12":"taxable","13":"shipping-taxable","14":"purchasable","15":"product-type-simple"},"exclude_global_add_ons":[],"addons":[],"acf":[],"_links":{"self":[{"href":"https:\/\/www.customeeple.com\/es\/wp-json\/wp\/v2\/product\/66612","targetHints":{"allow":["GET"]}}],"collection":[{"href":"https:\/\/www.customeeple.com\/es\/wp-json\/wp\/v2\/product"}],"about":[{"href":"https:\/\/www.customeeple.com\/es\/wp-json\/wp\/v2\/types\/product"}],"wp:featuredmedia":[{"embeddable":true,"href":"https:\/\/www.customeeple.com\/es\/wp-json\/wp\/v2\/media\/66608"}],"wp:attachment":[{"href":"https:\/\/www.customeeple.com\/es\/wp-json\/wp\/v2\/media?parent=66612"}],"wp:term":[{"taxonomy":"product_brand","embeddable":true,"href":"https:\/\/www.customeeple.com\/es\/wp-json\/wp\/v2\/product_brand?post=66612"},{"taxonomy":"product_cat","embeddable":true,"href":"https:\/\/www.customeeple.com\/es\/wp-json\/wp\/v2\/product_cat?post=66612"},{"taxonomy":"product_tag","embeddable":true,"href":"https:\/\/www.customeeple.com\/es\/wp-json\/wp\/v2\/product_tag?post=66612"}],"curies":[{"name":"wp","href":"https:\/\/api.w.org\/{rel}","templated":true}]}}