{"id":66600,"date":"2022-12-30T20:54:31","date_gmt":"2022-12-30T19:54:31","guid":{"rendered":"https:\/\/www.customeeple.com\/product\/undo-4-saber-prohibido\/"},"modified":"2022-12-30T20:54:31","modified_gmt":"2022-12-30T19:54:31","slug":"undo-4-saber-prohibido","status":"publish","type":"product","link":"https:\/\/www.customeeple.com\/es\/producto\/undo-4-saber-prohibido\/","title":{"rendered":"Undo 4: Saber Prohibido (SPA)"},"content":{"rendered":"<p><b>Sobre la serie UNDO:<\/b><\/p>\n<p><span class=\"txt_4\"><b>Dicen que el tiempo cura todas las heridas, pero la muerte s\u00fabita de un ser querido a veces sacude a aquellos que se quedan atr\u00e1s; tanto que incluso los m\u00e1s resilientes flaquean. Para prevenir esto, los dioses est\u00e1n enviando tejedores del destino para cambiar el pasado y prevenir la muerte de algunas personas. En la serie de juegos UNDO, los jugadores asumen el papel de estos poderosos seres que tendr\u00e1n que evitar la muerte de ciertas personas por todos los medios. A veces esas personas se han suicidado, otras habr\u00e1n muerto por accidente; puede que incluso hayan sido asesinados&#8230; no importa. Se ha dispuesto que esas personas merec\u00edan vivir. Para ello, los tejedores del destino deber\u00e1n viajar al pasado de estas personas hasta llegar a acontecimientos que de una forma u otra marcaron de forma profunda el destino del fallecido. De esta forma, podr\u00e1n intervenir para salvarlo. A veces, un salto al futuro tambi\u00e9n podr\u00eda proporcionar informaci\u00f3n importante&#8230;<\/b><\/span><\/p>\n<p>La Serie UNDO combina la emoci\u00f3n de los viajes temporales, la narrativa y la deducci\u00f3n en una rica historia llena de matices que te llevar\u00e1 a otras \u00e9pocas y lugares de la historia para resolver la emotiva historia que hay detr\u00e1s de cada uno de los fallecidos. Vuestro poder es enorme y deb\u00e9is tener cuidado \u00a1pues podr\u00edais provocar que los acontecimientos que precipitaron la muerte de la v\u00edctima vayan incluso a peor!<\/p>\n<p><b>SABER OLVIDADO<\/b><\/p>\n<p><i>Un hombre de unos veinte a\u00f1os est\u00e1 parado al lado de una cripta abierta, con una expresi\u00f3n de horror en su cara. La escasa luz de su linterna revela un conjunto de escaleras que conducen a las profundidades de una oscura y maloliente cripta. A su lado hay una mochila, una pala y un tel\u00e9fono port\u00e1til, cuyo cable baja por las escaleras hasta perderse en la oscuridad. \u00ab\u00a1L\u00e1rgate! \u00a1Cierra la cripta y corre!\u00bb, grita una voz en tono de p\u00e1nico a trav\u00e9s del tel\u00e9fono. \u00abNo puedo dejarte, Harley\u00bb, responde con voz temblorosa mientras mira la pesada losa de piedra que dejaron a un lado. \u00abHarley, \u00a1\u00bfpuedes o\u00edrme\u00a1?\u00bb, grita. Un ruido semejante a un crujido suena en el auricular; despu\u00e9s, una voz fr\u00eda y fantasmal: \u00abT\u00da ,EST\u00daPIDO, HARLEY EST\u00c1 MUERTO\u00bb. El hombre empieza a reir hist\u00e9ricamente. En estado de shock, su mente trata de protegerse de la locura, y de repente su coraz\u00f3n se detiene. El hombre ha muerto&#8230;<\/i><\/p>\n<p><span class=\"txt_4\">En UNDO &#8211; Saber Prohibido, no se trata de resolver un crimen o de identificar a un asesino&#8230; los jugadores deben viajar a trav\u00e9s del pasado del hombre como tejedores del destino para evitar su muerte. Cada uno de los saltos en el tiempo trae consigo una decisi\u00f3n trascendental que en \u00faltima instancia determina si el hombre vive o muere. \u00bfConseguir\u00e1n los jugadores cambiar el destino y salvar a esta persona?<\/span><\/p>\n<p><span class=\"txt_4\"><b>\u00bfC\u00f3mo se juega?<\/b><br \/>\nLos jugadores, en equipo, tendr\u00e1n que seleccionar una carta en juego para viajar a distintos momentos temporales de la vida de la persona fallecida. Sobre cada carta, tendr\u00e1n adem\u00e1s la posibilidad de solicitar pistas que puedan guiarles para ir comprendiendo los entresijos de la historia. Podr\u00e1n seleccionar cualquier carta de las disponibles, cada una en una fecha y horas concretas, y entonces elegir una de las opciones posibles para tratar de cambiar los hechos que derivaron en la muerte de la v\u00edctima. \u00bfDeber\u00edan haber dejado que ese chico cruzara la calle evitando el atropello? \u00bfo quiz\u00e1 este hecho es algo que deb\u00eda ocurrir pero procurando que el golpe fuera m\u00e1s suave? \u00bfes mejor hacer que la v\u00edctima, en su pasado, visitase a esa persona? \u00bfo hubiera sido mucho mejor hacerle perder el vuelo para evitar que se cruzara con ella en su vida?&#8230; cada decisi\u00f3n puede alterar el destino final del fallecido. Como tejedores del destino, deb\u00e9is debatir las opciones posibles en base a la informaci\u00f3n que vais recabando.<\/span><\/p>\n","protected":false},"excerpt":{"rendered":"<p>Sobre la serie UNDO: Dicen que el tiempo cura todas las heridas, pero la muerte s\u00fabita de un ser querido a veces sacude a aquellos que se quedan atr\u00e1s; tanto que incluso los m\u00e1s resilientes flaquean. Para prevenir esto, los dioses est\u00e1n enviando tejedores del destino para cambiar el pasado y prevenir la muerte de [&hellip;]<\/p>\n","protected":false},"featured_media":66590,"template":"","meta":{"_acf_changed":false},"product_brand":[],"product_cat":[2003,1557,1653,2002,1180],"product_tag":[],"class_list":{"0":"post-66600","1":"product","2":"type-product","3":"status-publish","4":"has-post-thumbnail","6":"product_cat-cooperative-es","7":"product_cat-card-game-es","8":"product_cat-boardgames","9":"product_cat-solo-games-es","10":"product_cat-retail-products-es","12":"first","13":"outofstock","14":"sale","15":"taxable","16":"shipping-taxable","17":"purchasable","18":"product-type-simple"},"exclude_global_add_ons":[],"addons":[],"acf":[],"_links":{"self":[{"href":"https:\/\/www.customeeple.com\/es\/wp-json\/wp\/v2\/product\/66600","targetHints":{"allow":["GET"]}}],"collection":[{"href":"https:\/\/www.customeeple.com\/es\/wp-json\/wp\/v2\/product"}],"about":[{"href":"https:\/\/www.customeeple.com\/es\/wp-json\/wp\/v2\/types\/product"}],"wp:featuredmedia":[{"embeddable":true,"href":"https:\/\/www.customeeple.com\/es\/wp-json\/wp\/v2\/media\/66590"}],"wp:attachment":[{"href":"https:\/\/www.customeeple.com\/es\/wp-json\/wp\/v2\/media?parent=66600"}],"wp:term":[{"taxonomy":"product_brand","embeddable":true,"href":"https:\/\/www.customeeple.com\/es\/wp-json\/wp\/v2\/product_brand?post=66600"},{"taxonomy":"product_cat","embeddable":true,"href":"https:\/\/www.customeeple.com\/es\/wp-json\/wp\/v2\/product_cat?post=66600"},{"taxonomy":"product_tag","embeddable":true,"href":"https:\/\/www.customeeple.com\/es\/wp-json\/wp\/v2\/product_tag?post=66600"}],"curies":[{"name":"wp","href":"https:\/\/api.w.org\/{rel}","templated":true}]}}