{"id":66597,"date":"2022-12-30T20:54:02","date_gmt":"2022-12-30T19:54:02","guid":{"rendered":"https:\/\/www.customeeple.com\/product\/concordia-solitaria\/"},"modified":"2022-12-30T20:54:02","modified_gmt":"2022-12-30T19:54:02","slug":"concordia-solitaria","status":"publish","type":"product","link":"https:\/\/www.customeeple.com\/es\/producto\/concordia-solitaria\/","title":{"rendered":"Concordia Solitaria (SPA)"},"content":{"rendered":"<p style=\"font-weight: 400;\"><b><strong>Concordia Expansion Solitaria<\/strong><\/b><\/p>\n<p style=\"font-weight: 400;\">Una expansi\u00f3n para 1 \u00f3 2 jugadores y disfrutar de Concordia en modo solitario o colaborativo .<\/p>\n<p style=\"font-weight: 400;\">Hace dos mil a\u00f1os, el Imperio romano gobern\u00f3 las tierras alrededor del Mar Mediterr\u00e1neo. Con la paz en las fronteras, la armon\u00eda dentro de las provincias, una ley uniforme, y una divisa com\u00fan, la econom\u00eda prosper\u00f3 y dio lugar a poderosas dinast\u00edas romanas que se fueron expandiendo a numerosas ciudades.<\/p>\n<p style=\"font-weight: 400;\"><b><strong>EL MODO SOLITARIO<\/strong><\/b><\/p>\n<p style=\"font-weight: 400;\">En Solitaria, compites con el adversario Contrarius por la victoria. Juega una carta de tu mano y realiza su acci\u00f3n como con las reglas habituales de Concordia. Posteriormente, Contrarius reacciona a esto con la reacci\u00f3n mostrada en la misma carta. Turno a turno juegas una carta, hasta que se aplique una de las condiciones habituales para terminar la partida (se ha construido la 15\u00aa casa o se ha comprado la \u00faltima carta). Tambi\u00e9n se pueden combinar varias partidas para formar una campa\u00f1a de dificultad creciente. Contrarius posee casas y colonos, as\u00ed como cartas en su propio expositor de cartas. Pero nunca juega cartas. Sus acciones s\u00f3lo est\u00e1n determinadas por las cartas que t\u00fa juegas. Durante la partida, Contrarius puede obtener puntos de victoria inmediatamente por algunas de sus reacciones a tus acciones. Las casas, colonos y cartas de Contrarius se punt\u00faan de la forma habitual al final de la partida. Contrarius no posee almac\u00e9n ni mercanc\u00edas, ni tampoco utiliza sestercios para llevar a cabo sus acciones. \u00bfSer\u00e1s capaz de derrotarle? Podr\u00e1s enfrentarte a Contrarius en distintos grados de dificultad. \u00a1todo un reto!<\/p>\n<p style=\"font-weight: 400;\"><b><strong>EL MODO COLABORATIVO<\/strong><\/b><\/p>\n<p style=\"font-weight: 400;\">El juego en equipo Solitaria ofrece la oportunidad de jugar a Concordia como un juego de dos jugadores que formar\u00e1n un equipo. En el juego cooperativo por equipos, compites como equipo de 2 jugadores contra el adversario Contrarius por la victoria. Gan\u00e1is o perd\u00e9is juntos. Por lo tanto, no s\u00f3lo debes buscar tu propia ventaja, sino tambi\u00e9n tener en cuenta las ideas de tu compa\u00f1ero. En el juego en equipo las acciones de sus cartas de personalidad son llevadas a cabo por ambos jugadores. Despu\u00e9s, Contrarius reacciona s\u00f3lo a su acci\u00f3n, pero no a la acci\u00f3n del jugador en turno, pero no a la de su compa\u00f1ero de equipo. As\u00ed, juegas una carta turno a turno, hasta que una de las condiciones habituales para terminar la partida tenga lugar. Con la puntuaci\u00f3n final, se determina lo bien que has jugado en comparaci\u00f3n con Contrarius.<\/p>\n<p style=\"font-weight: 400;\">El juego en equipo de Solitaria se basa en esencia en las reglas de Concordia Venus y el juego en solitario de Solitaria.<\/p>\n<p style=\"font-weight: 400;\"><b><strong>Contenido:<\/strong><\/b><\/p>\n<ul>\n<li style=\"font-weight: 400;\">1 dado de arquitecto<\/li>\n<li style=\"font-weight: 400;\">1 dado de tribuno\/colonizador<\/li>\n<li style=\"font-weight: 400;\">1 dado de mercader<\/li>\n<li style=\"font-weight: 400;\">1 dado de c\u00f3nsul\/senador<\/li>\n<li style=\"font-weight: 400;\">27 cartas para el modo solitario<\/li>\n<li style=\"font-weight: 400;\">5 cartas especiales<\/li>\n<li style=\"font-weight: 400;\">2 cartas de variante de juego<\/li>\n<\/ul>\n","protected":false},"excerpt":{"rendered":"<p>Concordia Expansion Solitaria Una expansi\u00f3n para 1 \u00f3 2 jugadores y disfrutar de Concordia en modo solitario o colaborativo . Hace dos mil a\u00f1os, el Imperio romano gobern\u00f3 las tierras alrededor del Mar Mediterr\u00e1neo. Con la paz en las fronteras, la armon\u00eda dentro de las provincias, una ley uniforme, y una divisa com\u00fan, la econom\u00eda [&hellip;]<\/p>\n","protected":false},"featured_media":66592,"template":"","meta":{"_acf_changed":false},"product_brand":[],"product_cat":[2003,1653,2002,1180],"product_tag":[],"class_list":{"0":"post-66597","1":"product","2":"type-product","3":"status-publish","4":"has-post-thumbnail","6":"product_cat-cooperative-es","7":"product_cat-boardgames","8":"product_cat-solo-games-es","9":"product_cat-retail-products-es","11":"first","12":"outofstock","13":"sale","14":"taxable","15":"shipping-taxable","16":"purchasable","17":"product-type-simple"},"exclude_global_add_ons":[],"addons":[],"acf":[],"_links":{"self":[{"href":"https:\/\/www.customeeple.com\/es\/wp-json\/wp\/v2\/product\/66597","targetHints":{"allow":["GET"]}}],"collection":[{"href":"https:\/\/www.customeeple.com\/es\/wp-json\/wp\/v2\/product"}],"about":[{"href":"https:\/\/www.customeeple.com\/es\/wp-json\/wp\/v2\/types\/product"}],"wp:featuredmedia":[{"embeddable":true,"href":"https:\/\/www.customeeple.com\/es\/wp-json\/wp\/v2\/media\/66592"}],"wp:attachment":[{"href":"https:\/\/www.customeeple.com\/es\/wp-json\/wp\/v2\/media?parent=66597"}],"wp:term":[{"taxonomy":"product_brand","embeddable":true,"href":"https:\/\/www.customeeple.com\/es\/wp-json\/wp\/v2\/product_brand?post=66597"},{"taxonomy":"product_cat","embeddable":true,"href":"https:\/\/www.customeeple.com\/es\/wp-json\/wp\/v2\/product_cat?post=66597"},{"taxonomy":"product_tag","embeddable":true,"href":"https:\/\/www.customeeple.com\/es\/wp-json\/wp\/v2\/product_tag?post=66597"}],"curies":[{"name":"wp","href":"https:\/\/api.w.org\/{rel}","templated":true}]}}