{"id":66596,"date":"2022-12-30T20:53:51","date_gmt":"2022-12-30T19:53:51","guid":{"rendered":"https:\/\/www.customeeple.com\/product\/stranger-things-attack-of-the-mind-flayer\/"},"modified":"2022-12-30T20:53:51","modified_gmt":"2022-12-30T19:53:51","slug":"stranger-things-attack-of-the-mind-flayer","status":"publish","type":"product","link":"https:\/\/www.customeeple.com\/es\/producto\/stranger-things-attack-of-the-mind-flayer\/","title":{"rendered":"Stranger Things: Attack of the Mind Flayer (SPA)"},"content":{"rendered":"<p>El Azotamentes est\u00e1 creando un ej\u00e9rcito de gente pose\u00edda para invadir la Tierra y algunos de vosotros ya est\u00e1is bajo su control\u2026 \u00a1Mantente alerta y aseg\u00farate de que no te ataca a ti ni a tus amigos!<br \/>\nDisfruta de un r\u00e1pido e innovador juego de enga\u00f1os repleto de sorpresas. En tu turno, roba una carta y d\u00e1sela a otro jugador para ayudarle, eliminarle\u2026 \u00a1o hacer que cambie de equipo!<\/p>\n<p><strong>CONTENIDO<\/strong><br \/>\n70 cartas, 10 fichas de Personaje y 1 Reglamento.<\/p>\n","protected":false},"excerpt":{"rendered":"<p>El Azotamentes est\u00e1 creando un ej\u00e9rcito de gente pose\u00edda para invadir la Tierra y algunos de vosotros ya est\u00e1is bajo su control\u2026 \u00a1Mantente alerta y aseg\u00farate de que no te ataca a ti ni a tus amigos! Disfruta de un r\u00e1pido e innovador juego de enga\u00f1os repleto de sorpresas. En tu turno, roba una carta [&hellip;]<\/p>\n","protected":false},"featured_media":66582,"template":"","meta":{"_acf_changed":false},"product_brand":[],"product_cat":[1653,1180],"product_tag":[],"class_list":{"0":"post-66596","1":"product","2":"type-product","3":"status-publish","4":"has-post-thumbnail","6":"product_cat-boardgames","7":"product_cat-retail-products-es","9":"first","10":"onbackorder","11":"sale","12":"taxable","13":"shipping-taxable","14":"purchasable","15":"product-type-simple"},"exclude_global_add_ons":[],"addons":[],"acf":[],"_links":{"self":[{"href":"https:\/\/www.customeeple.com\/es\/wp-json\/wp\/v2\/product\/66596","targetHints":{"allow":["GET"]}}],"collection":[{"href":"https:\/\/www.customeeple.com\/es\/wp-json\/wp\/v2\/product"}],"about":[{"href":"https:\/\/www.customeeple.com\/es\/wp-json\/wp\/v2\/types\/product"}],"wp:featuredmedia":[{"embeddable":true,"href":"https:\/\/www.customeeple.com\/es\/wp-json\/wp\/v2\/media\/66582"}],"wp:attachment":[{"href":"https:\/\/www.customeeple.com\/es\/wp-json\/wp\/v2\/media?parent=66596"}],"wp:term":[{"taxonomy":"product_brand","embeddable":true,"href":"https:\/\/www.customeeple.com\/es\/wp-json\/wp\/v2\/product_brand?post=66596"},{"taxonomy":"product_cat","embeddable":true,"href":"https:\/\/www.customeeple.com\/es\/wp-json\/wp\/v2\/product_cat?post=66596"},{"taxonomy":"product_tag","embeddable":true,"href":"https:\/\/www.customeeple.com\/es\/wp-json\/wp\/v2\/product_tag?post=66596"}],"curies":[{"name":"wp","href":"https:\/\/api.w.org\/{rel}","templated":true}]}}