{"id":66578,"date":"2022-12-30T20:50:25","date_gmt":"2022-12-30T19:50:25","guid":{"rendered":"https:\/\/www.customeeple.com\/product\/cytosis\/"},"modified":"2022-12-30T20:50:25","modified_gmt":"2022-12-30T19:50:25","slug":"cytosis","status":"publish","type":"product","link":"https:\/\/www.customeeple.com\/es\/producto\/cytosis\/","title":{"rendered":"Cytosis (SPA)"},"content":{"rendered":"<p>Cytosis Big Box Un juego de biolog\u00eda celular<\/p>\n<p>INCLUYE LA EXPANSI\u00d3N VIRUS, AS\u00cd COMO LAS CARTAS PROMOCIONALES EXCLUSIVAS MICROSCOPIO, CENTRIOLOS, LISOSOMA Y DOS EVENTOS EXCLUSIVOS<\/p>\n<p>Cytosis te pone dentro de una c\u00e9lula al mando de los procesos que tienen lugar en ella. \u00bfConsigue Cytosis transmitir la biolog\u00eda celular a un juego de mesa de forma eficaz, o hay una mutaci\u00f3n que estropea el proceso?<\/p>\n<p>Sigue leyendo para descubrirlo.<\/p>\n<p>Cytosis es un juego de colocaci\u00f3n de trabajadores que transcurre dentro de una c\u00e9lula humana. Los jugadores comenzar\u00e1n la partida con una cantidad de matraces a su disposici\u00f3n, y en su turno, colocar\u00e1n uno de sus matraces en cualquier ubicaci\u00f3n disponible que haya en la c\u00e9lula. Algunas ubicaciones proporcionan recursos a los jugadores (por ejemplo, ARNm, ATP) y otras, acciones (por ejemplo, permiten convertir recursos, o comprar cartas). Los recursos se utilizar\u00e1n para construir enzimas, hormonas y\/o receptores, que permitir\u00e1n obtener puntos de salud. El jugador que tenga m\u00e1s puntos de salud al final de la partida ser\u00e1 el ganador.<\/p>\n<p>Los espacios de acci\u00f3n te permiten adquirir y convertir recursos, obtener una acci\u00f3n extra por turno, ganar energ\u00eda, realizar la s\u00edntesis de prote\u00ednas y elegir nuevas cartas de componentes celulares. En el juego, los recursos con los que trabajas son las macromol\u00e9culas que se utilizan en las c\u00e9lulas (l\u00edpidos, prote\u00ednas, ARNm y carbohidratos) y la energ\u00eda necesaria para realizar esos procesos (ATP). Sintetizar hormonas y receptores es una forma de ganar puntos. El principal medio de conseguir puntos es que los jugadores completen las cartas de Componentes Celulares. Las cartas de s\u00edntesis de enzimas pueden completarse en un solo paso, intercambiando prote\u00ednas, carbohidratos y energ\u00eda para completar la carta y ganar puntos, con puntos extra si se producen diferentes tipos de enzimas.<\/p>\n<p>Los esteroides, las hormonas proteicas y los receptores tienen un proceso de tres pasos que avanza en varios turnos (ya que cada paso tiene su propia acci\u00f3n), empezando por el ret\u00edculo endopl\u00e1smico, pasando por el cuerpo de Golgi y terminando con la exocitosis (tal cual ocurre realmente en las c\u00e9lulas). Cada carta tiene un n\u00famero determinado de macromol\u00e9culas y de energ\u00eda necesaria para satisfacer sus requisitos de finalizaci\u00f3n, y s\u00f3lo despu\u00e9s de completar los tres pasos la carta proporciona los valiosos puntos de salud. Una vez que todos los jugadores han colocado sus frascos y han realizado sus acciones, se activa una carta de evento que afecta a la siguiente ronda aumentando el n\u00famero de un recurso concreto producido, reduciendo los costes de las cartas de componentes celulares u obligando a los jugadores a descartar los recursos almacenados. Las cartas de evento tambi\u00e9n act\u00faan como un temporizador, y el juego termina cuando se agotan las cartas de evento.<\/p>\n<p>La puntuaci\u00f3n al final del juego incluye puntos de bonificaci\u00f3n por la recogida de conjuntos de enzimas y por las cartas de objetivo que los jugadores pueden elegir para conseguir durante el juego, proporcionando puntos de bonificaci\u00f3n por un tipo concreto de carta de componente celular completado. El jugador con m\u00e1s puntos al final de la partida es el ganador.<\/p>\n<p>Contenido:<\/p>\n<p>\u2022 1 Libro \u00abla ciencia detr\u00e1s de Cytosis\u00bb<\/p>\n<p>\u2022 43 cartas de componente celular<\/p>\n<p>\u2022 12 cartas de evento<\/p>\n<p>\u2022 6 cartas de objetivo<\/p>\n<p>\u2022 1 ficha de jugador inicial<\/p>\n<p>\u2022 25 fichas de ATP<\/p>\n<p>\u2022 66 recursos de madera de macromol\u00e9culas<\/p>\n<p>\u2022 47 piezas de madera de jugador (personalizadas)<\/p>\n<p>\u2022 1 tablero de juego<\/p>\n<p>\u2022 1 reglamento<\/p>\n<p>\u2022 1 reglamento para la expansi\u00f3n \u00abVirus\u00bb<\/p>\n<p>\u2022 1 carta de modificaci\u00f3n de mitocondria (Virus)<\/p>\n<p>\u2022 6 cartas de componentes celulares (Virus)<\/p>\n<p>\u2022 3 cartas de evento (Virus)<\/p>\n<p>\u2022 2 cartas de objetivo (Virus)<\/p>\n<p>\u2022 3 fichas de modificaci\u00f3n de registro (Virus)<\/p>\n<p>\u2022 3 dados de anticuerpos (Virus)<\/p>\n<p>\u2022 15 fichas de anticuerpo (Virus)<\/p>\n<p>\u2022 5 plantillas de jugador (Virus)<\/p>\n<p>\u2022 1 carta de microscopio (Promo)<\/p>\n<p>\u2022 2 cartas de evento (Promo)<\/p>\n<p>\u2022 2 cartas de modificaci\u00f3n de tablero (Promo)<\/p>\n","protected":false},"excerpt":{"rendered":"<p>Cytosis Big Box Un juego de biolog\u00eda celular INCLUYE LA EXPANSI\u00d3N VIRUS, AS\u00cd COMO LAS CARTAS PROMOCIONALES EXCLUSIVAS MICROSCOPIO, CENTRIOLOS, LISOSOMA Y DOS EVENTOS EXCLUSIVOS Cytosis te pone dentro de una c\u00e9lula al mando de los procesos que tienen lugar en ella. \u00bfConsigue Cytosis transmitir la biolog\u00eda celular a un juego de mesa de forma [&hellip;]<\/p>\n","protected":false},"featured_media":66568,"template":"","meta":{"_acf_changed":false},"product_brand":[],"product_cat":[1653,1180],"product_tag":[],"class_list":{"0":"post-66578","1":"product","2":"type-product","3":"status-publish","4":"has-post-thumbnail","6":"product_cat-boardgames","7":"product_cat-retail-products-es","9":"first","10":"outofstock","11":"sale","12":"taxable","13":"shipping-taxable","14":"purchasable","15":"product-type-simple"},"exclude_global_add_ons":[],"addons":[],"acf":[],"_links":{"self":[{"href":"https:\/\/www.customeeple.com\/es\/wp-json\/wp\/v2\/product\/66578","targetHints":{"allow":["GET"]}}],"collection":[{"href":"https:\/\/www.customeeple.com\/es\/wp-json\/wp\/v2\/product"}],"about":[{"href":"https:\/\/www.customeeple.com\/es\/wp-json\/wp\/v2\/types\/product"}],"wp:featuredmedia":[{"embeddable":true,"href":"https:\/\/www.customeeple.com\/es\/wp-json\/wp\/v2\/media\/66568"}],"wp:attachment":[{"href":"https:\/\/www.customeeple.com\/es\/wp-json\/wp\/v2\/media?parent=66578"}],"wp:term":[{"taxonomy":"product_brand","embeddable":true,"href":"https:\/\/www.customeeple.com\/es\/wp-json\/wp\/v2\/product_brand?post=66578"},{"taxonomy":"product_cat","embeddable":true,"href":"https:\/\/www.customeeple.com\/es\/wp-json\/wp\/v2\/product_cat?post=66578"},{"taxonomy":"product_tag","embeddable":true,"href":"https:\/\/www.customeeple.com\/es\/wp-json\/wp\/v2\/product_tag?post=66578"}],"curies":[{"name":"wp","href":"https:\/\/api.w.org\/{rel}","templated":true}]}}