{"id":66572,"date":"2022-12-29T14:28:05","date_gmt":"2022-12-29T13:28:05","guid":{"rendered":"https:\/\/www.customeeple.com\/product\/grove-spa\/"},"modified":"2022-12-29T14:28:05","modified_gmt":"2022-12-29T13:28:05","slug":"grove-spa","status":"publish","type":"product","link":"https:\/\/www.customeeple.com\/es\/producto\/grove-spa\/","title":{"rendered":"Grove (SPA)"},"content":{"rendered":"<p>Grove es un juego en solitario de colocaci\u00f3n de cartas y recolecci\u00f3n de frutas.<\/p>\n<p>Grove es la secuela c\u00edtrica del premiado juego en solitario de 9 cartas Orchard.<\/p>\n<p>Grove es un juego en solitario de cartas y dados con partidas de una duraci\u00f3n de unos 10 minutos, con una edad recomendada de 14 a\u00f1os en adelante.<\/p>\n<p>En Grove, tienes que cultivar tu huerto y cosechar tanta fruta como puedas, jugando cartas para que los \u00e1rboles frutales solapen otros \u00e1rboles con el mismo tipo de fruta.<\/p>\n<p>Esta secuela incluye limoneros, naranjos y limeros y un nuevo elemento \u00abcomod\u00edn\u00bb, los claros. Estos espacios abiertos sin \u00e1rboles, combinados con una nueva mec\u00e1nica de puntuaci\u00f3n, ofrecen m\u00e1s formas y oportunidades de aumentar tu cosecha y crean una mayor variedad de partidas y estrategias.<\/p>\n<p>Tambi\u00e9n encontrar\u00e1s una ardilla traviesa, que puede ayudar o entorpecer tu recogida de fruta, as\u00ed como una carretilla, \u00fatil si consigues una gran cosecha.<\/p>\n<p>Los dorsos de las cartas presentan desaf\u00edos de recetas con varias condiciones de puntuaci\u00f3n y puntuaciones objetivo. Esto proporciona una condici\u00f3n de ganar\/perder (como alternativa al \u00absupera tu puntuaci\u00f3n\u00bb de Orchard) para aquellos que lo prefieran, y a\u00f1ade a\u00fan m\u00e1s variedad al juego.<\/p>\n","protected":false},"excerpt":{"rendered":"<p>Grove es un juego en solitario de colocaci\u00f3n de cartas y recolecci\u00f3n de frutas. Grove es la secuela c\u00edtrica del premiado juego en solitario de 9 cartas Orchard. Grove es un juego en solitario de cartas y dados con partidas de una duraci\u00f3n de unos 10 minutos, con una edad recomendada de 14 a\u00f1os en [&hellip;]<\/p>\n","protected":false},"featured_media":66558,"template":"","meta":{"_acf_changed":false},"product_brand":[],"product_cat":[1557,1653,2002,1180],"product_tag":[],"class_list":{"0":"post-66572","1":"product","2":"type-product","3":"status-publish","4":"has-post-thumbnail","6":"product_cat-card-game-es","7":"product_cat-boardgames","8":"product_cat-solo-games-es","9":"product_cat-retail-products-es","11":"first","12":"onbackorder","13":"sale","14":"taxable","15":"shipping-taxable","16":"purchasable","17":"product-type-simple"},"exclude_global_add_ons":[],"addons":[],"acf":[],"_links":{"self":[{"href":"https:\/\/www.customeeple.com\/es\/wp-json\/wp\/v2\/product\/66572","targetHints":{"allow":["GET"]}}],"collection":[{"href":"https:\/\/www.customeeple.com\/es\/wp-json\/wp\/v2\/product"}],"about":[{"href":"https:\/\/www.customeeple.com\/es\/wp-json\/wp\/v2\/types\/product"}],"wp:featuredmedia":[{"embeddable":true,"href":"https:\/\/www.customeeple.com\/es\/wp-json\/wp\/v2\/media\/66558"}],"wp:attachment":[{"href":"https:\/\/www.customeeple.com\/es\/wp-json\/wp\/v2\/media?parent=66572"}],"wp:term":[{"taxonomy":"product_brand","embeddable":true,"href":"https:\/\/www.customeeple.com\/es\/wp-json\/wp\/v2\/product_brand?post=66572"},{"taxonomy":"product_cat","embeddable":true,"href":"https:\/\/www.customeeple.com\/es\/wp-json\/wp\/v2\/product_cat?post=66572"},{"taxonomy":"product_tag","embeddable":true,"href":"https:\/\/www.customeeple.com\/es\/wp-json\/wp\/v2\/product_tag?post=66572"}],"curies":[{"name":"wp","href":"https:\/\/api.w.org\/{rel}","templated":true}]}}