{"id":66554,"date":"2022-12-28T20:38:03","date_gmt":"2022-12-28T19:38:03","guid":{"rendered":"https:\/\/www.customeeple.com\/product\/la-tripulacion-mision-mar-profundo\/"},"modified":"2022-12-28T20:38:03","modified_gmt":"2022-12-28T19:38:03","slug":"la-tripulacion-mision-mar-profundo","status":"publish","type":"product","link":"https:\/\/www.customeeple.com\/es\/producto\/la-tripulacion-mision-mar-profundo\/","title":{"rendered":"La tripulaci\u00f3n: Misi\u00f3n Mar Profundo (SPA)"},"content":{"rendered":"<p>Re\u00fane tu equipo, prepara el submarino y l\u00e1nzate a la aventura para descubrir el legendario continente perdido de Mu. La tripulaci\u00f3n 2: Misi\u00f3n mar profundo es la secuela totalmente independiente del premiado juego La tripulaci\u00f3n: En busca del noveno planeta. Dise\u00f1ado por Thomas Sing, este juego cooperativo de bazas permite partidas para grupos de 2 a 5 jugadores, a partir de 10 a\u00f1os, de unos 20 minutos de duraci\u00f3n.<\/p>\n<p>Con unas reglas f\u00e1ciles de entender y de explicar y una preparaci\u00f3n muy r\u00e1pida, enseguida os pondr\u00e9is a jugar. La caja incluye por un lado una baraja de 40 cartas, numeradas del 1 al 9, de cuatro colores distintos m\u00e1s cuatro cartas de submarino, numeradas del 1 al 4, que act\u00faan de comodines con el valor m\u00e1s alto; por el otro, un mazo con cartas de misi\u00f3n, donde se indica una puntuaci\u00f3n en funci\u00f3n del n\u00famero de jugadores. Dependiendo de la dificultad de cada aventura, ser\u00e1 necesario completar m\u00e1s o menos misiones.<\/p>\n<p>Al principio de la partida se reparten todas las cartas de colores m\u00e1s los submarinos entre todos los jugadores. Quien reciba el submarino de valor 4 debe anunciarlo, pues ser\u00e1 nombrado capit\u00e1n, pero el resto de las cartas deben mantenerse en secreto. A continuaci\u00f3n se reparten a la vista las misiones entre los jugadores, que indican un objetivo a cumplir al final de la partida. Desde conseguir cierto n\u00famero de bazas o cartas en total hasta ganar con n\u00fameros o colores determinados. Si todos consiguen cumplir su objetivo, la aventura habr\u00e1 sido un \u00e9xito y se podr\u00e1 proseguir con la campa\u00f1a.<\/p>\n<p>Sin embargo, en las profundidades insondables del oc\u00e9ano la comunicaci\u00f3n entre los jugadores estar\u00e1 limitada. Como equipo deber\u00e9is cooperar para asegurar el \u00e9xito de cada misi\u00f3n. Los jugadores tendr\u00e1n a disposici\u00f3n una ficha de comunicaci\u00f3n, que podr\u00e1n usar una vez por turno para informar al resto de cierto detalle sobre su mano de cartas. De este modo, se pueden planificar estrategias para que cada jugador gane las bazas correspondientes a su carta de misi\u00f3n.<\/p>\n<p>Con distintos niveles de dificultad, las aventuras de La tripulaci\u00f3n 2: Misi\u00f3n mar profundo se adaptan a distintos grupos de juego. Lo lejos que pod\u00e1is llegar para descubrir las legendarias ruinas de Mu depender\u00e1 de lo bien que trabaj\u00e9is en equipo, siendo conscientes de vuestra mano y de la de vuestros compa\u00f1eros. No se trata de ganar bazas a lo loco, sino de negociar cuidadosamente cuando es necesario ganar y cuando dejar que gane otro.<\/p>\n<p>Los jugadores que ya conozcan La tripulaci\u00f3n: En busca del noveno planeta encontrar\u00e1n un nuevo y estimulante reto al que enfrentarse, con una tem\u00e1tica distinta y algunas modificaciones en el sistema de juego, sobre todo por lo que respecta al mazo de cartas de misi\u00f3n, que se adapta al n\u00famero de jugadores y a la dificultad de las partidas. Y aquellos que descubran por primera vez la saga Tripulaci\u00f3n con este t\u00edtulo podr\u00e1n hacerlo sin ning\u00fan problema.<\/p>\n<p>Si os gustan los juegos cooperativos, este t\u00edtulo es una de las mejores opciones para formar parte de vuestra ludoteca. Con una mec\u00e1nica innovadora que ha sido reconocida con m\u00faltiples premios, La tripulaci\u00f3n pondr\u00e1 a prueba vuestra compenetraci\u00f3n como equipo. Y todo ello con los componentes justos y un precio ajustado. \u00bfEst\u00e1is preparados para empezar una aventura que os llevar\u00e1 a las profundidades de un abismo oce\u00e1nico, en busca de un continente perdido?<\/p>\n","protected":false},"excerpt":{"rendered":"<p>Re\u00fane tu equipo, prepara el submarino y l\u00e1nzate a la aventura para descubrir el legendario continente perdido de Mu. La tripulaci\u00f3n 2: Misi\u00f3n mar profundo es la secuela totalmente independiente del premiado juego La tripulaci\u00f3n: En busca del noveno planeta. Dise\u00f1ado por Thomas Sing, este juego cooperativo de bazas permite partidas para grupos de 2 [&hellip;]<\/p>\n","protected":false},"featured_media":66548,"template":"","meta":{"_acf_changed":false},"product_brand":[],"product_cat":[2003,2344,1557,1653,1180],"product_tag":[],"class_list":{"0":"post-66554","1":"product","2":"type-product","3":"status-publish","4":"has-post-thumbnail","6":"product_cat-cooperative-es","7":"product_cat-devir-es","8":"product_cat-card-game-es","9":"product_cat-boardgames","10":"product_cat-retail-products-es","12":"first","13":"instock","14":"sale","15":"taxable","16":"shipping-taxable","17":"purchasable","18":"product-type-simple"},"exclude_global_add_ons":[],"addons":[],"acf":[],"_links":{"self":[{"href":"https:\/\/www.customeeple.com\/es\/wp-json\/wp\/v2\/product\/66554","targetHints":{"allow":["GET"]}}],"collection":[{"href":"https:\/\/www.customeeple.com\/es\/wp-json\/wp\/v2\/product"}],"about":[{"href":"https:\/\/www.customeeple.com\/es\/wp-json\/wp\/v2\/types\/product"}],"wp:featuredmedia":[{"embeddable":true,"href":"https:\/\/www.customeeple.com\/es\/wp-json\/wp\/v2\/media\/66548"}],"wp:attachment":[{"href":"https:\/\/www.customeeple.com\/es\/wp-json\/wp\/v2\/media?parent=66554"}],"wp:term":[{"taxonomy":"product_brand","embeddable":true,"href":"https:\/\/www.customeeple.com\/es\/wp-json\/wp\/v2\/product_brand?post=66554"},{"taxonomy":"product_cat","embeddable":true,"href":"https:\/\/www.customeeple.com\/es\/wp-json\/wp\/v2\/product_cat?post=66554"},{"taxonomy":"product_tag","embeddable":true,"href":"https:\/\/www.customeeple.com\/es\/wp-json\/wp\/v2\/product_tag?post=66554"}],"curies":[{"name":"wp","href":"https:\/\/api.w.org\/{rel}","templated":true}]}}