{"id":66551,"date":"2022-12-28T20:31:01","date_gmt":"2022-12-28T19:31:01","guid":{"rendered":"https:\/\/www.customeeple.com\/product\/ensalada-de-puntos\/"},"modified":"2022-12-28T20:31:01","modified_gmt":"2022-12-28T19:31:01","slug":"ensalada-de-puntos","status":"publish","type":"product","link":"https:\/\/www.customeeple.com\/es\/producto\/ensalada-de-puntos\/","title":{"rendered":"Ensalada de Puntos (SPA)"},"content":{"rendered":"<p><a href=\"https:\/\/devir.es\/trailer-ensalada-de-puntos\">Ensalada de puntos<\/a>\u00a0es un juego r\u00e1pido y divertido en el que hay m\u00e1s de 100 formas diferentes de puntuar. En cada turno los jugadores deber\u00e1n elegir una carta de verdura sobre el tablero y decidir si la quieren utilizar por la forma de puntuar que aparece en ella o por la verdura que es.<\/p>\n<p>\u00bfQuieres ser el rey de las zanahorias? \u00bfO prefieres llevar el estandarte pimien-tomatil? Cuando se terminen las cartas, el jugador con m\u00e1s puntos ser\u00e1 el ganador. \u00a1Fresco y para toda la<a href=\"https:\/\/devir.es\/devirpedia\/familiar\">\u00a0familia!<\/a><\/p>\n","protected":false},"excerpt":{"rendered":"<p>Ensalada de puntos\u00a0es un juego r\u00e1pido y divertido en el que hay m\u00e1s de 100 formas diferentes de puntuar. En cada turno los jugadores deber\u00e1n elegir una carta de verdura sobre el tablero y decidir si la quieren utilizar por la forma de puntuar que aparece en ella o por la verdura que es. \u00bfQuieres [&hellip;]<\/p>\n","protected":false},"featured_media":66539,"template":"","meta":{"_acf_changed":false},"product_brand":[],"product_cat":[2344,1561,1557,1653,1180],"product_tag":[],"class_list":{"0":"post-66551","1":"product","2":"type-product","3":"status-publish","4":"has-post-thumbnail","6":"product_cat-devir-es","7":"product_cat-familiar-es","8":"product_cat-card-game-es","9":"product_cat-boardgames","10":"product_cat-retail-products-es","12":"first","13":"onbackorder","14":"sale","15":"taxable","16":"shipping-taxable","17":"purchasable","18":"product-type-simple"},"exclude_global_add_ons":[],"addons":[],"acf":[],"_links":{"self":[{"href":"https:\/\/www.customeeple.com\/es\/wp-json\/wp\/v2\/product\/66551","targetHints":{"allow":["GET"]}}],"collection":[{"href":"https:\/\/www.customeeple.com\/es\/wp-json\/wp\/v2\/product"}],"about":[{"href":"https:\/\/www.customeeple.com\/es\/wp-json\/wp\/v2\/types\/product"}],"wp:featuredmedia":[{"embeddable":true,"href":"https:\/\/www.customeeple.com\/es\/wp-json\/wp\/v2\/media\/66539"}],"wp:attachment":[{"href":"https:\/\/www.customeeple.com\/es\/wp-json\/wp\/v2\/media?parent=66551"}],"wp:term":[{"taxonomy":"product_brand","embeddable":true,"href":"https:\/\/www.customeeple.com\/es\/wp-json\/wp\/v2\/product_brand?post=66551"},{"taxonomy":"product_cat","embeddable":true,"href":"https:\/\/www.customeeple.com\/es\/wp-json\/wp\/v2\/product_cat?post=66551"},{"taxonomy":"product_tag","embeddable":true,"href":"https:\/\/www.customeeple.com\/es\/wp-json\/wp\/v2\/product_tag?post=66551"}],"curies":[{"name":"wp","href":"https:\/\/api.w.org\/{rel}","templated":true}]}}