{"id":66550,"date":"2022-12-28T20:27:46","date_gmt":"2022-12-28T19:27:46","guid":{"rendered":"https:\/\/www.customeeple.com\/product\/torre-de-gatos\/"},"modified":"2022-12-28T20:27:46","modified_gmt":"2022-12-28T19:27:46","slug":"torre-de-gatos","status":"publish","type":"product","link":"https:\/\/www.customeeple.com\/es\/producto\/torre-de-gatos\/","title":{"rendered":"Torre de Gatos (SPA)"},"content":{"rendered":"<p><strong>\u00bfEs un p\u00e1jaro? \u00bfEs un avi\u00f3n? No, \u00a1es una torre de gatos!<\/strong><\/p>\n<p>Don Bigotes y Misif\u00fa han llegado a la conclusi\u00f3n que los pescados m\u00e1s sabrosos son aquellos que resultan m\u00e1s dif\u00edciles de alcanzar. As\u00ed que han decidio que la mejor soluci\u00f3n para alcanzar su ansiado almuerzo es construir una torre con la ayuda de los otros gatos del barrio. \u00bfLograr\u00e1n conseguir el pescado sin caerse?<\/p>\n<p><strong>Torre de Gatos<\/strong><em>\u00a0<\/em>es un juego de\u00a0<strong>habilidad<\/strong>\u00a0a partir de tan solo\u00a0<strong>4 a\u00f1os<\/strong>\u00a0en el que se deben colocar unas cartas de gatos dobladas formando\u00a0<strong>peque\u00f1as cajas<\/strong>. Ganar\u00e1 la primera persona en\u00a0<strong>deshacerse de su mano<\/strong>\u00a0de cartas de gato.<\/p>\n<ul>\n<li><strong>Lanza el dado<\/strong>\u00a0para determinar c\u00f3mo colocar la carta.<\/li>\n<li><strong>A\u00f1ade tu gato<\/strong>\u00a0a la torre.<\/li>\n<li>\u00a1Cruza los dedos para que\u00a0<strong>no se caiga<\/strong>!<\/li>\n<\/ul>\n<p>\u00a1Vive la emoci\u00f3n que solo los gatetes te dan con\u00a0<strong>Torre de Gatos<\/strong>!<\/p>\n","protected":false},"excerpt":{"rendered":"<p>\u00bfEs un p\u00e1jaro? \u00bfEs un avi\u00f3n? No, \u00a1es una torre de gatos! Don Bigotes y Misif\u00fa han llegado a la conclusi\u00f3n que los pescados m\u00e1s sabrosos son aquellos que resultan m\u00e1s dif\u00edciles de alcanzar. As\u00ed que han decidio que la mejor soluci\u00f3n para alcanzar su ansiado almuerzo es construir una torre con la ayuda de [&hellip;]<\/p>\n","protected":false},"featured_media":66541,"template":"","meta":{"_acf_changed":false},"product_brand":[],"product_cat":[1561,1564,1653,1180],"product_tag":[],"class_list":{"0":"post-66550","1":"product","2":"type-product","3":"status-publish","4":"has-post-thumbnail","6":"product_cat-familiar-es","7":"product_cat-childrens-es","8":"product_cat-boardgames","9":"product_cat-retail-products-es","11":"first","12":"onbackorder","13":"sale","14":"taxable","15":"shipping-taxable","16":"purchasable","17":"product-type-simple"},"exclude_global_add_ons":[],"addons":[],"acf":[],"_links":{"self":[{"href":"https:\/\/www.customeeple.com\/es\/wp-json\/wp\/v2\/product\/66550","targetHints":{"allow":["GET"]}}],"collection":[{"href":"https:\/\/www.customeeple.com\/es\/wp-json\/wp\/v2\/product"}],"about":[{"href":"https:\/\/www.customeeple.com\/es\/wp-json\/wp\/v2\/types\/product"}],"wp:featuredmedia":[{"embeddable":true,"href":"https:\/\/www.customeeple.com\/es\/wp-json\/wp\/v2\/media\/66541"}],"wp:attachment":[{"href":"https:\/\/www.customeeple.com\/es\/wp-json\/wp\/v2\/media?parent=66550"}],"wp:term":[{"taxonomy":"product_brand","embeddable":true,"href":"https:\/\/www.customeeple.com\/es\/wp-json\/wp\/v2\/product_brand?post=66550"},{"taxonomy":"product_cat","embeddable":true,"href":"https:\/\/www.customeeple.com\/es\/wp-json\/wp\/v2\/product_cat?post=66550"},{"taxonomy":"product_tag","embeddable":true,"href":"https:\/\/www.customeeple.com\/es\/wp-json\/wp\/v2\/product_tag?post=66550"}],"curies":[{"name":"wp","href":"https:\/\/api.w.org\/{rel}","templated":true}]}}