{"id":6639,"date":"2013-12-30T19:41:33","date_gmt":"2013-12-30T18:41:33","guid":{"rendered":"http:\/\/www.customeeple.com\/product\/infinity-sat-station-1-unidad\/"},"modified":"2020-01-09T11:47:14","modified_gmt":"2020-01-09T10:47:14","slug":"infinity-sat-station-antenna","status":"publish","type":"product","link":"https:\/\/www.customeeple.com\/es\/producto\/infinity-sat-station-antenna\/","title":{"rendered":"Infinity Sat station (1 ud)"},"content":{"rendered":"<p>Nuestra Sat Station est\u00e1 pensada para representar una estaci\u00f3n de comunicaciones con sat\u00e9lites o naves en \u00f3rbita. F\u00e1cilmente la puedes a\u00f1adir a tu escenograf\u00eda como objetivo de misiones o incluso como elemento de escenograf\u00eda para tus partidas de <strong><a href=\"http:\/\/www.infinitythegame.com\/infinity\/en\"> Infinity.<\/a><\/strong><\/p>\n<p>El producto viene con una base de 40mm para ser usada como soporte.<\/p>\n<p>Puedes elegir el color de la consola de metacrilato (verde, amarillo, naranja, magenta), el color de los paneles superiores de comunicaci\u00f3n ser\u00e1 siempre azul. Si no estas seguro de cual es el color id\u00f3neo para tus piezas puedes consultar nuestra p\u00e1gina de <em><a href=\"http:\/\/www.customeeple.com\/materials\/\"><strong>materiales<\/strong> <\/a><\/em><\/p>\n<p>Nota: El producto se vende sin montar ni pintar. Las fotos tan solo son una sugerencia de presentaci\u00f3n y montaje. El producto contiene una base standar de 40mm,<strong>\u00a0<\/strong>nuestra <a href=\"http:\/\/www.customeeple.com\/es\/producto\/bases-para-miniaturas-hexagonales\/\"><strong>base personalizada<\/strong><\/a>\u00a0solo aparece en la foto por una cuestion est\u00e9tica.<\/p>\n<div class=\"moreinfo\">\n<p><strong>Material: <\/strong>DM y metacrilato fluorescente.<\/p>\n<p dir=\"ltr\"><strong>Espesor:<\/strong> 2,5 mm<\/p>\n<p dir=\"ltr\"><strong>Tama\u00f1o: <\/strong>4 cm x 6 cm.<strong><br \/>\n<\/strong><\/p>\n<p dir=\"ltr\"><strong>Cantidad:<\/strong> 1 Sat Station del color que elijas y una base de 40mm de <strong><a href=\"http:\/\/www.infinitythegame.com\/infinity\/en\"> Infinity <\/a><\/strong><\/p>\n<p><strong>Uso:<\/strong> Como objetivo de misi\u00f3n o decoraci\u00f3n de escenograf\u00eda.<\/p>\n<\/div>\n<p><strong>Nota:<\/strong> Base decorativa y miniatura\u00a0no incluidas.<\/p>\n","protected":false},"excerpt":{"rendered":"<p>Una Sat Station futur\u00edstica, especialmente dise\u00f1ada como objetivos de misi\u00f3n para\u00a0<strong><a href=\"http:\/\/www.infinitythegame.com\/infinity\/en\">Infinity the game<\/a><\/strong><\/p>\n","protected":false},"featured_media":7122,"template":"","meta":{"_acf_changed":false},"product_brand":[],"product_cat":[191,346,291,347,1394],"product_tag":[151,306],"class_list":{"0":"post-6639","1":"product","2":"type-product","3":"status-publish","4":"has-post-thumbnail","6":"product_cat-accesorios","7":"product_cat-escenografia","8":"product_cat-infinity-es-2","9":"product_cat-marcadores-es","10":"product_cat-infinity-es","11":"product_tag-infinity-es","12":"product_tag-infinity-the-game-es-2","13":"pa_methacrylate-colors-naranja-fluor-mfor-es","14":"pa_methacrylate-colors-verde-fluor-mfgr","15":"pa_methacrylate-colors-amarill-fluor-mfye","16":"pa_methacrylate-colors-magenta-fluor-mfma-es","18":"first","19":"instock","20":"taxable","21":"shipping-taxable","22":"purchasable","23":"product-type-variable"},"exclude_global_add_ons":[],"addons":[],"acf":[],"_links":{"self":[{"href":"https:\/\/www.customeeple.com\/es\/wp-json\/wp\/v2\/product\/6639","targetHints":{"allow":["GET"]}}],"collection":[{"href":"https:\/\/www.customeeple.com\/es\/wp-json\/wp\/v2\/product"}],"about":[{"href":"https:\/\/www.customeeple.com\/es\/wp-json\/wp\/v2\/types\/product"}],"wp:featuredmedia":[{"embeddable":true,"href":"https:\/\/www.customeeple.com\/es\/wp-json\/wp\/v2\/media\/7122"}],"wp:attachment":[{"href":"https:\/\/www.customeeple.com\/es\/wp-json\/wp\/v2\/media?parent=6639"}],"wp:term":[{"taxonomy":"product_brand","embeddable":true,"href":"https:\/\/www.customeeple.com\/es\/wp-json\/wp\/v2\/product_brand?post=6639"},{"taxonomy":"product_cat","embeddable":true,"href":"https:\/\/www.customeeple.com\/es\/wp-json\/wp\/v2\/product_cat?post=6639"},{"taxonomy":"product_tag","embeddable":true,"href":"https:\/\/www.customeeple.com\/es\/wp-json\/wp\/v2\/product_tag?post=6639"}],"curies":[{"name":"wp","href":"https:\/\/api.w.org\/{rel}","templated":true}]}}