{"id":6634,"date":"2013-12-30T19:42:48","date_gmt":"2013-12-30T18:40:48","guid":{"rendered":"http:\/\/www.customeeple.com\/product\/infinity-comlink-console-1-unidad\/"},"modified":"2020-01-09T11:46:42","modified_gmt":"2020-01-09T10:46:42","slug":"infinity-comlink-console-1-unit","status":"publish","type":"product","link":"https:\/\/www.customeeple.com\/es\/producto\/infinity-comlink-console-1-unit\/","title":{"rendered":"Infinity Comlink Console (1 ud)"},"content":{"rendered":"<p>Una consola de comunicaciones para ser usada como objetivo de misiones. Tambi\u00e9n puedes emplearla como elemento de escenograf\u00eda para tus partidas de <strong><a href=\"http:\/\/www.infinitythegame.com\/infinity\/en\"> Infinity.<\/a><\/strong> El producto viene con una base de 40 mm para ser usada como soporte.<\/p>\n<p>Puedes elegir el color de las piezas de metacrilato (verde, amarillo, naranja, magenta, azul). Si no estas seguro de cual es el color id\u00f3neo para tus piezas puedes consultar nuestra p\u00e1gina de <em><a href=\"http:\/\/www.customeeple.com\/materials\/\"><strong>materiales<\/strong> <\/a><\/em><\/p>\n<p>Todas las piezas han sido dise\u00f1adas en colaboraci\u00f3n con <strong><a href=\"http:\/\/www.corvusbelli.com\/\">Corvus Belli<\/a><\/strong>\u00a0 para ser completamente compatibles con <a href=\"http:\/\/infinitythegame.com\/\" target=\"_blank\" rel=\"noopener noreferrer\"><strong>Infinity the game<\/strong><\/a>.<\/p>\n<p>Nota: El producto se vende sin montar ni pintar. Las fotos tan solo son una sugerencia de presentaci\u00f3n y montaje. El producto contiene una base standar de 40mm, nuestra <a href=\"\/?p=4254\"><strong>base personalizada<\/strong><\/a>\u00a0solo aparece en la foto por su funci\u00f3n est\u00e9tica.<\/p>\n<div class=\"moreinfo\">\n<p><strong>Material: <\/strong>DM y metacrilato fluorescente.<\/p>\n<p dir=\"ltr\"><strong>Espesor:<\/strong> 2,5 mm<\/p>\n<p dir=\"ltr\"><strong>Tama\u00f1o:\u00a0<\/strong>1,7 x 2,6 x 3,4 cm<strong><br \/>\n<\/strong><\/p>\n<p dir=\"ltr\"><strong>Cantidad:<\/strong> 1 Comlink del color que elijas y una base de 40mm<\/p>\n<p><strong>Uso:<\/strong> Como objetivo de misi\u00f3n o decoraci\u00f3n de escenograf\u00eda.<\/p>\n<\/div>\n<p><strong>Nota:<\/strong> Base decorativa y miniatura\u00a0no incluidas.<\/p>\n","protected":false},"excerpt":{"rendered":"<p>Una consola de comunicaciones especialmente dise\u00f1ada para las misiones de\u00a0<strong><a href=\"http:\/\/www.infinitythegame.com\/infinity\/en\">Infinity the game<\/a>.<\/strong><\/p>\n","protected":false},"featured_media":7120,"template":"","meta":{"_acf_changed":false},"product_brand":[],"product_cat":[191,1370,346,291,347,1394],"product_tag":[151,306],"class_list":{"0":"post-6634","1":"product","2":"type-product","3":"status-publish","4":"has-post-thumbnail","6":"product_cat-accesorios","7":"product_cat-customeeple-es","8":"product_cat-escenografia","9":"product_cat-infinity-es-2","10":"product_cat-marcadores-es","11":"product_cat-infinity-es","12":"product_tag-infinity-es","13":"product_tag-infinity-the-game-es-2","14":"pa_methacrylate-colors-amarill-fluor-mfye","15":"pa_methacrylate-colors-azul-fluor-mfbl-es","16":"pa_methacrylate-colors-naranja-fluor-mfor-es","17":"pa_methacrylate-colors-magenta-fluor-mfma-es","18":"pa_methacrylate-colors-verde-fluor-mfgr","20":"first","21":"instock","22":"taxable","23":"shipping-taxable","24":"purchasable","25":"product-type-variable"},"exclude_global_add_ons":[],"addons":[],"acf":[],"_links":{"self":[{"href":"https:\/\/www.customeeple.com\/es\/wp-json\/wp\/v2\/product\/6634","targetHints":{"allow":["GET"]}}],"collection":[{"href":"https:\/\/www.customeeple.com\/es\/wp-json\/wp\/v2\/product"}],"about":[{"href":"https:\/\/www.customeeple.com\/es\/wp-json\/wp\/v2\/types\/product"}],"wp:featuredmedia":[{"embeddable":true,"href":"https:\/\/www.customeeple.com\/es\/wp-json\/wp\/v2\/media\/7120"}],"wp:attachment":[{"href":"https:\/\/www.customeeple.com\/es\/wp-json\/wp\/v2\/media?parent=6634"}],"wp:term":[{"taxonomy":"product_brand","embeddable":true,"href":"https:\/\/www.customeeple.com\/es\/wp-json\/wp\/v2\/product_brand?post=6634"},{"taxonomy":"product_cat","embeddable":true,"href":"https:\/\/www.customeeple.com\/es\/wp-json\/wp\/v2\/product_cat?post=6634"},{"taxonomy":"product_tag","embeddable":true,"href":"https:\/\/www.customeeple.com\/es\/wp-json\/wp\/v2\/product_tag?post=6634"}],"curies":[{"name":"wp","href":"https:\/\/api.w.org\/{rel}","templated":true}]}}