{"id":6633,"date":"2013-12-30T19:43:08","date_gmt":"2013-12-30T18:41:08","guid":{"rendered":"http:\/\/www.customeeple.com\/product\/infinity-cargo-crate-1-unidad\/"},"modified":"2020-01-09T11:42:55","modified_gmt":"2020-01-09T10:42:55","slug":"infinity-cargo-crate-1-unidad","status":"publish","type":"product","link":"https:\/\/www.customeeple.com\/es\/producto\/infinity-cargo-crate-1-unidad\/","title":{"rendered":"Infinity Cargo crate (1 ud)"},"content":{"rendered":"<p>Una peque\u00f1a caja de transporte de mercanc\u00edas que puede ser usada como objetivo de misiones. La caja tiene impresa un logo de una corporaci\u00f3n ficticia (MINESCORP) para a\u00f1adir un detalle tem\u00e1tico al elemento. Tambi\u00e9n puedes emplearlas como elemento de escenograf\u00eda para tus partidas de <strong><a href=\"http:\/\/www.infinitythegame.com\/infinity\/en\"> Infinity.<\/a><\/strong> El producto viene con una base de 40 mm para ser usada como soporte.<\/p>\n<p>Todas las piezas han sido dise\u00f1adas en colaboraci\u00f3n con <strong><a href=\"http:\/\/www.corvusbelli.com\/\">Corvus Belli<\/a><\/strong>\u00a0para ser completamente compatibles con <a href=\"http:\/\/infinitythegame.com\/\" target=\"_blank\" rel=\"noopener noreferrer\"><strong>Infinity the game<\/strong><\/a>.<\/p>\n<p>Nota: El producto se vende sin montar ni pintar. Las fotos tan solo son una sugerencia de presentaci\u00f3n y montaje. El producto contiene una base standar de 40mm , nuestra base personalizada\u00a0solo aparece en la foto por su funci\u00f3n est\u00e9tica.<\/p>\n<div>\n<div class=\"moreinfo\">\n<p><strong>Material: <\/strong>DM<\/p>\n<p dir=\"ltr\"><strong>Espesor:<\/strong> 2,5 mm<\/p>\n<p dir=\"ltr\"><strong>Tama\u00f1o: <\/strong>1,75 x 2,2 x 2,5 cm<strong><br \/>\n<\/strong><\/p>\n<p dir=\"ltr\"><strong>Cantidad:<\/strong> 1 caja y una base de\u00a040mm.<\/p>\n<p><strong>Uso: <\/strong>Objetivo de misiones o elemento de escenograf\u00eda.<\/p>\n<\/div>\n<p><strong>Nota:<\/strong> Miniatura y base personalizada no incluidas.<\/p>\n<\/div>\n","protected":false},"excerpt":{"rendered":"<p>Una peque\u00f1a caja de transporte de materiales para\u00a0 <strong><a href=\"http:\/\/www.infinitythegame.com\/infinity\/en\">Infinity the game<\/a><\/strong><\/p>\n","protected":false},"featured_media":7118,"template":"","meta":{"_acf_changed":false},"product_brand":[],"product_cat":[191,1370,346,291,347,1394],"product_tag":[151,306],"class_list":{"0":"post-6633","1":"product","2":"type-product","3":"status-publish","4":"has-post-thumbnail","6":"product_cat-accesorios","7":"product_cat-customeeple-es","8":"product_cat-escenografia","9":"product_cat-infinity-es-2","10":"product_cat-marcadores-es","11":"product_cat-infinity-es","12":"product_tag-infinity-es","13":"product_tag-infinity-the-game-es-2","15":"first","16":"instock","17":"taxable","18":"shipping-taxable","19":"purchasable","20":"product-type-simple"},"exclude_global_add_ons":[],"addons":[],"acf":[],"_links":{"self":[{"href":"https:\/\/www.customeeple.com\/es\/wp-json\/wp\/v2\/product\/6633","targetHints":{"allow":["GET"]}}],"collection":[{"href":"https:\/\/www.customeeple.com\/es\/wp-json\/wp\/v2\/product"}],"about":[{"href":"https:\/\/www.customeeple.com\/es\/wp-json\/wp\/v2\/types\/product"}],"wp:featuredmedia":[{"embeddable":true,"href":"https:\/\/www.customeeple.com\/es\/wp-json\/wp\/v2\/media\/7118"}],"wp:attachment":[{"href":"https:\/\/www.customeeple.com\/es\/wp-json\/wp\/v2\/media?parent=6633"}],"wp:term":[{"taxonomy":"product_brand","embeddable":true,"href":"https:\/\/www.customeeple.com\/es\/wp-json\/wp\/v2\/product_brand?post=6633"},{"taxonomy":"product_cat","embeddable":true,"href":"https:\/\/www.customeeple.com\/es\/wp-json\/wp\/v2\/product_cat?post=6633"},{"taxonomy":"product_tag","embeddable":true,"href":"https:\/\/www.customeeple.com\/es\/wp-json\/wp\/v2\/product_tag?post=6633"}],"curies":[{"name":"wp","href":"https:\/\/api.w.org\/{rel}","templated":true}]}}