{"id":6632,"date":"2013-12-30T19:44:58","date_gmt":"2013-12-30T18:42:58","guid":{"rendered":"http:\/\/www.customeeple.com\/product\/infinity-mark-one-beacon-1-unidad\/"},"modified":"2020-01-09T11:47:49","modified_gmt":"2020-01-09T10:47:49","slug":"infinity-signalling-beacon-1-unit","status":"publish","type":"product","link":"https:\/\/www.customeeple.com\/es\/producto\/infinity-signalling-beacon-1-unit\/","title":{"rendered":"Infinity Mark One Beacon (1 Unidad)"},"content":{"rendered":"<p>Un baliza de se\u00f1ales que puede f\u00e1cilmente ser usada como objetivo de misiones para tus partidas de <strong><a href=\"http:\/\/www.infinitythegame.com\/infinity\/en\"> Infinity<\/a><\/strong>. La baliza esta fabricada en DM con peque\u00f1as piezas de metacrilato fluorescente que act\u00faan como emisores. Tambi\u00e9n puede ser empleada como elemento de escenograf\u00eda. El producto incluye una base de 40mm para ser usada como base de la baliza.<\/p>\n<p>Puedes elegir el color de las piezas de metacrilato (verde, amarillo, naranja, magenta, azul). Si no estas seguro de cual es el color id\u00f3neo para tus piezas puedes consultar nuestra p\u00e1gina de <em><a href=\"http:\/\/www.customeeple.com\/materials\/\"><strong>materiales<\/strong> <\/a><\/em><\/p>\n<p>Todas las piezas han sido dise\u00f1adas en colaboraci\u00f3n con <strong><a href=\"http:\/\/www.corvusbelli.com\/\">Corvus Belli<\/a><\/strong>\u00a0para ser completamente compatibles con <a href=\"http:\/\/infinitythegame.com\/\" target=\"_blank\" rel=\"noopener noreferrer\"><strong>Infinity the game<\/strong><\/a>.<\/p>\n<p>Nota: El producto se vende sin montar ni pintar. Las fotos tan solo son una sugerencia de presentaci\u00f3n y montaje. El producto contiene una base standar, <strong>\u00a0<\/strong>nuestra <a href=\"http:\/\/www.customeeple.com\/es\/producto\/bases-para-miniaturas-orientales\/\"><strong>base personalizada oriental<\/strong> <\/a>solo aparece en foto por su funci\u00f3n est\u00e9tica.<\/p>\n<p>&nbsp;<\/p>\n<div class=\"moreinfo\">\n<p><strong>Material: <\/strong>DM y metacrilato fluorescente.<\/p>\n<p dir=\"ltr\"><strong>Espesor:<\/strong> 2,5 mm<\/p>\n<p dir=\"ltr\"><strong>Tama\u00f1o:\u00a0<\/strong>34mm x 11mm x 10mm<strong><br \/>\n<\/strong><\/p>\n<p dir=\"ltr\"><strong>Cantidad:<\/strong> 1 baliza y una base<\/p>\n<p><strong>Uso: <\/strong>Objetivo de misiones\/elemento de escenograf\u00eda.<\/p>\n<\/div>\n<p><strong>Nota:<\/strong> Nuestras bases personalizadas no est\u00e1n incluidas.<\/p>\n","protected":false},"excerpt":{"rendered":"<p>Baliza de se\u00f1ales como objetivo de misiones para tus partidas de\u00a0<strong><a href=\"http:\/\/www.infinitythegame.com\/infinity\/en\">Infinity the game<\/a>.<\/strong><\/p>\n","protected":false},"featured_media":5886,"template":"","meta":{"_acf_changed":false},"product_brand":[],"product_cat":[191,291,347,1394],"product_tag":[151,306],"class_list":{"0":"post-6632","1":"product","2":"type-product","3":"status-publish","4":"has-post-thumbnail","6":"product_cat-accesorios","7":"product_cat-infinity-es-2","8":"product_cat-marcadores-es","9":"product_cat-infinity-es","10":"product_tag-infinity-es","11":"product_tag-infinity-the-game-es-2","12":"pa_methacrylate-colors-naranja-fluor-mfor-es","13":"pa_methacrylate-colors-verde-fluor-mfgr","14":"pa_methacrylate-colors-amarill-fluor-mfye","15":"pa_methacrylate-colors-magenta-fluor-mfma-es","17":"first","18":"instock","19":"taxable","20":"shipping-taxable","21":"purchasable","22":"product-type-variable"},"exclude_global_add_ons":[],"addons":[],"acf":[],"_links":{"self":[{"href":"https:\/\/www.customeeple.com\/es\/wp-json\/wp\/v2\/product\/6632","targetHints":{"allow":["GET"]}}],"collection":[{"href":"https:\/\/www.customeeple.com\/es\/wp-json\/wp\/v2\/product"}],"about":[{"href":"https:\/\/www.customeeple.com\/es\/wp-json\/wp\/v2\/types\/product"}],"wp:featuredmedia":[{"embeddable":true,"href":"https:\/\/www.customeeple.com\/es\/wp-json\/wp\/v2\/media\/5886"}],"wp:attachment":[{"href":"https:\/\/www.customeeple.com\/es\/wp-json\/wp\/v2\/media?parent=6632"}],"wp:term":[{"taxonomy":"product_brand","embeddable":true,"href":"https:\/\/www.customeeple.com\/es\/wp-json\/wp\/v2\/product_brand?post=6632"},{"taxonomy":"product_cat","embeddable":true,"href":"https:\/\/www.customeeple.com\/es\/wp-json\/wp\/v2\/product_cat?post=6632"},{"taxonomy":"product_tag","embeddable":true,"href":"https:\/\/www.customeeple.com\/es\/wp-json\/wp\/v2\/product_tag?post=6632"}],"curies":[{"name":"wp","href":"https:\/\/api.w.org\/{rel}","templated":true}]}}