{"id":6629,"date":"2014-03-20T19:46:37","date_gmt":"2014-03-20T18:46:37","guid":{"rendered":"http:\/\/www.customeeple.com\/product\/scenorama-de-suelo-infinity\/"},"modified":"2019-06-21T10:16:59","modified_gmt":"2019-06-21T08:16:59","slug":"scenorama-de-suelo-infinity","status":"publish","type":"product","link":"https:\/\/www.customeeple.com\/es\/producto\/scenorama-de-suelo-infinity\/","title":{"rendered":"Suelo para diorama para Infinity"},"content":{"rendered":"<p>Nuestros suelos est\u00e1n pensados para ser empleados como escenograf\u00eda para cualquier mesa de juego o como decoraci\u00f3n fija en un expositor de miniaturas. Todas las piezas han sido dise\u00f1adas en colaboraci\u00f3n con <strong><a href=\"http:\/\/www.corvusbelli.com\/\">Corvus Belli<\/a><\/strong>\u00a0 para ser completamente compatibles con <a href=\"http:\/\/infinitythegame.com\/\" target=\"_blank\"><strong>Infinity the game<\/strong><\/a>.<\/p>\n<p>Este producto contiene una plancha de DM para usar como suelo. La plancha est\u00e1 grabada con un patr\u00f3n futurista. Pudiendo elegir entre nuestros modelos: Laboratorio cient\u00edfico, Bodega \u00a0de carga o Hangar de Panoceania.<\/p>\n<p>Recuerda que puedes completar tu\u00a0Dioramas con nuestros <strong><a href=\"www.customeeple.com\/es\/producto\/scenorama-de-muros-para-infinity\/?preview=true\">muros<\/a>,<\/strong> ambos productos han sido dise\u00f1ados para ser completamente compatibles.<\/p>\n<p>Nota: Este producto se vende sin montar y sin pintar. Las fotos son solamente sugerencias de montaje. Puedes a\u00f1adir los accesorios de la manera que quieras.<\/p>\n<p>&nbsp;<\/p>\n<div>\n<p><strong>Material: <\/strong>DM<\/p>\n<p dir=\"ltr\"><strong>Espesor:<\/strong> 2,5 mm<\/p>\n<p dir=\"ltr\"><strong>Tama\u00f1o: <\/strong>24 x 19 cm<strong><br \/>\n<\/strong><\/p>\n<p dir=\"ltr\"><strong>Cantidad:<\/strong> 1 plancha de MDF grabada.<\/p>\n<p><strong>Uso: <\/strong>Como escenograf\u00eda o fondo de tu expositor de miniaturas.<\/p>\n<\/div>\n<p><strong>Note:<\/strong> Miniaturas y accesorios no incluidos.<\/p>\n","protected":false},"excerpt":{"rendered":"<p>Escenograf\u00eda de suelos compatible con <a href=\"http:\/\/infinitythegame.com\/\" target=\"_blank\"><strong>Infinity<\/strong><\/a><\/p>\n","protected":false},"featured_media":6810,"template":"","meta":{"_acf_changed":false},"product_brand":[],"product_cat":[191,1370,346,1399,291,347,1394],"product_tag":[151,306],"class_list":{"0":"post-6629","1":"product","2":"type-product","3":"status-publish","4":"has-post-thumbnail","6":"product_cat-accesorios","7":"product_cat-customeeple-es","8":"product_cat-escenografia","9":"product_cat-escenografia-es","10":"product_cat-infinity-es-2","11":"product_cat-marcadores-es","12":"product_cat-infinity-es","13":"product_tag-infinity-es","14":"product_tag-infinity-the-game-es-2","15":"pa_model-hcar","16":"pa_model-hpan","17":"pa_model-labc","19":"first","20":"instock","21":"taxable","22":"shipping-taxable","23":"purchasable","24":"product-type-variable"},"exclude_global_add_ons":[],"addons":[],"acf":[],"_links":{"self":[{"href":"https:\/\/www.customeeple.com\/es\/wp-json\/wp\/v2\/product\/6629","targetHints":{"allow":["GET"]}}],"collection":[{"href":"https:\/\/www.customeeple.com\/es\/wp-json\/wp\/v2\/product"}],"about":[{"href":"https:\/\/www.customeeple.com\/es\/wp-json\/wp\/v2\/types\/product"}],"wp:featuredmedia":[{"embeddable":true,"href":"https:\/\/www.customeeple.com\/es\/wp-json\/wp\/v2\/media\/6810"}],"wp:attachment":[{"href":"https:\/\/www.customeeple.com\/es\/wp-json\/wp\/v2\/media?parent=6629"}],"wp:term":[{"taxonomy":"product_brand","embeddable":true,"href":"https:\/\/www.customeeple.com\/es\/wp-json\/wp\/v2\/product_brand?post=6629"},{"taxonomy":"product_cat","embeddable":true,"href":"https:\/\/www.customeeple.com\/es\/wp-json\/wp\/v2\/product_cat?post=6629"},{"taxonomy":"product_tag","embeddable":true,"href":"https:\/\/www.customeeple.com\/es\/wp-json\/wp\/v2\/product_tag?post=6629"}],"curies":[{"name":"wp","href":"https:\/\/api.w.org\/{rel}","templated":true}]}}