{"id":6628,"date":"2013-12-30T20:47:23","date_gmt":"2013-12-30T19:47:23","guid":{"rendered":"http:\/\/www.customeeple.com\/product\/scenorama-de-muros-para-infinity\/"},"modified":"2015-11-30T13:45:44","modified_gmt":"2015-11-30T11:45:44","slug":"scenorama-de-muros-para-infinity","status":"publish","type":"product","link":"https:\/\/www.customeeple.com\/es\/producto\/scenorama-de-muros-para-infinity\/","title":{"rendered":"Muros de Diorama para Infinity"},"content":{"rendered":"<p>Nuestros Dioramas son un producto especialmente pensado para los fans de <a href=\"http:\/\/infinitythegame.com\/\" target=\"_blank\"><strong>Infinity.<\/strong><\/a>\u00a0Est\u00e1n pensados para ser empleados como escenograf\u00eda para cualquier mesa de juego o como decoraci\u00f3n fija en un expositor de miniaturas. Todas las piezas han sido dise\u00f1adas en colaboraci\u00f3n con <strong><a href=\"http:\/\/www.corvusbelli.com\/\">Corvus Belli<\/a><\/strong>\u00a0 para ser completamente compatibles con <a href=\"http:\/\/infinitythegame.com\/\" target=\"_blank\"><strong>Infinity the game\u00a0<\/strong><\/a>.<\/p>\n<p>Este pack de paredes contiene dos planchas de DM que se unen para componer un muro en forma de L. Las piezas est\u00e1n grabadas con un patr\u00f3n futurista. Adem\u00e1s nuestro producto incluye peque\u00f1os complementos que puedes pegar a los muros para dar una mayor sensaci\u00f3n de profundidad: columnas, carteles&#8230;<\/p>\n<p>Recuerda que puedes completar nuestro Diorama de muros con nuestros diferentes<a href=\"\/?p=6629&#038;preview=true\"><strong> suelos<\/strong>.<\/a> Ambos productos han sido dise\u00f1ados para encajar perfectamente.<\/p>\n<p>Nota: Este producto se vende sin montar y sin pintar, las fotos que incluimos son solo una sugerencia de montaje, ya que puedes a\u00f1adir los extras de la manera que quieras.<\/p>\n<p>&nbsp;<\/p>\n<div>\n<p><strong>Material: <\/strong>DM<\/p>\n<p dir=\"ltr\"><strong>Espesor:<\/strong> 2,5 mm<\/p>\n<p dir=\"ltr\"><strong>Tama\u00f1o:<br \/>\n<\/strong>Pieza larga: 24 x 9,3 cm<br \/>\nPieza corta: 18,5 x 9,3 cm<strong><br \/>\n<\/strong><\/p>\n<p dir=\"ltr\"><strong>Cantidad:<\/strong> 2 planchas de muros DM y peque\u00f1os extras.<\/p>\n<p><strong>Uso:<\/strong> Como piezas de escenograf\u00eda o fondo para un expositor de miniaturas.<\/p>\n<\/div>\n<p><strong>Nota:<\/strong> Accesorios, suelos y miniaturas no incluidas.<\/p>\n","protected":false},"excerpt":{"rendered":"<p>Un set de escenograf\u00eda de muros para miniaturas de\u00a0 <strong><a href=\"http:\/\/www.infinitythegame.com\/infinity\/en\">Infinity the game\u00a0<\/a><\/strong><\/p>\n","protected":false},"featured_media":6820,"template":"","meta":{"_acf_changed":false},"product_brand":[],"product_cat":[191,1370,1399,346,291,347,1394],"product_tag":[151,306],"class_list":{"0":"post-6628","1":"product","2":"type-product","3":"status-publish","4":"has-post-thumbnail","6":"product_cat-accesorios","7":"product_cat-customeeple-es","8":"product_cat-escenografia-es","9":"product_cat-escenografia","10":"product_cat-infinity-es-2","11":"product_cat-marcadores-es","12":"product_cat-infinity-es","13":"product_tag-infinity-es","14":"product_tag-infinity-the-game-es-2","16":"first","17":"instock","18":"taxable","19":"shipping-taxable","20":"purchasable","21":"product-type-simple"},"exclude_global_add_ons":[],"addons":[],"acf":[],"_links":{"self":[{"href":"https:\/\/www.customeeple.com\/es\/wp-json\/wp\/v2\/product\/6628","targetHints":{"allow":["GET"]}}],"collection":[{"href":"https:\/\/www.customeeple.com\/es\/wp-json\/wp\/v2\/product"}],"about":[{"href":"https:\/\/www.customeeple.com\/es\/wp-json\/wp\/v2\/types\/product"}],"wp:featuredmedia":[{"embeddable":true,"href":"https:\/\/www.customeeple.com\/es\/wp-json\/wp\/v2\/media\/6820"}],"wp:attachment":[{"href":"https:\/\/www.customeeple.com\/es\/wp-json\/wp\/v2\/media?parent=6628"}],"wp:term":[{"taxonomy":"product_brand","embeddable":true,"href":"https:\/\/www.customeeple.com\/es\/wp-json\/wp\/v2\/product_brand?post=6628"},{"taxonomy":"product_cat","embeddable":true,"href":"https:\/\/www.customeeple.com\/es\/wp-json\/wp\/v2\/product_cat?post=6628"},{"taxonomy":"product_tag","embeddable":true,"href":"https:\/\/www.customeeple.com\/es\/wp-json\/wp\/v2\/product_tag?post=6628"}],"curies":[{"name":"wp","href":"https:\/\/api.w.org\/{rel}","templated":true}]}}