{"id":66191,"date":"2023-01-12T12:22:01","date_gmt":"2023-01-12T11:22:09","guid":{"rendered":"https:\/\/www.customeeple.com\/?post_type=product&#038;p=66191"},"modified":"2023-04-13T17:31:56","modified_gmt":"2023-04-13T16:31:56","slug":"tapete-de-juego-de-pvc-personalizado","status":"publish","type":"product","link":"https:\/\/www.customeeple.com\/es\/producto\/tapete-de-juego-de-pvc-personalizado\/","title":{"rendered":"Tapete de juego de Lona PVC personalizado"},"content":{"rendered":"<p>Este es un tapete de juego con tu dise\u00f1o, podemos imprimir la imagen que quieras.<\/p>\n<p>La alfombrilla est\u00e1 fabricada en PVC, un material de gran durabilidad y muy resistente a los ara\u00f1azos. As\u00ed que durar\u00e1 mucho tiempo muy bien.<\/p>\n<p>Creemos que esta es una adici\u00f3n fant\u00e1stica a cualquier juego, ya que un tapete de juego podr\u00eda ser el complemento perfecto para su juego favorito.<\/p>\n<p>Elija la opci\u00f3n m\u00e1s cercana al tama\u00f1o que desee y agregue en notas el tama\u00f1o exacto del tapete de juego que desea. Debido al proceso de creaci\u00f3n del tapete, podr\u00eda haber una variaci\u00f3n de 5 mm en el tama\u00f1o.<\/p>\n<p>Algunos tama\u00f1os comunes de alfombras de juegos de guerra:<\/p>\n<p><strong>Malifaux<\/strong> se juega en un tablero de 36&#215;36\u201d<br \/>\n<strong>Infinity<\/strong> normalmente se juega en un tablero de 120&#215;120 cm.<br \/>\n<strong>Punkapocalyptic<\/strong> normalmente se juega en un tablero de 120&#215;120 cm.<br \/>\n<strong>Marvel<\/strong>: Crisis Protocol se juega en un tablero de 36&#215;36&#8243;<br \/>\n<strong>Kill Team<\/strong> se juega en un tablero de 22&#215;30&#8243;<br \/>\n<strong>Warcry<\/strong>, el juego de escaramuzas de Age of Sigmar, se juega en un tablero de 22&#215;30&#8243;<br \/>\n<strong>Warhammer<\/strong>: AOS o 40k generalmente se juegan en un tablero de 44&#215;60&#8243;<\/p>\n<div class=\"moreinfo\"><strong>Imprimir<\/strong>: Tu dise\u00f1o<strong>Material<\/strong>: pvc<\/p>\n<p><strong>Cantidad<\/strong>: 1<\/p>\n<\/div>\n<div class=\"infopreorder\">\n<p>Este es un tapete de juego en blanco, debe enviarnos su dise\u00f1o para imprimir, si lo prefiere, tambi\u00e9n puede enviar los archivos por correo electr\u00f3nico. Los archivos deben tener 100 ppp y uno de los lados no puede tener m\u00e1s de 140 cm.<\/p>\n<p>Si no tiene las habilidades o la paciencia para preparar los archivos, no dude en contactarnos y solo por un poco m\u00e1s, \u00a1prepararemos exactamente lo que necesita!<\/p>\n<\/div>\n","protected":false},"excerpt":{"rendered":"<p>Un tapete de lienzo en blanco, en el que puedes imprimir cualquier cosa.<\/p>\n","protected":false},"featured_media":66301,"template":"","meta":{"_acf_changed":false},"product_brand":[],"product_cat":[79],"product_tag":[694,649,278],"class_list":{"0":"post-66191","1":"product","2":"type-product","3":"status-publish","4":"has-post-thumbnail","6":"product_cat-tapete","7":"product_tag-eclipse-es-2","8":"product_tag-netrunner-es-2","9":"product_tag-personalizado-2","10":"product_shipping_class-bigtube","12":"first","13":"instock","14":"taxable","15":"shipping-taxable","16":"purchasable","17":"product-type-variable"},"exclude_global_add_ons":false,"addons":[{"name":"File Upload","type":"heading","position":0,"required":false,"title_format":"label","default":"","description_enable":false,"description":"","placeholder_enable":false,"placeholder":"","display":"select","restrictions_type":"any_text","adjust_price":false,"price":"","price_type":"flat_fee","restrictions":false,"min":"0","max":"0","options":[]},{"name":"The files need to be at least of: 4000\u00d74000 px","type":"file_upload","position":1,"required":false,"title_format":"label","default":"","description_enable":false,"description":"","placeholder_enable":false,"placeholder":"","display":"select","restrictions_type":"any_text","adjust_price":false,"price":"","price_type":"quantity_based","restrictions":false,"min":"0","max":"0","options":[]}],"acf":[],"_links":{"self":[{"href":"https:\/\/www.customeeple.com\/es\/wp-json\/wp\/v2\/product\/66191","targetHints":{"allow":["GET"]}}],"collection":[{"href":"https:\/\/www.customeeple.com\/es\/wp-json\/wp\/v2\/product"}],"about":[{"href":"https:\/\/www.customeeple.com\/es\/wp-json\/wp\/v2\/types\/product"}],"wp:featuredmedia":[{"embeddable":true,"href":"https:\/\/www.customeeple.com\/es\/wp-json\/wp\/v2\/media\/66301"}],"wp:attachment":[{"href":"https:\/\/www.customeeple.com\/es\/wp-json\/wp\/v2\/media?parent=66191"}],"wp:term":[{"taxonomy":"product_brand","embeddable":true,"href":"https:\/\/www.customeeple.com\/es\/wp-json\/wp\/v2\/product_brand?post=66191"},{"taxonomy":"product_cat","embeddable":true,"href":"https:\/\/www.customeeple.com\/es\/wp-json\/wp\/v2\/product_cat?post=66191"},{"taxonomy":"product_tag","embeddable":true,"href":"https:\/\/www.customeeple.com\/es\/wp-json\/wp\/v2\/product_tag?post=66191"}],"curies":[{"name":"wp","href":"https:\/\/api.w.org\/{rel}","templated":true}]}}