{"id":66039,"date":"2022-12-27T11:49:22","date_gmt":"2022-12-27T10:49:22","guid":{"rendered":"https:\/\/www.customeeple.com\/product\/gsw-instant-glue-gel-formula\/"},"modified":"2022-12-27T11:49:22","modified_gmt":"2022-12-27T10:49:22","slug":"gsw-instant-glue-gel-formula","status":"publish","type":"product","link":"https:\/\/www.customeeple.com\/es\/producto\/gsw-instant-glue-gel-formula\/","title":{"rendered":"GSW: Pegamento Cianocrilato 20gr. &#8211; formula GEL"},"content":{"rendered":"<p><strong>Pegamento Cianocrilato<\/strong>.\u00a0<strong>FORMULA GEL\u00a0<\/strong><\/p>\n<p>Este pegamento GEL de\u00a0cianoacrilato de un \u00fanico componente y de alta viscosidad, es ideal para la uni\u00f3n de materiales porosos as\u00ed como para cuando controlar el flujo de adhesivo es cr\u00edtico. Ofrece una m\u00e1xima llenado de hueco, y aumento el tiempo de posicionamiento de las piezas a unir.\u00a0Tiempo de secado 5-10 segundos.<\/p>\n<p>CONTENIDO: 1x bote pegamento 20gr<\/p>\n<p>RECOMENDACIONES:<br \/>\n&#8211; Usar boquillas para botes de pegamento disponibles en nuestro sitio para extender la vida \u00fatil.<br \/>\n&#8211;\u00a0Si no se va a utilizar el pegamento durante una temporada larga, recomendamos retirar la punta de precisi\u00f3n y limpiarla si tiene alg\u00fan resto de pegamento para poder guardarla para el pr\u00f3ximo uso.<br \/>\n&#8211; Aseg\u00farese de que su pegamento cianocrilato est\u00e9 almacenado lejos de su activador CA. El acelerador emite vapores simplemente por proximidad, lo que podr\u00eda hacer que el pegamento CA se endurezca prematuramente. Recomendamos conservar el pegamento dentro de una bolsa con cierre herm\u00e9tico.<\/p>\n","protected":false},"excerpt":{"rendered":"<p>Pegamento Cianocrilato.\u00a0FORMULA GEL\u00a0 Este pegamento GEL de\u00a0cianoacrilato de un \u00fanico componente y de alta viscosidad, es ideal para la uni\u00f3n de materiales porosos as\u00ed como para cuando controlar el flujo de adhesivo es cr\u00edtico. Ofrece una m\u00e1xima llenado de hueco, y aumento el tiempo de posicionamiento de las piezas a unir.\u00a0Tiempo de secado 5-10 segundos. [&hellip;]<\/p>\n","protected":false},"featured_media":66034,"template":"","meta":{"_acf_changed":false},"product_brand":[],"product_cat":[1401,1180],"product_tag":[],"class_list":{"0":"post-66039","1":"product","2":"type-product","3":"status-publish","4":"has-post-thumbnail","6":"product_cat-pintura-y-modelismo","7":"product_cat-retail-products-es","9":"first","10":"instock","11":"sale","12":"taxable","13":"shipping-taxable","14":"purchasable","15":"product-type-simple"},"exclude_global_add_ons":[],"addons":[],"acf":[],"_links":{"self":[{"href":"https:\/\/www.customeeple.com\/es\/wp-json\/wp\/v2\/product\/66039","targetHints":{"allow":["GET"]}}],"collection":[{"href":"https:\/\/www.customeeple.com\/es\/wp-json\/wp\/v2\/product"}],"about":[{"href":"https:\/\/www.customeeple.com\/es\/wp-json\/wp\/v2\/types\/product"}],"wp:featuredmedia":[{"embeddable":true,"href":"https:\/\/www.customeeple.com\/es\/wp-json\/wp\/v2\/media\/66034"}],"wp:attachment":[{"href":"https:\/\/www.customeeple.com\/es\/wp-json\/wp\/v2\/media?parent=66039"}],"wp:term":[{"taxonomy":"product_brand","embeddable":true,"href":"https:\/\/www.customeeple.com\/es\/wp-json\/wp\/v2\/product_brand?post=66039"},{"taxonomy":"product_cat","embeddable":true,"href":"https:\/\/www.customeeple.com\/es\/wp-json\/wp\/v2\/product_cat?post=66039"},{"taxonomy":"product_tag","embeddable":true,"href":"https:\/\/www.customeeple.com\/es\/wp-json\/wp\/v2\/product_tag?post=66039"}],"curies":[{"name":"wp","href":"https:\/\/api.w.org\/{rel}","templated":true}]}}