{"id":66037,"date":"2022-12-24T19:15:15","date_gmt":"2022-12-24T18:15:15","guid":{"rendered":"https:\/\/www.customeeple.com\/product\/gsw-paint-remover-240-ml\/"},"modified":"2024-07-11T02:32:04","modified_gmt":"2024-07-11T01:32:04","slug":"gsw-paint-remover-240-ml","status":"publish","type":"product","link":"https:\/\/www.customeeple.com\/es\/producto\/gsw-paint-remover-240-ml\/","title":{"rendered":"GSW: Decapante de Pintura 240 ml"},"content":{"rendered":"<p><strong>Decapante de Pintura<\/strong><\/p>\n<p><strong>El decapante de pintura<\/strong>\u00a0es un producto poderoso y efectivo capaz de eliminar pinturas a base de acr\u00edlico, esmalte y laca de una variedad de superficies, incluyendo pl\u00e1stico, resina y miniaturas de metal. Este removedor de pintura es completamente seguro para su uso en miniaturas y no da\u00f1ar\u00e1 ni debilitar\u00e1 el material, si es usado correctamente.\u00a0<strong>Para evitar cualquier tipo de problema, pruebe el producto durante un periodo muy corto de 30 minutos a una hora, esta prueba de seguridad le dar\u00e1 una idea de la resistencia del material.<\/strong>\u00a0Tambi\u00e9n es reutilizable y tiene una baja tasa de evaporaci\u00f3n, lo que significa que durar\u00e1 mucho tiempo y tiene muy poco olor, lo que lo hace f\u00e1cil de usar en cualquier espacio de trabajo.<\/p>\n<p>Para usar el decapante de pintura, simplemente sumerja parcialmente su miniatura en la soluci\u00f3n durante un per\u00edodo de tiempo que var\u00eda entre una y seis horas, dependiendo del tipo de pintura que est\u00e9 tratando de eliminar. Luego, enjuague la miniatura con agua y use un cepillo sint\u00e9tico para eliminar cualquier exceso de removedor de pintura. Si la pintura no se elimina completamente despu\u00e9s del primer tratamiento, simplemente puede repetir el proceso hasta que la pintura se elimine a su satisfacci\u00f3n.<\/p>\n<p>Este producto viene en un conveniente recipiente de 240 ml, que deber\u00eda ser m\u00e1s que suficiente para la mayor\u00eda de los proyectos. Sin embargo, es importante tener en cuenta que el producto ha sido probado con un gran n\u00famero de pl\u00e1sticos, metales y resinas, pero continuamente aparecen nuevas f\u00f3rmulas y calidades de estos materiales en el mercado.<\/p>\n<p>Contenido: 240 ml<\/p>\n<p><strong>ADVERTENCIAS:<\/strong><\/p>\n<ul>\n<li>Si est\u00e1 usando este producto en una resina que es muy fr\u00e1gil o d\u00e9bil, o si tiene dudas sobre la resistencia de su pl\u00e1stico o resina, se recomienda probar una peque\u00f1a pieza durante un per\u00edodo de tiempo m\u00e1s corto para confirmar su resistencia.<\/li>\n<li>Adem\u00e1s, si sus figuras han sido enmasilladas con spray, existe el riesgo de que muestren defectos en el pl\u00e1stico o la resina cuando se elimine la pintura debido a los fuertes propulsores incluidos en los sprays de pintura.<\/li>\n<\/ul>\n<p>En general, GSW Paint Remover es un producto confiable y efectivo perfecto para cualquiera que necesite eliminar la pintura de miniaturas u otras superficies. Es f\u00e1cil de usar y le ayudar\u00e1 a obtener los mejores resultados con un esfuerzo m\u00ednimo.<\/p>\n","protected":false},"excerpt":{"rendered":"<p>Decapante de Pintura El decapante de pintura\u00a0es un producto poderoso y efectivo capaz de eliminar pinturas a base de acr\u00edlico, esmalte y laca de una variedad de superficies, incluyendo pl\u00e1stico, resina y miniaturas de metal. Este removedor de pintura es completamente seguro para su uso en miniaturas y no da\u00f1ar\u00e1 ni debilitar\u00e1 el material, si [&hellip;]<\/p>\n","protected":false},"featured_media":66028,"template":"","meta":{"_acf_changed":false},"product_brand":[],"product_cat":[1401,1180],"product_tag":[],"class_list":{"0":"post-66037","1":"product","2":"type-product","3":"status-publish","4":"has-post-thumbnail","6":"product_cat-pintura-y-modelismo","7":"product_cat-retail-products-es","9":"first","10":"instock","11":"sale","12":"taxable","13":"shipping-taxable","14":"purchasable","15":"product-type-simple"},"exclude_global_add_ons":[],"addons":[],"acf":[],"_links":{"self":[{"href":"https:\/\/www.customeeple.com\/es\/wp-json\/wp\/v2\/product\/66037","targetHints":{"allow":["GET"]}}],"collection":[{"href":"https:\/\/www.customeeple.com\/es\/wp-json\/wp\/v2\/product"}],"about":[{"href":"https:\/\/www.customeeple.com\/es\/wp-json\/wp\/v2\/types\/product"}],"wp:featuredmedia":[{"embeddable":true,"href":"https:\/\/www.customeeple.com\/es\/wp-json\/wp\/v2\/media\/66028"}],"wp:attachment":[{"href":"https:\/\/www.customeeple.com\/es\/wp-json\/wp\/v2\/media?parent=66037"}],"wp:term":[{"taxonomy":"product_brand","embeddable":true,"href":"https:\/\/www.customeeple.com\/es\/wp-json\/wp\/v2\/product_brand?post=66037"},{"taxonomy":"product_cat","embeddable":true,"href":"https:\/\/www.customeeple.com\/es\/wp-json\/wp\/v2\/product_cat?post=66037"},{"taxonomy":"product_tag","embeddable":true,"href":"https:\/\/www.customeeple.com\/es\/wp-json\/wp\/v2\/product_tag?post=66037"}],"curies":[{"name":"wp","href":"https:\/\/api.w.org\/{rel}","templated":true}]}}