{"id":66024,"date":"2022-12-23T21:06:32","date_gmt":"2022-12-23T20:06:32","guid":{"rendered":"https:\/\/www.customeeple.com\/product\/sleeping-gods\/"},"modified":"2026-01-06T14:52:16","modified_gmt":"2026-01-06T13:52:16","slug":"sleeping-gods","status":"publish","type":"product","link":"https:\/\/www.customeeple.com\/es\/producto\/sleeping-gods\/","title":{"rendered":"Sleeping Gods (SPA)"},"content":{"rendered":"<p>En 1929, el vapor The Manticore se dirig\u00eda a la ciudad de Nueva York cuando fue golpeado por una terrible tormenta. Cuando pas\u00f3 la tormenta, la tripulaci\u00f3n se encontr\u00f3 perdida en mares extra\u00f1os con estrellas desconocidas en lo alto. Toma el control de la tripulaci\u00f3n, solo o con amigos, y explora un mundo abierto con un atlas, m\u00e1s de 400 cartas \u00fanicas y un libro de cuentos con miles de opciones posibles en tu b\u00fasqueda para encontrar suficientes t\u00f3tems para despertar a los dioses para que te env\u00eden a casa.<\/p>\n<p><strong><a class=\"btn btn-default\" href=\"https:\/\/boardgamegeek.com\/boardgame\/255984\/sleeping-gods\" target=\"_blank\" rel=\"noreferrer noopener\">ENLACE A LA BGG<\/a><\/strong><\/p>\n","protected":false},"excerpt":{"rendered":"<p>En 1929, el vapor The Manticore se dirig\u00eda a la ciudad de Nueva York cuando fue golpeado por una terrible tormenta. Cuando pas\u00f3 la tormenta, la tripulaci\u00f3n se encontr\u00f3 perdida en mares extra\u00f1os con estrellas desconocidas en lo alto. Toma el control de la tripulaci\u00f3n, solo o con amigos, y explora un mundo abierto con [&hellip;]<\/p>\n","protected":false},"featured_media":66016,"template":"","meta":{"_acf_changed":false},"product_brand":[],"product_cat":[2003,1653,1180],"product_tag":[],"class_list":{"0":"post-66024","1":"product","2":"type-product","3":"status-publish","4":"has-post-thumbnail","6":"product_cat-cooperative-es","7":"product_cat-boardgames","8":"product_cat-retail-products-es","10":"first","11":"outofstock","12":"sale","13":"taxable","14":"shipping-taxable","15":"purchasable","16":"product-type-simple"},"exclude_global_add_ons":[],"addons":[],"acf":[],"_links":{"self":[{"href":"https:\/\/www.customeeple.com\/es\/wp-json\/wp\/v2\/product\/66024","targetHints":{"allow":["GET"]}}],"collection":[{"href":"https:\/\/www.customeeple.com\/es\/wp-json\/wp\/v2\/product"}],"about":[{"href":"https:\/\/www.customeeple.com\/es\/wp-json\/wp\/v2\/types\/product"}],"wp:featuredmedia":[{"embeddable":true,"href":"https:\/\/www.customeeple.com\/es\/wp-json\/wp\/v2\/media\/66016"}],"wp:attachment":[{"href":"https:\/\/www.customeeple.com\/es\/wp-json\/wp\/v2\/media?parent=66024"}],"wp:term":[{"taxonomy":"product_brand","embeddable":true,"href":"https:\/\/www.customeeple.com\/es\/wp-json\/wp\/v2\/product_brand?post=66024"},{"taxonomy":"product_cat","embeddable":true,"href":"https:\/\/www.customeeple.com\/es\/wp-json\/wp\/v2\/product_cat?post=66024"},{"taxonomy":"product_tag","embeddable":true,"href":"https:\/\/www.customeeple.com\/es\/wp-json\/wp\/v2\/product_tag?post=66024"}],"curies":[{"name":"wp","href":"https:\/\/api.w.org\/{rel}","templated":true}]}}