{"id":66023,"date":"2022-12-23T21:06:22","date_gmt":"2022-12-23T20:06:22","guid":{"rendered":"https:\/\/www.customeeple.com\/product\/infranqueable\/"},"modified":"2022-12-23T21:06:22","modified_gmt":"2022-12-23T20:06:22","slug":"infranqueable","status":"publish","type":"product","link":"https:\/\/www.customeeple.com\/es\/producto\/infranqueable\/","title":{"rendered":"Infranqueable (SPA)"},"content":{"rendered":"<p>Has escalado las monta\u00f1as m\u00e1s poderosas, pero a\u00fan queda un imponente tit\u00e1n que se te resiste, la monta\u00f1a donde todo puede pasar. All\u00ed arriba, los caminos se retuercen y cambian a medida que subes, dejando varados a los desprevenidos y confundiendo a los confiados. \u00bfTienes lo que se necesita para conquistar este peligroso pico?<\/p>\n<p>Infranqueable es un nuevo juego en solitario de Scott Almes que se une a nuestra l\u00ednea \u00abSimply solo\u00bb donde deber\u00e1s coronar la cima de una monta\u00f1a construyendo una ruta desde la base hasta el pico. Para conseguirlo, deber\u00e1s gestionar con maestr\u00eda las cartas del campamento base.<\/p>\n<p>El objetivo del juego es crear una monta\u00f1a de forma triangular con las cartas y formar un camino continuo que empiece en el borde inferior de una de las 4 cartas que conforman la base de la Monta\u00f1a y que termine en el centro de la \u00fanica carta de la fila superior que representa el Pico.<\/p>\n<p>En cada turno usar\u00e1s una carta de Campamento Base. Puedes a\u00f1adir la Primera Carta a la Monta\u00f1a, o descartar cualquier otra carta del Campamento Base para usar su habilidad.<\/p>\n<p>Si has completado tu Monta\u00f1a sin ning\u00fan espacio y con un camino continuo que conecte el centro de la carta del Pico con el borde inferior de una carta de la falda de la Monta\u00f1a, ganas la partida.<\/p>\n<p>El juego incluye dos expansiones: Doble pico y El gran ascenso. combinables entre s\u00ed.<\/p>\n<p>En Doble Pico tendremos 2 cartas nuevas y crearemos una monta\u00f1a con una base m\u00e1s grande y doble pico.<\/p>\n<p>El Gran Ascenso trae 6 cartas nuevas de monta\u00f1a y nuestra monta\u00f1a ser\u00e1 m\u00e1s alta al tener 5 filas de cartas.<\/p>\n","protected":false},"excerpt":{"rendered":"<p>Has escalado las monta\u00f1as m\u00e1s poderosas, pero a\u00fan queda un imponente tit\u00e1n que se te resiste, la monta\u00f1a donde todo puede pasar. All\u00ed arriba, los caminos se retuercen y cambian a medida que subes, dejando varados a los desprevenidos y confundiendo a los confiados. \u00bfTienes lo que se necesita para conquistar este peligroso pico? Infranqueable [&hellip;]<\/p>\n","protected":false},"featured_media":66018,"template":"","meta":{"_acf_changed":false},"product_brand":[],"product_cat":[1557,1653,1180],"product_tag":[],"class_list":{"0":"post-66023","1":"product","2":"type-product","3":"status-publish","4":"has-post-thumbnail","6":"product_cat-card-game-es","7":"product_cat-boardgames","8":"product_cat-retail-products-es","10":"first","11":"onbackorder","12":"sale","13":"taxable","14":"shipping-taxable","15":"purchasable","16":"product-type-simple"},"exclude_global_add_ons":[],"addons":[],"acf":[],"_links":{"self":[{"href":"https:\/\/www.customeeple.com\/es\/wp-json\/wp\/v2\/product\/66023","targetHints":{"allow":["GET"]}}],"collection":[{"href":"https:\/\/www.customeeple.com\/es\/wp-json\/wp\/v2\/product"}],"about":[{"href":"https:\/\/www.customeeple.com\/es\/wp-json\/wp\/v2\/types\/product"}],"wp:featuredmedia":[{"embeddable":true,"href":"https:\/\/www.customeeple.com\/es\/wp-json\/wp\/v2\/media\/66018"}],"wp:attachment":[{"href":"https:\/\/www.customeeple.com\/es\/wp-json\/wp\/v2\/media?parent=66023"}],"wp:term":[{"taxonomy":"product_brand","embeddable":true,"href":"https:\/\/www.customeeple.com\/es\/wp-json\/wp\/v2\/product_brand?post=66023"},{"taxonomy":"product_cat","embeddable":true,"href":"https:\/\/www.customeeple.com\/es\/wp-json\/wp\/v2\/product_cat?post=66023"},{"taxonomy":"product_tag","embeddable":true,"href":"https:\/\/www.customeeple.com\/es\/wp-json\/wp\/v2\/product_tag?post=66023"}],"curies":[{"name":"wp","href":"https:\/\/api.w.org\/{rel}","templated":true}]}}