{"id":66021,"date":"2022-12-23T21:06:00","date_gmt":"2022-12-23T20:06:00","guid":{"rendered":"https:\/\/www.customeeple.com\/product\/licantropo\/"},"modified":"2022-12-23T21:06:00","modified_gmt":"2022-12-23T20:06:00","slug":"licantropo","status":"publish","type":"product","link":"https:\/\/www.customeeple.com\/es\/producto\/licantropo\/","title":{"rendered":"Licantropo (SPA)"},"content":{"rendered":"<p>Escoged con cu\u00e1les de las 16 cartas de rol quer\u00e9is jugar. Cada jugador recibe una carta de rol que interpretar\u00e1 en secreto. Una partida dura siempre 1 noche y 1 d\u00eda: al final del d\u00eda, todos los jugadores votan para indicar qui\u00e9n podr\u00eda ser un Lic\u00e1ntropo. El jugador que reciba m\u00e1s votos queda \u00abeliminado\u00bb, \u00a1y su bando pierde!<\/p>\n","protected":false},"excerpt":{"rendered":"<p>Escoged con cu\u00e1les de las 16 cartas de rol quer\u00e9is jugar. Cada jugador recibe una carta de rol que interpretar\u00e1 en secreto. Una partida dura siempre 1 noche y 1 d\u00eda: al final del d\u00eda, todos los jugadores votan para indicar qui\u00e9n podr\u00eda ser un Lic\u00e1ntropo. El jugador que reciba m\u00e1s votos queda \u00abeliminado\u00bb, \u00a1y [&hellip;]<\/p>\n","protected":false},"featured_media":66010,"template":"","meta":{"_acf_changed":false},"product_brand":[],"product_cat":[1557,1653,1180],"product_tag":[],"class_list":{"0":"post-66021","1":"product","2":"type-product","3":"status-publish","4":"has-post-thumbnail","6":"product_cat-card-game-es","7":"product_cat-boardgames","8":"product_cat-retail-products-es","10":"first","11":"instock","12":"sale","13":"taxable","14":"shipping-taxable","15":"purchasable","16":"product-type-simple"},"exclude_global_add_ons":[],"addons":[],"acf":[],"_links":{"self":[{"href":"https:\/\/www.customeeple.com\/es\/wp-json\/wp\/v2\/product\/66021","targetHints":{"allow":["GET"]}}],"collection":[{"href":"https:\/\/www.customeeple.com\/es\/wp-json\/wp\/v2\/product"}],"about":[{"href":"https:\/\/www.customeeple.com\/es\/wp-json\/wp\/v2\/types\/product"}],"wp:featuredmedia":[{"embeddable":true,"href":"https:\/\/www.customeeple.com\/es\/wp-json\/wp\/v2\/media\/66010"}],"wp:attachment":[{"href":"https:\/\/www.customeeple.com\/es\/wp-json\/wp\/v2\/media?parent=66021"}],"wp:term":[{"taxonomy":"product_brand","embeddable":true,"href":"https:\/\/www.customeeple.com\/es\/wp-json\/wp\/v2\/product_brand?post=66021"},{"taxonomy":"product_cat","embeddable":true,"href":"https:\/\/www.customeeple.com\/es\/wp-json\/wp\/v2\/product_cat?post=66021"},{"taxonomy":"product_tag","embeddable":true,"href":"https:\/\/www.customeeple.com\/es\/wp-json\/wp\/v2\/product_tag?post=66021"}],"curies":[{"name":"wp","href":"https:\/\/api.w.org\/{rel}","templated":true}]}}