{"id":66007,"date":"2022-12-23T21:05:08","date_gmt":"2022-12-23T20:05:08","guid":{"rendered":"https:\/\/www.customeeple.com\/product\/self-adhesive-magnetic-bases-round-40mm\/"},"modified":"2023-09-24T09:46:10","modified_gmt":"2023-09-24T08:46:10","slug":"self-adhesive-magnetic-bases-round-40mm","status":"publish","type":"product","link":"https:\/\/www.customeeple.com\/es\/producto\/self-adhesive-magnetic-bases-round-40mm\/","title":{"rendered":"IMANES Precortados &#8211; Redondos 40mm"},"content":{"rendered":"<p><strong>Imanes precortados<\/strong><\/p>\n<p>Las l\u00e1minas magn\u00e9ticas flexibles autoadhesivas te proporcionan una forma r\u00e1pida y sencilla de imantar tus unidades de juego sin necesidad de taladrar bases o pegar imanes. Las formas cuadradas, rectangulares, redondas y ovaladas m\u00e1s comunes est\u00e1n disponibles en una variedad de tama\u00f1os, pero tambi\u00e9n como hojas completas para ser cortadas a conveniencia con tijeras o un cuchillo de modelismo.<\/p>\n<p>Util\u00edzalas solas, junto con nuestras l\u00e1minas de acero para caucho, o junto con nuestros imanes de neodimio, seg\u00fan la fuerza de atracci\u00f3n que necesites. El uso de figuras con base magn\u00e9tica permite colocar grandes unidades sobre el tablero en sus bandejas de movimiento como un solo elemento. Esto elimina el tiempo dedicado a mover las figuras una a una por la mesa. Incluso si las bandejas se golpean o vuelcan, tienes muchas posibilidades de que tus figuras permanezcan unidas y sin da\u00f1os. La aplicaci\u00f3n es muy sencilla. Basta con quitar el papel protector de la parte inferior de la l\u00e1mina magn\u00e9tica y pegarlo en la parte inferior de las bases.<\/p>\n<p>El grosor de las pegatinas es de 0,9 mm.<\/p>\n","protected":false},"excerpt":{"rendered":"<p>Imanes precortados Las l\u00e1minas magn\u00e9ticas flexibles autoadhesivas te proporcionan una forma r\u00e1pida y sencilla de imantar tus unidades de juego sin necesidad de taladrar bases o pegar imanes. Las formas cuadradas, rectangulares, redondas y ovaladas m\u00e1s comunes est\u00e1n disponibles en una variedad de tama\u00f1os, pero tambi\u00e9n como hojas completas para ser cortadas a conveniencia con [&hellip;]<\/p>\n","protected":false},"featured_media":66005,"template":"","meta":{"_acf_changed":false},"product_brand":[],"product_cat":[1401,1180],"product_tag":[],"class_list":{"0":"post-66007","1":"product","2":"type-product","3":"status-publish","4":"has-post-thumbnail","6":"product_cat-pintura-y-modelismo","7":"product_cat-retail-products-es","9":"first","10":"instock","11":"sale","12":"taxable","13":"shipping-taxable","14":"purchasable","15":"product-type-simple"},"exclude_global_add_ons":[],"addons":[],"acf":[],"_links":{"self":[{"href":"https:\/\/www.customeeple.com\/es\/wp-json\/wp\/v2\/product\/66007","targetHints":{"allow":["GET"]}}],"collection":[{"href":"https:\/\/www.customeeple.com\/es\/wp-json\/wp\/v2\/product"}],"about":[{"href":"https:\/\/www.customeeple.com\/es\/wp-json\/wp\/v2\/types\/product"}],"wp:featuredmedia":[{"embeddable":true,"href":"https:\/\/www.customeeple.com\/es\/wp-json\/wp\/v2\/media\/66005"}],"wp:attachment":[{"href":"https:\/\/www.customeeple.com\/es\/wp-json\/wp\/v2\/media?parent=66007"}],"wp:term":[{"taxonomy":"product_brand","embeddable":true,"href":"https:\/\/www.customeeple.com\/es\/wp-json\/wp\/v2\/product_brand?post=66007"},{"taxonomy":"product_cat","embeddable":true,"href":"https:\/\/www.customeeple.com\/es\/wp-json\/wp\/v2\/product_cat?post=66007"},{"taxonomy":"product_tag","embeddable":true,"href":"https:\/\/www.customeeple.com\/es\/wp-json\/wp\/v2\/product_tag?post=66007"}],"curies":[{"name":"wp","href":"https:\/\/api.w.org\/{rel}","templated":true}]}}