{"id":65997,"date":"2022-12-23T21:05:48","date_gmt":"2022-12-23T20:05:48","guid":{"rendered":"https:\/\/www.customeeple.com\/product\/underwater-cities\/"},"modified":"2022-12-23T21:05:48","modified_gmt":"2022-12-23T20:05:48","slug":"underwater-cities","status":"publish","type":"product","link":"https:\/\/www.customeeple.com\/es\/producto\/underwater-cities\/","title":{"rendered":"Underwater Cities (SPA)"},"content":{"rendered":"<p>La Tierra est\u00e1 superpoblada. La colonizaci\u00f3n de Marte se encuentra a d\u00e9cadas de ser viable. Solo hay una v\u00eda abierta para la expansi\u00f3n humana: el mundo bajo el mar.<\/p>\n<p>Los jugadores compiten para construir la mejor naci\u00f3n submarina, un archipi\u00e9lago de ciudades bajo el mar conectadas por una red de t\u00faneles de transporte. Las granjas de kelp y las desaladoras proveer\u00e1n a tu pueblo de la comida y el agua. Los laboratorios te dar\u00e1n el conocimiento necesario para dirigirlo todo m\u00e1s eficientemente. Tal vez incluso ser\u00e1s capaz de construir ciudades simbi\u00f3ticas, totalmente integradas en el ecosistema submarino.<\/p>\n<p>Empezando por una sola ciudad, ir\u00e1s expandiendo tu red, conect\u00e1ndola con las metr\u00f3polis costeras. En un tiempo en que el hambre a excedido los l\u00edmites de la agricultura y la escasez de agua pone a prueba los lazos de la Federaci\u00f3n de Naciones, construir\u00e1s una naci\u00f3n autosuficiente, incluso puede que alg\u00fan d\u00eda exportes tus productos a aquellos que se han quedado en tierra.<\/p>\n<p>Esta es tu tarea. Este es tu destino. Las esperanzas del mundo recaen en tus ciudades submarinas.<\/p>\n","protected":false},"excerpt":{"rendered":"<p>La Tierra est\u00e1 superpoblada. La colonizaci\u00f3n de Marte se encuentra a d\u00e9cadas de ser viable. Solo hay una v\u00eda abierta para la expansi\u00f3n humana: el mundo bajo el mar. Los jugadores compiten para construir la mejor naci\u00f3n submarina, un archipi\u00e9lago de ciudades bajo el mar conectadas por una red de t\u00faneles de transporte. Las granjas [&hellip;]<\/p>\n","protected":false},"featured_media":65991,"template":"","meta":{"_acf_changed":false},"product_brand":[],"product_cat":[1653,1180],"product_tag":[],"class_list":{"0":"post-65997","1":"product","2":"type-product","3":"status-publish","4":"has-post-thumbnail","6":"product_cat-boardgames","7":"product_cat-retail-products-es","9":"first","10":"onbackorder","11":"sale","12":"taxable","13":"shipping-taxable","14":"purchasable","15":"product-type-simple"},"exclude_global_add_ons":[],"addons":[],"acf":[],"_links":{"self":[{"href":"https:\/\/www.customeeple.com\/es\/wp-json\/wp\/v2\/product\/65997","targetHints":{"allow":["GET"]}}],"collection":[{"href":"https:\/\/www.customeeple.com\/es\/wp-json\/wp\/v2\/product"}],"about":[{"href":"https:\/\/www.customeeple.com\/es\/wp-json\/wp\/v2\/types\/product"}],"wp:featuredmedia":[{"embeddable":true,"href":"https:\/\/www.customeeple.com\/es\/wp-json\/wp\/v2\/media\/65991"}],"wp:attachment":[{"href":"https:\/\/www.customeeple.com\/es\/wp-json\/wp\/v2\/media?parent=65997"}],"wp:term":[{"taxonomy":"product_brand","embeddable":true,"href":"https:\/\/www.customeeple.com\/es\/wp-json\/wp\/v2\/product_brand?post=65997"},{"taxonomy":"product_cat","embeddable":true,"href":"https:\/\/www.customeeple.com\/es\/wp-json\/wp\/v2\/product_cat?post=65997"},{"taxonomy":"product_tag","embeddable":true,"href":"https:\/\/www.customeeple.com\/es\/wp-json\/wp\/v2\/product_tag?post=65997"}],"curies":[{"name":"wp","href":"https:\/\/api.w.org\/{rel}","templated":true}]}}