{"id":65989,"date":"2022-12-23T20:51:43","date_gmt":"2022-12-23T19:51:43","guid":{"rendered":"https:\/\/www.customeeple.com\/product\/letra-a-letra\/"},"modified":"2023-12-04T12:32:45","modified_gmt":"2023-12-04T11:32:45","slug":"letra-a-letra","status":"publish","type":"product","link":"https:\/\/www.customeeple.com\/es\/producto\/letra-a-letra\/","title":{"rendered":"Letra a letra (SPA)"},"content":{"rendered":"<p>Una carrera para desenredar palabras<\/p>\n<div class=\"entry-content\">\n<div class=\"product-description\">\u00bfQui\u00e9n dir\u00eda que colocar una palabra, letra por letra, en c\u00edrculo la har\u00eda tan dif\u00edcil de leer? S\u00e9 el primero en descifrarlo y di la palabra en cada carta para ganarla. El que m\u00e1s cartas consiga ser\u00e1 el ganador. \u00a1Un divertido y r\u00e1pido juego de cartas que ser\u00e1 el alma de cualquier fiesta!<\/div>\n<\/div>\n","protected":false},"excerpt":{"rendered":"<p>Una carrera para desenredar palabras \u00bfQui\u00e9n dir\u00eda que colocar una palabra, letra por letra, en c\u00edrculo la har\u00eda tan dif\u00edcil de leer? S\u00e9 el primero en descifrarlo y di la palabra en cada carta para ganarla. El que m\u00e1s cartas consiga ser\u00e1 el ganador. \u00a1Un divertido y r\u00e1pido juego de cartas que ser\u00e1 el alma [&hellip;]<\/p>\n","protected":false},"featured_media":65987,"template":"","meta":{"_acf_changed":false},"product_brand":[],"product_cat":[1653,1180],"product_tag":[],"class_list":{"0":"post-65989","1":"product","2":"type-product","3":"status-publish","4":"has-post-thumbnail","6":"product_cat-boardgames","7":"product_cat-retail-products-es","9":"first","10":"instock","11":"sale","12":"taxable","13":"shipping-taxable","14":"purchasable","15":"product-type-simple"},"exclude_global_add_ons":[],"addons":[],"acf":[],"_links":{"self":[{"href":"https:\/\/www.customeeple.com\/es\/wp-json\/wp\/v2\/product\/65989","targetHints":{"allow":["GET"]}}],"collection":[{"href":"https:\/\/www.customeeple.com\/es\/wp-json\/wp\/v2\/product"}],"about":[{"href":"https:\/\/www.customeeple.com\/es\/wp-json\/wp\/v2\/types\/product"}],"wp:featuredmedia":[{"embeddable":true,"href":"https:\/\/www.customeeple.com\/es\/wp-json\/wp\/v2\/media\/65987"}],"wp:attachment":[{"href":"https:\/\/www.customeeple.com\/es\/wp-json\/wp\/v2\/media?parent=65989"}],"wp:term":[{"taxonomy":"product_brand","embeddable":true,"href":"https:\/\/www.customeeple.com\/es\/wp-json\/wp\/v2\/product_brand?post=65989"},{"taxonomy":"product_cat","embeddable":true,"href":"https:\/\/www.customeeple.com\/es\/wp-json\/wp\/v2\/product_cat?post=65989"},{"taxonomy":"product_tag","embeddable":true,"href":"https:\/\/www.customeeple.com\/es\/wp-json\/wp\/v2\/product_tag?post=65989"}],"curies":[{"name":"wp","href":"https:\/\/api.w.org\/{rel}","templated":true}]}}